{"id":14363,"date":"2023-12-19T16:44:38","date_gmt":"2023-12-19T15:44:38","guid":{"rendered":"https:\/\/geabarcelona.com\/producto\/amatista-caja-aura-titaneo-rainbow-2\/"},"modified":"2025-11-20T08:45:26","modified_gmt":"2025-11-20T07:45:26","slug":"amatista-caja-aura-titaneo-rainbow-2","status":"publish","type":"product","link":"https:\/\/geabarcelona.com\/de\/producto\/amatista-caja-aura-titaneo-rainbow-2\/","title":{"rendered":"AMETHYST BOX AURA TITANIUM (REGENBOGEN)"},"content":{"rendered":"<p>Selecci\u00f3n de piezas de amatista natural tratadas con aura de titanio que exhiben un vibrante brillo iridiscente en tonos arco\u00edris. Combinan la belleza del cristal con una energ\u00eda renovadora y protectora. Ideales para decoraci\u00f3n, colecci\u00f3n o terapias energ\u00e9ticas enfocadas en la vitalidad y la armonizaci\u00f3n de los chakras.<br \/>\n Verkauf pro kg.<br \/>\n<div style=\"width: 800px;\" class=\"wp-video\"><video class=\"wp-video-shortcode\" id=\"video-14363-1\" width=\"800\" height=\"800\" preload=\"metadata\" controls=\"controls\"><source type=\"video\/mp4\" src=\"https:\/\/geabarcelona.com\/wp-content\/uploads\/2023\/12\/img-2087-ve1gbqyc_4wf01f0F.mp4?_=1\" \/><a href=\"https:\/\/geabarcelona.com\/wp-content\/uploads\/2023\/12\/img-2087-ve1gbqyc_4wf01f0F.mp4\">https:\/\/geabarcelona.com\/wp-content\/uploads\/2023\/12\/img-2087-ve1gbqyc_4wf01f0F.mp4<\/a><\/video><\/div>\u00ab<\/p>","protected":false},"excerpt":{"rendered":"<p>Caja de amatista con aura de titanio (Rainbow) \/ 15-30cm<\/p>","protected":false},"featured_media":18494,"template":"","meta":[],"product_brand":[],"product_cat":[139,153,151],"product_tag":[245],"class_list":{"0":"post-14363","1":"product","2":"type-product","3":"status-publish","4":"has-post-thumbnail","6":"product_cat-brasil","7":"product_cat-catalogo","8":"product_cat-packs-cajas","9":"product_tag-amatista","11":"first","12":"instock","13":"taxable","14":"shipping-taxable","15":"purchasable","16":"product-type-simple"},"_links":{"self":[{"href":"https:\/\/geabarcelona.com\/de\/wp-json\/wp\/v2\/product\/14363","targetHints":{"allow":["GET"]}}],"collection":[{"href":"https:\/\/geabarcelona.com\/de\/wp-json\/wp\/v2\/product"}],"about":[{"href":"https:\/\/geabarcelona.com\/de\/wp-json\/wp\/v2\/types\/product"}],"version-history":[{"count":2,"href":"https:\/\/geabarcelona.com\/de\/wp-json\/wp\/v2\/product\/14363\/revisions"}],"predecessor-version":[{"id":19070,"href":"https:\/\/geabarcelona.com\/de\/wp-json\/wp\/v2\/product\/14363\/revisions\/19070"}],"wp:featuredmedia":[{"embeddable":true,"href":"https:\/\/geabarcelona.com\/de\/wp-json\/wp\/v2\/media\/18494"}],"wp:attachment":[{"href":"https:\/\/geabarcelona.com\/de\/wp-json\/wp\/v2\/media?parent=14363"}],"wp:term":[{"taxonomy":"product_brand","embeddable":true,"href":"https:\/\/geabarcelona.com\/de\/wp-json\/wp\/v2\/product_brand?post=14363"},{"taxonomy":"product_cat","embeddable":true,"href":"https:\/\/geabarcelona.com\/de\/wp-json\/wp\/v2\/product_cat?post=14363"},{"taxonomy":"product_tag","embeddable":true,"href":"https:\/\/geabarcelona.com\/de\/wp-json\/wp\/v2\/product_tag?post=14363"}],"curies":[{"name":"wp","href":"https:\/\/api.w.org\/{rel}","templated":true}]}}