{"id":14403,"date":"2023-12-19T16:44:45","date_gmt":"2023-12-19T15:44:45","guid":{"rendered":"https:\/\/geabarcelona.com\/producto\/amatista-cut-base-pulida-aaa-2\/"},"modified":"2025-06-19T08:43:53","modified_gmt":"2025-06-19T06:43:53","slug":"amatista-cut-base-pulida-aaa-2","status":"publish","type":"product","link":"https:\/\/geabarcelona.com\/de\/producto\/amatista-cut-base-pulida-aaa-2\/","title":{"rendered":"AMATISTA CUT BASE PULIDA AAA"},"content":{"rendered":"<p>Pieza de amatista m\u00e1xima calidad con una base cuidadosamente cortada y pulida. Su dise\u00f1o resalta las facetas naturales, mostrando colores y reflejos \u00fanicos del mineral.<br \/>\nVerkauf pro kg.<\/p>","protected":false},"excerpt":{"rendered":"<p>Amatista con base pulida calidad AAA \/ 10-20cm<\/p>","protected":false},"featured_media":13359,"template":"","meta":[],"product_brand":[],"product_cat":[140],"product_tag":[245],"class_list":{"0":"post-14403","1":"product","2":"type-product","3":"status-publish","4":"has-post-thumbnail","6":"product_cat-uruguay","7":"product_tag-amatista","9":"first","10":"instock","11":"taxable","12":"shipping-taxable","13":"purchasable","14":"product-type-simple"},"_links":{"self":[{"href":"https:\/\/geabarcelona.com\/de\/wp-json\/wp\/v2\/product\/14403","targetHints":{"allow":["GET"]}}],"collection":[{"href":"https:\/\/geabarcelona.com\/de\/wp-json\/wp\/v2\/product"}],"about":[{"href":"https:\/\/geabarcelona.com\/de\/wp-json\/wp\/v2\/types\/product"}],"version-history":[{"count":2,"href":"https:\/\/geabarcelona.com\/de\/wp-json\/wp\/v2\/product\/14403\/revisions"}],"predecessor-version":[{"id":18262,"href":"https:\/\/geabarcelona.com\/de\/wp-json\/wp\/v2\/product\/14403\/revisions\/18262"}],"wp:featuredmedia":[{"embeddable":true,"href":"https:\/\/geabarcelona.com\/de\/wp-json\/wp\/v2\/media\/13359"}],"wp:attachment":[{"href":"https:\/\/geabarcelona.com\/de\/wp-json\/wp\/v2\/media?parent=14403"}],"wp:term":[{"taxonomy":"product_brand","embeddable":true,"href":"https:\/\/geabarcelona.com\/de\/wp-json\/wp\/v2\/product_brand?post=14403"},{"taxonomy":"product_cat","embeddable":true,"href":"https:\/\/geabarcelona.com\/de\/wp-json\/wp\/v2\/product_cat?post=14403"},{"taxonomy":"product_tag","embeddable":true,"href":"https:\/\/geabarcelona.com\/de\/wp-json\/wp\/v2\/product_tag?post=14403"}],"curies":[{"name":"wp","href":"https:\/\/api.w.org\/{rel}","templated":true}]}}