{"id":14423,"date":"2023-12-19T16:44:48","date_gmt":"2023-12-19T15:44:48","guid":{"rendered":"https:\/\/geabarcelona.com\/producto\/amatista-formato-huevos-2\/"},"modified":"2025-06-19T08:43:50","modified_gmt":"2025-06-19T06:43:50","slug":"amatista-formato-huevos-2","status":"publish","type":"product","link":"https:\/\/geabarcelona.com\/de\/producto\/amatista-formato-huevos-2\/","title":{"rendered":"AMATISTA FORMATO HUEVOS"},"content":{"rendered":"<p>Amatista pulida en forma de huevo, con su caracter\u00edstico color violeta y brillo natural. Cada pieza es \u00fanica y perfecta para decoraci\u00f3n, colecci\u00f3n o uso en terapias energ\u00e9ticas.<br \/>\nVerkauf pro kg.<\/p>","protected":false},"excerpt":{"rendered":"<p>Amatista en formato de huevos \/ 6-12cm<\/p>","protected":false},"featured_media":18018,"template":"","meta":[],"product_brand":[],"product_cat":[148,147,140],"product_tag":[245],"class_list":{"0":"post-14423","1":"product","2":"type-product","3":"status-publish","4":"has-post-thumbnail","6":"product_cat-pulido-formas","7":"product_cat-terapias-hogar","8":"product_cat-uruguay","9":"product_tag-amatista","11":"first","12":"instock","13":"taxable","14":"shipping-taxable","15":"purchasable","16":"product-type-simple"},"_links":{"self":[{"href":"https:\/\/geabarcelona.com\/de\/wp-json\/wp\/v2\/product\/14423","targetHints":{"allow":["GET"]}}],"collection":[{"href":"https:\/\/geabarcelona.com\/de\/wp-json\/wp\/v2\/product"}],"about":[{"href":"https:\/\/geabarcelona.com\/de\/wp-json\/wp\/v2\/types\/product"}],"version-history":[{"count":2,"href":"https:\/\/geabarcelona.com\/de\/wp-json\/wp\/v2\/product\/14423\/revisions"}],"predecessor-version":[{"id":18224,"href":"https:\/\/geabarcelona.com\/de\/wp-json\/wp\/v2\/product\/14423\/revisions\/18224"}],"wp:featuredmedia":[{"embeddable":true,"href":"https:\/\/geabarcelona.com\/de\/wp-json\/wp\/v2\/media\/18018"}],"wp:attachment":[{"href":"https:\/\/geabarcelona.com\/de\/wp-json\/wp\/v2\/media?parent=14423"}],"wp:term":[{"taxonomy":"product_brand","embeddable":true,"href":"https:\/\/geabarcelona.com\/de\/wp-json\/wp\/v2\/product_brand?post=14423"},{"taxonomy":"product_cat","embeddable":true,"href":"https:\/\/geabarcelona.com\/de\/wp-json\/wp\/v2\/product_cat?post=14423"},{"taxonomy":"product_tag","embeddable":true,"href":"https:\/\/geabarcelona.com\/de\/wp-json\/wp\/v2\/product_tag?post=14423"}],"curies":[{"name":"wp","href":"https:\/\/api.w.org\/{rel}","templated":true}]}}