{"id":14433,"date":"2023-12-19T16:44:50","date_gmt":"2023-12-19T15:44:50","guid":{"rendered":"https:\/\/geabarcelona.com\/producto\/agata-lampara-30x12-unidad\/"},"modified":"2025-12-10T18:02:23","modified_gmt":"2025-12-10T17:02:23","slug":"agata-lampara-30x12-unidad","status":"publish","type":"product","link":"https:\/\/geabarcelona.com\/de\/producto\/agata-lampara-30x12-unidad\/","title":{"rendered":"AGATA LAMPARA 30X12 (UNIDAD)"},"content":{"rendered":"<p>L\u00e1mpara en forma de obelisco tallada en \u00e1gata natural, con dimensiones aproximadas de 30&#215;12. Su estructura transl\u00facida y las vetas caracter\u00edsticas del mineral permiten una iluminaci\u00f3n suave y c\u00e1lida, creando un ambiente elegante y armonioso. Ideal para decoraci\u00f3n y para aportar energ\u00eda equilibrante y positiva.<br \/>\nEinzelverkauf<\/p>","protected":false},"excerpt":{"rendered":"<p>L\u00e1mpara de agata de 30&#215;12 (unidad) \/ 30cm diametro aprox<\/p>","protected":false},"featured_media":0,"template":"","meta":[],"product_brand":[],"product_cat":[149],"product_tag":[165],"class_list":{"0":"post-14433","1":"product","2":"type-product","3":"status-publish","5":"product_cat-decoracion-lamparas","6":"product_tag-mineral","8":"first","9":"outofstock","10":"taxable","11":"shipping-taxable","12":"purchasable","13":"product-type-simple"},"_links":{"self":[{"href":"https:\/\/geabarcelona.com\/de\/wp-json\/wp\/v2\/product\/14433","targetHints":{"allow":["GET"]}}],"collection":[{"href":"https:\/\/geabarcelona.com\/de\/wp-json\/wp\/v2\/product"}],"about":[{"href":"https:\/\/geabarcelona.com\/de\/wp-json\/wp\/v2\/types\/product"}],"version-history":[{"count":2,"href":"https:\/\/geabarcelona.com\/de\/wp-json\/wp\/v2\/product\/14433\/revisions"}],"predecessor-version":[{"id":18343,"href":"https:\/\/geabarcelona.com\/de\/wp-json\/wp\/v2\/product\/14433\/revisions\/18343"}],"wp:attachment":[{"href":"https:\/\/geabarcelona.com\/de\/wp-json\/wp\/v2\/media?parent=14433"}],"wp:term":[{"taxonomy":"product_brand","embeddable":true,"href":"https:\/\/geabarcelona.com\/de\/wp-json\/wp\/v2\/product_brand?post=14433"},{"taxonomy":"product_cat","embeddable":true,"href":"https:\/\/geabarcelona.com\/de\/wp-json\/wp\/v2\/product_cat?post=14433"},{"taxonomy":"product_tag","embeddable":true,"href":"https:\/\/geabarcelona.com\/de\/wp-json\/wp\/v2\/product_tag?post=14433"}],"curies":[{"name":"wp","href":"https:\/\/api.w.org\/{rel}","templated":true}]}}