{"id":14456,"date":"2023-12-19T16:44:55","date_gmt":"2023-12-19T15:44:55","guid":{"rendered":"https:\/\/geabarcelona.com\/producto\/jade-guasha\/"},"modified":"2025-11-20T12:44:58","modified_gmt":"2025-11-20T11:44:58","slug":"jade-guasha","status":"publish","type":"product","link":"https:\/\/geabarcelona.com\/de\/produkt\/jade-guasha\/","title":{"rendered":"JADE GUASHA"},"content":{"rendered":"<p>Frescura y equilibrio para tu piel<br \/>\nElaborada con jade natural, esta guasha estimula la circulaci\u00f3n y reduce la hinchaz\u00f3n, dejando la piel m\u00e1s firme y luminosa. El jade es s\u00edmbolo de equilibrio y vitalidad, ideal para revitalizar el rostro y armonizar la energ\u00eda interior.<br \/>\nEinzelverkauf<\/p>","protected":false},"excerpt":{"rendered":"<p>Guasha de jade \/<\/p>","protected":false},"featured_media":13542,"template":"","meta":[],"product_brand":[],"product_cat":[148,147],"product_tag":[349],"class_list":{"0":"post-14456","1":"product","2":"type-product","3":"status-publish","4":"has-post-thumbnail","6":"product_cat-pulido-formas","7":"product_cat-terapias-hogar","8":"product_tag-jade","10":"first","11":"instock","12":"taxable","13":"shipping-taxable","14":"purchasable","15":"product-type-simple"},"_links":{"self":[{"href":"https:\/\/geabarcelona.com\/de\/wp-json\/wp\/v2\/product\/14456","targetHints":{"allow":["GET"]}}],"collection":[{"href":"https:\/\/geabarcelona.com\/de\/wp-json\/wp\/v2\/product"}],"about":[{"href":"https:\/\/geabarcelona.com\/de\/wp-json\/wp\/v2\/types\/product"}],"version-history":[{"count":2,"href":"https:\/\/geabarcelona.com\/de\/wp-json\/wp\/v2\/product\/14456\/revisions"}],"predecessor-version":[{"id":18323,"href":"https:\/\/geabarcelona.com\/de\/wp-json\/wp\/v2\/product\/14456\/revisions\/18323"}],"wp:featuredmedia":[{"embeddable":true,"href":"https:\/\/geabarcelona.com\/de\/wp-json\/wp\/v2\/media\/13542"}],"wp:attachment":[{"href":"https:\/\/geabarcelona.com\/de\/wp-json\/wp\/v2\/media?parent=14456"}],"wp:term":[{"taxonomy":"product_brand","embeddable":true,"href":"https:\/\/geabarcelona.com\/de\/wp-json\/wp\/v2\/product_brand?post=14456"},{"taxonomy":"product_cat","embeddable":true,"href":"https:\/\/geabarcelona.com\/de\/wp-json\/wp\/v2\/product_cat?post=14456"},{"taxonomy":"product_tag","embeddable":true,"href":"https:\/\/geabarcelona.com\/de\/wp-json\/wp\/v2\/product_tag?post=14456"}],"curies":[{"name":"wp","href":"https:\/\/api.w.org\/{rel}","templated":true}]}}