{"id":14464,"date":"2023-12-19T16:44:56","date_gmt":"2023-12-19T15:44:56","guid":{"rendered":"https:\/\/geabarcelona.com\/producto\/lampara-pequena-de-selenita-15cm\/"},"modified":"2025-06-19T08:43:58","modified_gmt":"2025-06-19T06:43:58","slug":"lampara-pequena-de-selenita-15cm","status":"publish","type":"product","link":"https:\/\/geabarcelona.com\/de\/produkt\/lampara-pequena-de-selenita-15cm\/","title":{"rendered":"LAMPARA PEQUE\u00d1A DE SELENITA 15CM"},"content":{"rendered":"<p>L\u00e1mpara de selenita natural de tama\u00f1o mediano, con una altura aproximada de 15 cm. Su textura transl\u00facida y acabado suave emiten una luz c\u00e1lida y calmante, perfecta para crear un ambiente relajante y purificador. Ideal para decoraci\u00f3n, meditaci\u00f3n y terapias energ\u00e9ticas.<br \/>\nEinzelverkauf<\/p>","protected":false},"excerpt":{"rendered":"<p>L\u00e1mpara peque\u00f1a selenita 15 cm \/ <\/p>","protected":false},"featured_media":13568,"template":"","meta":[],"product_brand":[],"product_cat":[149,154],"product_tag":[211],"class_list":{"0":"post-14464","1":"product","2":"type-product","3":"status-publish","4":"has-post-thumbnail","6":"product_cat-decoracion-lamparas","7":"product_cat-selenita","8":"product_tag-decoracion","10":"first","11":"outofstock","12":"taxable","13":"shipping-taxable","14":"product-type-simple"},"_links":{"self":[{"href":"https:\/\/geabarcelona.com\/de\/wp-json\/wp\/v2\/product\/14464","targetHints":{"allow":["GET"]}}],"collection":[{"href":"https:\/\/geabarcelona.com\/de\/wp-json\/wp\/v2\/product"}],"about":[{"href":"https:\/\/geabarcelona.com\/de\/wp-json\/wp\/v2\/types\/product"}],"version-history":[{"count":2,"href":"https:\/\/geabarcelona.com\/de\/wp-json\/wp\/v2\/product\/14464\/revisions"}],"predecessor-version":[{"id":18333,"href":"https:\/\/geabarcelona.com\/de\/wp-json\/wp\/v2\/product\/14464\/revisions\/18333"}],"wp:featuredmedia":[{"embeddable":true,"href":"https:\/\/geabarcelona.com\/de\/wp-json\/wp\/v2\/media\/13568"}],"wp:attachment":[{"href":"https:\/\/geabarcelona.com\/de\/wp-json\/wp\/v2\/media?parent=14464"}],"wp:term":[{"taxonomy":"product_brand","embeddable":true,"href":"https:\/\/geabarcelona.com\/de\/wp-json\/wp\/v2\/product_brand?post=14464"},{"taxonomy":"product_cat","embeddable":true,"href":"https:\/\/geabarcelona.com\/de\/wp-json\/wp\/v2\/product_cat?post=14464"},{"taxonomy":"product_tag","embeddable":true,"href":"https:\/\/geabarcelona.com\/de\/wp-json\/wp\/v2\/product_tag?post=14464"}],"curies":[{"name":"wp","href":"https:\/\/api.w.org\/{rel}","templated":true}]}}