{"id":14475,"date":"2023-12-19T16:44:58","date_gmt":"2023-12-19T15:44:58","guid":{"rendered":"https:\/\/geabarcelona.com\/producto\/lampara-piramide-de-sal\/"},"modified":"2025-12-11T11:25:23","modified_gmt":"2025-12-11T10:25:23","slug":"lampara-piramide-de-sal","status":"publish","type":"product","link":"https:\/\/geabarcelona.com\/de\/produkt\/lampara-piramide-de-sal\/","title":{"rendered":"LAMPARA PIRAMIDE DE SAL"},"content":{"rendered":"<p>L\u00e1mpara de sal rosa del Himalaya tallada en forma de pir\u00e1mide. Su luz c\u00e1lida y tenue crea un ambiente relajante y acogedor, ideal para decorar y purificar cualquier espacio. La forma piramidal a\u00f1ade un toque elegante y moderno a la pieza.<br \/>\nEinzelverkauf<\/p>","protected":false},"excerpt":{"rendered":"<p>Pir\u00e1mide de sal \/<\/p>","protected":false},"featured_media":17857,"template":"","meta":[],"product_brand":[],"product_cat":[149,147],"product_tag":[185],"class_list":{"0":"post-14475","1":"product","2":"type-product","3":"status-publish","4":"has-post-thumbnail","6":"product_cat-decoracion-lamparas","7":"product_cat-terapias-hogar","8":"product_tag-lampara","10":"first","11":"instock","12":"taxable","13":"shipping-taxable","14":"purchasable","15":"product-type-simple"},"_links":{"self":[{"href":"https:\/\/geabarcelona.com\/de\/wp-json\/wp\/v2\/product\/14475","targetHints":{"allow":["GET"]}}],"collection":[{"href":"https:\/\/geabarcelona.com\/de\/wp-json\/wp\/v2\/product"}],"about":[{"href":"https:\/\/geabarcelona.com\/de\/wp-json\/wp\/v2\/types\/product"}],"version-history":[{"count":2,"href":"https:\/\/geabarcelona.com\/de\/wp-json\/wp\/v2\/product\/14475\/revisions"}],"predecessor-version":[{"id":18332,"href":"https:\/\/geabarcelona.com\/de\/wp-json\/wp\/v2\/product\/14475\/revisions\/18332"}],"wp:featuredmedia":[{"embeddable":true,"href":"https:\/\/geabarcelona.com\/de\/wp-json\/wp\/v2\/media\/17857"}],"wp:attachment":[{"href":"https:\/\/geabarcelona.com\/de\/wp-json\/wp\/v2\/media?parent=14475"}],"wp:term":[{"taxonomy":"product_brand","embeddable":true,"href":"https:\/\/geabarcelona.com\/de\/wp-json\/wp\/v2\/product_brand?post=14475"},{"taxonomy":"product_cat","embeddable":true,"href":"https:\/\/geabarcelona.com\/de\/wp-json\/wp\/v2\/product_cat?post=14475"},{"taxonomy":"product_tag","embeddable":true,"href":"https:\/\/geabarcelona.com\/de\/wp-json\/wp\/v2\/product_tag?post=14475"}],"curies":[{"name":"wp","href":"https:\/\/api.w.org\/{rel}","templated":true}]}}