{"id":14476,"date":"2023-12-19T16:44:59","date_gmt":"2023-12-19T15:44:59","guid":{"rendered":"https:\/\/geabarcelona.com\/producto\/lampara-escenario-pajaros\/"},"modified":"2025-12-11T11:25:35","modified_gmt":"2025-12-11T10:25:35","slug":"lampara-escenario-pajaros","status":"publish","type":"product","link":"https:\/\/geabarcelona.com\/de\/produkt\/lampara-escenario-pajaros\/","title":{"rendered":"LAMPARA ESCENARIO PAJAROS"},"content":{"rendered":"<p>Esta l\u00e1mpara est\u00e1 tallada con aut\u00e9ntica sal rosa del Himalaya e incorpora el dibujo de pajaros.Su luz c\u00e1lida y suave crea un ambiente natural y sereno, ideal para relajar y purificar cualquier espacio en tu hogar. Medidas: 22 cm de alto x 20 cm de ancho x 10 cm de profundidad. Peso aproximado: 4,5 kg.<br \/>\nEinzelverkauf<\/p>","protected":false},"excerpt":{"rendered":"<p>L\u00e1mpara escenario p\u00e1jaros \/<\/p>","protected":false},"featured_media":17856,"template":"","meta":[],"product_brand":[],"product_cat":[149,147],"product_tag":[185],"class_list":{"0":"post-14476","1":"product","2":"type-product","3":"status-publish","4":"has-post-thumbnail","6":"product_cat-decoracion-lamparas","7":"product_cat-terapias-hogar","8":"product_tag-lampara","10":"first","11":"instock","12":"taxable","13":"shipping-taxable","14":"purchasable","15":"product-type-simple"},"_links":{"self":[{"href":"https:\/\/geabarcelona.com\/de\/wp-json\/wp\/v2\/product\/14476","targetHints":{"allow":["GET"]}}],"collection":[{"href":"https:\/\/geabarcelona.com\/de\/wp-json\/wp\/v2\/product"}],"about":[{"href":"https:\/\/geabarcelona.com\/de\/wp-json\/wp\/v2\/types\/product"}],"version-history":[{"count":2,"href":"https:\/\/geabarcelona.com\/de\/wp-json\/wp\/v2\/product\/14476\/revisions"}],"predecessor-version":[{"id":18350,"href":"https:\/\/geabarcelona.com\/de\/wp-json\/wp\/v2\/product\/14476\/revisions\/18350"}],"wp:featuredmedia":[{"embeddable":true,"href":"https:\/\/geabarcelona.com\/de\/wp-json\/wp\/v2\/media\/17856"}],"wp:attachment":[{"href":"https:\/\/geabarcelona.com\/de\/wp-json\/wp\/v2\/media?parent=14476"}],"wp:term":[{"taxonomy":"product_brand","embeddable":true,"href":"https:\/\/geabarcelona.com\/de\/wp-json\/wp\/v2\/product_brand?post=14476"},{"taxonomy":"product_cat","embeddable":true,"href":"https:\/\/geabarcelona.com\/de\/wp-json\/wp\/v2\/product_cat?post=14476"},{"taxonomy":"product_tag","embeddable":true,"href":"https:\/\/geabarcelona.com\/de\/wp-json\/wp\/v2\/product_tag?post=14476"}],"curies":[{"name":"wp","href":"https:\/\/api.w.org\/{rel}","templated":true}]}}