{"id":14481,"date":"2023-12-19T16:44:59","date_gmt":"2023-12-19T15:44:59","guid":{"rendered":"https:\/\/geabarcelona.com\/producto\/caja-de-taramita\/"},"modified":"2025-12-11T11:40:55","modified_gmt":"2025-12-11T10:40:55","slug":"caja-de-taramita","status":"publish","type":"product","link":"https:\/\/geabarcelona.com\/de\/produkt\/caja-de-taramita\/","title":{"rendered":"CAJA DE TARAMITA"},"content":{"rendered":"<p>Selecci\u00f3n de piezas de taramita natural, conocidas por su brillo met\u00e1lico y estructura cristalina \u00fanica. Estas piezas aportan un toque especial tanto en decoraci\u00f3n como en colecciones, y son valoradas en terapias energ\u00e9ticas por sus propiedades de protecci\u00f3n y conexi\u00f3n espiritual. venta por unidad\u00bb<\/p>","protected":false},"excerpt":{"rendered":"<p>Caja de taramita \/<\/p>","protected":false},"featured_media":18435,"template":"","meta":[],"product_brand":[],"product_cat":[153,151],"product_tag":[353],"class_list":{"0":"post-14481","1":"product","2":"type-product","3":"status-publish","4":"has-post-thumbnail","6":"product_cat-catalogo","7":"product_cat-packs-cajas","8":"product_tag-taramita","10":"first","11":"instock","12":"taxable","13":"shipping-taxable","14":"purchasable","15":"product-type-simple"},"_links":{"self":[{"href":"https:\/\/geabarcelona.com\/de\/wp-json\/wp\/v2\/product\/14481","targetHints":{"allow":["GET"]}}],"collection":[{"href":"https:\/\/geabarcelona.com\/de\/wp-json\/wp\/v2\/product"}],"about":[{"href":"https:\/\/geabarcelona.com\/de\/wp-json\/wp\/v2\/types\/product"}],"version-history":[{"count":3,"href":"https:\/\/geabarcelona.com\/de\/wp-json\/wp\/v2\/product\/14481\/revisions"}],"predecessor-version":[{"id":19108,"href":"https:\/\/geabarcelona.com\/de\/wp-json\/wp\/v2\/product\/14481\/revisions\/19108"}],"wp:featuredmedia":[{"embeddable":true,"href":"https:\/\/geabarcelona.com\/de\/wp-json\/wp\/v2\/media\/18435"}],"wp:attachment":[{"href":"https:\/\/geabarcelona.com\/de\/wp-json\/wp\/v2\/media?parent=14481"}],"wp:term":[{"taxonomy":"product_brand","embeddable":true,"href":"https:\/\/geabarcelona.com\/de\/wp-json\/wp\/v2\/product_brand?post=14481"},{"taxonomy":"product_cat","embeddable":true,"href":"https:\/\/geabarcelona.com\/de\/wp-json\/wp\/v2\/product_cat?post=14481"},{"taxonomy":"product_tag","embeddable":true,"href":"https:\/\/geabarcelona.com\/de\/wp-json\/wp\/v2\/product_tag?post=14481"}],"curies":[{"name":"wp","href":"https:\/\/api.w.org\/{rel}","templated":true}]}}