{"id":14485,"date":"2023-12-19T16:45:00","date_gmt":"2023-12-19T15:45:00","guid":{"rendered":"https:\/\/geabarcelona.com\/producto\/caja-varios-minerales-brasil\/"},"modified":"2025-12-11T11:41:04","modified_gmt":"2025-12-11T10:41:04","slug":"caja-varios-minerales-brasil","status":"publish","type":"product","link":"https:\/\/geabarcelona.com\/de\/producto\/caja-varios-minerales-brasil\/","title":{"rendered":"CAJA VARIOS MINERALES BRASIL"},"content":{"rendered":"<p>Selecci\u00f3n diversa de minerales naturales provenientes de Brasil, que incluyen piezas con variadas texturas, colores y estructuras cristalinas. Ideales para coleccionistas, decoraci\u00f3n o uso energ\u00e9tico, estas piezas representan la riqueza geol\u00f3gica y energ\u00e9tica de la regi\u00f3n. venta por unidad\u00bb<\/p>","protected":false},"excerpt":{"rendered":"<p>Caja varios minerales Brasil \/<\/p>","protected":false},"featured_media":18430,"template":"","meta":[],"product_brand":[],"product_cat":[139,153,151,136],"product_tag":[327],"class_list":{"0":"post-14485","1":"product","2":"type-product","3":"status-publish","4":"has-post-thumbnail","6":"product_cat-brasil","7":"product_cat-catalogo","8":"product_cat-packs-cajas","9":"product_cat-piedras-gemas","10":"product_tag-minerales","12":"first","13":"instock","14":"taxable","15":"shipping-taxable","16":"purchasable","17":"product-type-simple"},"_links":{"self":[{"href":"https:\/\/geabarcelona.com\/de\/wp-json\/wp\/v2\/product\/14485","targetHints":{"allow":["GET"]}}],"collection":[{"href":"https:\/\/geabarcelona.com\/de\/wp-json\/wp\/v2\/product"}],"about":[{"href":"https:\/\/geabarcelona.com\/de\/wp-json\/wp\/v2\/types\/product"}],"version-history":[{"count":3,"href":"https:\/\/geabarcelona.com\/de\/wp-json\/wp\/v2\/product\/14485\/revisions"}],"predecessor-version":[{"id":19109,"href":"https:\/\/geabarcelona.com\/de\/wp-json\/wp\/v2\/product\/14485\/revisions\/19109"}],"wp:featuredmedia":[{"embeddable":true,"href":"https:\/\/geabarcelona.com\/de\/wp-json\/wp\/v2\/media\/18430"}],"wp:attachment":[{"href":"https:\/\/geabarcelona.com\/de\/wp-json\/wp\/v2\/media?parent=14485"}],"wp:term":[{"taxonomy":"product_brand","embeddable":true,"href":"https:\/\/geabarcelona.com\/de\/wp-json\/wp\/v2\/product_brand?post=14485"},{"taxonomy":"product_cat","embeddable":true,"href":"https:\/\/geabarcelona.com\/de\/wp-json\/wp\/v2\/product_cat?post=14485"},{"taxonomy":"product_tag","embeddable":true,"href":"https:\/\/geabarcelona.com\/de\/wp-json\/wp\/v2\/product_tag?post=14485"}],"curies":[{"name":"wp","href":"https:\/\/api.w.org\/{rel}","templated":true}]}}