{"id":15270,"date":"2023-12-22T14:16:43","date_gmt":"2023-12-22T13:16:43","guid":{"rendered":"https:\/\/geabarcelona.com\/producto\/fluorita\/"},"modified":"2025-12-11T11:41:24","modified_gmt":"2025-12-11T10:41:24","slug":"fluorita","status":"publish","type":"product","link":"https:\/\/geabarcelona.com\/de\/producto\/fluorita\/","title":{"rendered":"FLUORIT"},"content":{"rendered":"<p>La fluorita es un mineral de fluoruro de calcio conocido por su amplia variedad de colores, que incluyen verde, p\u00farpura, azul, amarillo y transparente. Se forma en ambientes hidrotermales y en vetas de minerales, con importantes yacimientos en M\u00e9xico, China y Estados Unidos. Espiritualmente, la fluorita es valorada por su capacidad para limpiar y equilibrar energ\u00edas, mejorar la concentraci\u00f3n y estimular la claridad mental.<br \/>\n venta por kg.\u00bb<\/p>","protected":false},"excerpt":{"rendered":"<p>Natural, 3-4cm.<\/p>","protected":false},"featured_media":17911,"template":"","meta":[],"product_brand":[],"product_cat":[153],"product_tag":[306],"class_list":{"0":"post-15270","1":"product","2":"type-product","3":"status-publish","4":"has-post-thumbnail","6":"product_cat-catalogo","7":"product_tag-fluorita","9":"first","10":"instock","11":"taxable","12":"shipping-taxable","13":"purchasable","14":"product-type-simple"},"_links":{"self":[{"href":"https:\/\/geabarcelona.com\/de\/wp-json\/wp\/v2\/product\/15270","targetHints":{"allow":["GET"]}}],"collection":[{"href":"https:\/\/geabarcelona.com\/de\/wp-json\/wp\/v2\/product"}],"about":[{"href":"https:\/\/geabarcelona.com\/de\/wp-json\/wp\/v2\/types\/product"}],"version-history":[{"count":2,"href":"https:\/\/geabarcelona.com\/de\/wp-json\/wp\/v2\/product\/15270\/revisions"}],"predecessor-version":[{"id":19133,"href":"https:\/\/geabarcelona.com\/de\/wp-json\/wp\/v2\/product\/15270\/revisions\/19133"}],"wp:featuredmedia":[{"embeddable":true,"href":"https:\/\/geabarcelona.com\/de\/wp-json\/wp\/v2\/media\/17911"}],"wp:attachment":[{"href":"https:\/\/geabarcelona.com\/de\/wp-json\/wp\/v2\/media?parent=15270"}],"wp:term":[{"taxonomy":"product_brand","embeddable":true,"href":"https:\/\/geabarcelona.com\/de\/wp-json\/wp\/v2\/product_brand?post=15270"},{"taxonomy":"product_cat","embeddable":true,"href":"https:\/\/geabarcelona.com\/de\/wp-json\/wp\/v2\/product_cat?post=15270"},{"taxonomy":"product_tag","embeddable":true,"href":"https:\/\/geabarcelona.com\/de\/wp-json\/wp\/v2\/product_tag?post=15270"}],"curies":[{"name":"wp","href":"https:\/\/api.w.org\/{rel}","templated":true}]}}