{"id":15278,"date":"2023-12-22T14:16:44","date_gmt":"2023-12-22T13:16:44","guid":{"rendered":"https:\/\/geabarcelona.com\/producto\/aragonito-pina\/"},"modified":"2025-12-11T11:41:42","modified_gmt":"2025-12-11T10:41:42","slug":"aragonito-pina","status":"publish","type":"product","link":"https:\/\/geabarcelona.com\/de\/produkt\/aragonito-pina\/","title":{"rendered":"ARAGONITO PI\u00d1A"},"content":{"rendered":"<p>El aragonito pi\u00f1a es una formaci\u00f3n natural de aragonito que se caracteriza por su estructura radial y forma que recuerda a una pi\u00f1a o flor. Su color suele ser blanco, beige o marr\u00f3n claro, y se encuentra en ambientes sedimentarios y cuevas. Espiritualmente, el aragonito es valorado por su capacidad para estabilizar emociones, aportar calma y fortalecer la conexi\u00f3n con la tierra y la paciencia interior. venta por kg.\u00bb<\/p>","protected":false},"excerpt":{"rendered":"<p>Natural, 3-4cm.<\/p>","protected":false},"featured_media":17907,"template":"","meta":[],"product_brand":[],"product_cat":[153],"product_tag":[364],"class_list":{"0":"post-15278","1":"product","2":"type-product","3":"status-publish","4":"has-post-thumbnail","6":"product_cat-catalogo","7":"product_tag-aragonito","9":"first","10":"instock","11":"taxable","12":"shipping-taxable","13":"purchasable","14":"product-type-simple"},"_links":{"self":[{"href":"https:\/\/geabarcelona.com\/de\/wp-json\/wp\/v2\/product\/15278","targetHints":{"allow":["GET"]}}],"collection":[{"href":"https:\/\/geabarcelona.com\/de\/wp-json\/wp\/v2\/product"}],"about":[{"href":"https:\/\/geabarcelona.com\/de\/wp-json\/wp\/v2\/types\/product"}],"version-history":[{"count":2,"href":"https:\/\/geabarcelona.com\/de\/wp-json\/wp\/v2\/product\/15278\/revisions"}],"predecessor-version":[{"id":19138,"href":"https:\/\/geabarcelona.com\/de\/wp-json\/wp\/v2\/product\/15278\/revisions\/19138"}],"wp:featuredmedia":[{"embeddable":true,"href":"https:\/\/geabarcelona.com\/de\/wp-json\/wp\/v2\/media\/17907"}],"wp:attachment":[{"href":"https:\/\/geabarcelona.com\/de\/wp-json\/wp\/v2\/media?parent=15278"}],"wp:term":[{"taxonomy":"product_brand","embeddable":true,"href":"https:\/\/geabarcelona.com\/de\/wp-json\/wp\/v2\/product_brand?post=15278"},{"taxonomy":"product_cat","embeddable":true,"href":"https:\/\/geabarcelona.com\/de\/wp-json\/wp\/v2\/product_cat?post=15278"},{"taxonomy":"product_tag","embeddable":true,"href":"https:\/\/geabarcelona.com\/de\/wp-json\/wp\/v2\/product_tag?post=15278"}],"curies":[{"name":"wp","href":"https:\/\/api.w.org\/{rel}","templated":true}]}}