{"id":15280,"date":"2023-12-22T14:16:45","date_gmt":"2023-12-22T13:16:45","guid":{"rendered":"https:\/\/geabarcelona.com\/producto\/sodalita\/"},"modified":"2025-12-11T11:43:30","modified_gmt":"2025-12-11T10:43:30","slug":"sodalita","status":"publish","type":"product","link":"https:\/\/geabarcelona.com\/de\/produkt\/sodalita\/","title":{"rendered":"SODALIT"},"content":{"rendered":"<p>La sodalita es un mineral silicatado caracterizado por su profundo color azul con vetas blancas. Se forma en rocas \u00edgneas y metam\u00f3rficas y es extra\u00edda en lugares como Canad\u00e1, Brasil y Rusia. Espiritualmente, la sodalita es valorada por favorecer la comunicaci\u00f3n, la intuici\u00f3n y la calma mental, ayudando a equilibrar el chakra de la garganta. venta por kg.\u00bb<\/p>","protected":false},"excerpt":{"rendered":"<p>Natural, 3-4cm.<\/p>","protected":false},"featured_media":17886,"template":"","meta":[],"product_brand":[],"product_cat":[153],"product_tag":[312],"class_list":{"0":"post-15280","1":"product","2":"type-product","3":"status-publish","4":"has-post-thumbnail","6":"product_cat-catalogo","7":"product_tag-sodalita","9":"first","10":"instock","11":"taxable","12":"shipping-taxable","13":"purchasable","14":"product-type-simple"},"_links":{"self":[{"href":"https:\/\/geabarcelona.com\/de\/wp-json\/wp\/v2\/product\/15280","targetHints":{"allow":["GET"]}}],"collection":[{"href":"https:\/\/geabarcelona.com\/de\/wp-json\/wp\/v2\/product"}],"about":[{"href":"https:\/\/geabarcelona.com\/de\/wp-json\/wp\/v2\/types\/product"}],"version-history":[{"count":2,"href":"https:\/\/geabarcelona.com\/de\/wp-json\/wp\/v2\/product\/15280\/revisions"}],"predecessor-version":[{"id":19140,"href":"https:\/\/geabarcelona.com\/de\/wp-json\/wp\/v2\/product\/15280\/revisions\/19140"}],"wp:featuredmedia":[{"embeddable":true,"href":"https:\/\/geabarcelona.com\/de\/wp-json\/wp\/v2\/media\/17886"}],"wp:attachment":[{"href":"https:\/\/geabarcelona.com\/de\/wp-json\/wp\/v2\/media?parent=15280"}],"wp:term":[{"taxonomy":"product_brand","embeddable":true,"href":"https:\/\/geabarcelona.com\/de\/wp-json\/wp\/v2\/product_brand?post=15280"},{"taxonomy":"product_cat","embeddable":true,"href":"https:\/\/geabarcelona.com\/de\/wp-json\/wp\/v2\/product_cat?post=15280"},{"taxonomy":"product_tag","embeddable":true,"href":"https:\/\/geabarcelona.com\/de\/wp-json\/wp\/v2\/product_tag?post=15280"}],"curies":[{"name":"wp","href":"https:\/\/api.w.org\/{rel}","templated":true}]}}