{"id":15281,"date":"2023-12-22T14:16:45","date_gmt":"2023-12-22T13:16:45","guid":{"rendered":"https:\/\/geabarcelona.com\/producto\/calcita-naranja\/"},"modified":"2025-12-11T11:43:09","modified_gmt":"2025-12-11T10:43:09","slug":"calcita-naranja","status":"publish","type":"product","link":"https:\/\/geabarcelona.com\/de\/producto\/calcita-naranja\/","title":{"rendered":"ORANGE KALZIT"},"content":{"rendered":"<p>La calcita naranja es un mineral llamativo por sus tonos c\u00e1lidos que var\u00edan entre el naranja suave, miel y \u00e1mbar, a menudo con vetas transl\u00facidas o lechosas que le dan un aspecto org\u00e1nico y vibrante. Esta piedra se encuentra com\u00fanmente en regiones como M\u00e9xico, Brasil y Per\u00fa, donde se forma en cavidades de rocas sedimentarias. Conocida por su asociaci\u00f3n con la energ\u00eda positiva, la creatividad y la vitalidad, es ideal tanto para decoraci\u00f3n como para pr\u00e1cticas de bienestar energ\u00e9tico.<br \/>\nVerkauf pro kg.<\/p>","protected":false},"excerpt":{"rendered":"<p>Natural, 3-4cm.<\/p>","protected":false},"featured_media":17888,"template":"","meta":[],"product_brand":[],"product_cat":[153],"product_tag":[165],"class_list":{"0":"post-15281","1":"product","2":"type-product","3":"status-publish","4":"has-post-thumbnail","6":"product_cat-catalogo","7":"product_tag-mineral","9":"first","10":"instock","11":"taxable","12":"shipping-taxable","13":"purchasable","14":"product-type-simple"},"_links":{"self":[{"href":"https:\/\/geabarcelona.com\/de\/wp-json\/wp\/v2\/product\/15281","targetHints":{"allow":["GET"]}}],"collection":[{"href":"https:\/\/geabarcelona.com\/de\/wp-json\/wp\/v2\/product"}],"about":[{"href":"https:\/\/geabarcelona.com\/de\/wp-json\/wp\/v2\/types\/product"}],"version-history":[{"count":2,"href":"https:\/\/geabarcelona.com\/de\/wp-json\/wp\/v2\/product\/15281\/revisions"}],"predecessor-version":[{"id":18246,"href":"https:\/\/geabarcelona.com\/de\/wp-json\/wp\/v2\/product\/15281\/revisions\/18246"}],"wp:featuredmedia":[{"embeddable":true,"href":"https:\/\/geabarcelona.com\/de\/wp-json\/wp\/v2\/media\/17888"}],"wp:attachment":[{"href":"https:\/\/geabarcelona.com\/de\/wp-json\/wp\/v2\/media?parent=15281"}],"wp:term":[{"taxonomy":"product_brand","embeddable":true,"href":"https:\/\/geabarcelona.com\/de\/wp-json\/wp\/v2\/product_brand?post=15281"},{"taxonomy":"product_cat","embeddable":true,"href":"https:\/\/geabarcelona.com\/de\/wp-json\/wp\/v2\/product_cat?post=15281"},{"taxonomy":"product_tag","embeddable":true,"href":"https:\/\/geabarcelona.com\/de\/wp-json\/wp\/v2\/product_tag?post=15281"}],"curies":[{"name":"wp","href":"https:\/\/api.w.org\/{rel}","templated":true}]}}