{"id":15291,"date":"2023-12-22T14:16:46","date_gmt":"2023-12-22T13:16:46","guid":{"rendered":"https:\/\/geabarcelona.com\/producto\/cuarzo-ahumado\/"},"modified":"2025-12-11T11:43:47","modified_gmt":"2025-12-11T10:43:47","slug":"rauchquarz","status":"publish","type":"product","link":"https:\/\/geabarcelona.com\/de\/produkt\/rauchquarz\/","title":{"rendered":"CUARZO AHUMADO"},"content":{"rendered":"<p>Rauchquarz ist eine Quarzsorte, die sich durch ihre dunkelbraune oder graue Farbe auszeichnet, die fast schwarz sein kann. Diese charakteristische Farbe ist darauf zur\u00fcckzuf\u00fchren, dass der Quarz \u00fcber lange Zeitr\u00e4ume hinweg einer nat\u00fcrlichen Strahlung ausgesetzt war, die sich auf die geringen Mengen an Aluminium im Kristall auswirkt.<\/p>\n<p>Er bildet sich im Inneren der Erdkruste unter \u00e4hnlichen Bedingungen wie andere Quarzarten, z. B. Bergkristall. Der Unterschied besteht jedoch darin, dass er nat\u00fcrlichen Strahlungsquellen ausgesetzt ist, wie z. B. dem Uran in den umgebenden Gesteinen. Er kommt h\u00e4ufig in geologisch aktiven Regionen wie Brasilien, Madagaskar und den Vereinigten Staaten vor.<\/p>\n<p>Im energetischen und spirituellen Bereich werden ihm sch\u00fctzende und erdende Eigenschaften zugeschrieben. Er soll helfen, negative Energie zu zerstreuen, Stress abzubauen und geistige Klarheit zu f\u00f6rdern.<br \/>\nVerkauf pro kg.<\/p>","protected":false},"excerpt":{"rendered":"<p>Natural, 3-4cm.<\/p>","protected":false},"featured_media":18095,"template":"","meta":[],"product_brand":[],"product_cat":[153,136],"product_tag":[311],"class_list":{"0":"post-15291","1":"product","2":"type-product","3":"status-publish","4":"has-post-thumbnail","6":"product_cat-catalogo","7":"product_cat-piedras-gemas","8":"product_tag-cuarzo-ahumado","10":"first","11":"instock","12":"taxable","13":"shipping-taxable","14":"purchasable","15":"product-type-simple"},"_links":{"self":[{"href":"https:\/\/geabarcelona.com\/de\/wp-json\/wp\/v2\/product\/15291","targetHints":{"allow":["GET"]}}],"collection":[{"href":"https:\/\/geabarcelona.com\/de\/wp-json\/wp\/v2\/product"}],"about":[{"href":"https:\/\/geabarcelona.com\/de\/wp-json\/wp\/v2\/types\/product"}],"version-history":[{"count":2,"href":"https:\/\/geabarcelona.com\/de\/wp-json\/wp\/v2\/product\/15291\/revisions"}],"predecessor-version":[{"id":18215,"href":"https:\/\/geabarcelona.com\/de\/wp-json\/wp\/v2\/product\/15291\/revisions\/18215"}],"wp:featuredmedia":[{"embeddable":true,"href":"https:\/\/geabarcelona.com\/de\/wp-json\/wp\/v2\/media\/18095"}],"wp:attachment":[{"href":"https:\/\/geabarcelona.com\/de\/wp-json\/wp\/v2\/media?parent=15291"}],"wp:term":[{"taxonomy":"product_brand","embeddable":true,"href":"https:\/\/geabarcelona.com\/de\/wp-json\/wp\/v2\/product_brand?post=15291"},{"taxonomy":"product_cat","embeddable":true,"href":"https:\/\/geabarcelona.com\/de\/wp-json\/wp\/v2\/product_cat?post=15291"},{"taxonomy":"product_tag","embeddable":true,"href":"https:\/\/geabarcelona.com\/de\/wp-json\/wp\/v2\/product_tag?post=15291"}],"curies":[{"name":"wp","href":"https:\/\/api.w.org\/{rel}","templated":true}]}}