{"id":15297,"date":"2023-12-22T14:16:47","date_gmt":"2023-12-22T13:16:47","guid":{"rendered":"https:\/\/geabarcelona.com\/producto\/howlita-blanca\/"},"modified":"2025-12-11T11:44:29","modified_gmt":"2025-12-11T10:44:29","slug":"howlita-blanca","status":"publish","type":"product","link":"https:\/\/geabarcelona.com\/de\/producto\/howlita-blanca\/","title":{"rendered":"Howlita blanca"},"content":{"rendered":"<p>La howlita blanca es un mineral compuesto principalmente por borato de calcio, caracterizado por su color blanco con vetas grises o negras. Se forma en ambientes sedimentarios y es extra\u00edda en Canad\u00e1, Estados Unidos y M\u00e9xico. Espiritualmente, la howlita blanca es valorada por sus propiedades calmantes, que ayudan a reducir la ansiedad, facilitar el sue\u00f1o y promover la paz interior. venta por kg.\u00bb<\/p>","protected":false},"excerpt":{"rendered":"<p>Natural, 3-4cm.<\/p>","protected":false},"featured_media":18085,"template":"","meta":[],"product_brand":[],"product_cat":[153],"product_tag":[376],"class_list":{"0":"post-15297","1":"product","2":"type-product","3":"status-publish","4":"has-post-thumbnail","6":"product_cat-catalogo","7":"product_tag-howlita","9":"first","10":"instock","11":"taxable","12":"shipping-taxable","13":"purchasable","14":"product-type-simple"},"_links":{"self":[{"href":"https:\/\/geabarcelona.com\/de\/wp-json\/wp\/v2\/product\/15297","targetHints":{"allow":["GET"]}}],"collection":[{"href":"https:\/\/geabarcelona.com\/de\/wp-json\/wp\/v2\/product"}],"about":[{"href":"https:\/\/geabarcelona.com\/de\/wp-json\/wp\/v2\/types\/product"}],"version-history":[{"count":2,"href":"https:\/\/geabarcelona.com\/de\/wp-json\/wp\/v2\/product\/15297\/revisions"}],"predecessor-version":[{"id":19152,"href":"https:\/\/geabarcelona.com\/de\/wp-json\/wp\/v2\/product\/15297\/revisions\/19152"}],"wp:featuredmedia":[{"embeddable":true,"href":"https:\/\/geabarcelona.com\/de\/wp-json\/wp\/v2\/media\/18085"}],"wp:attachment":[{"href":"https:\/\/geabarcelona.com\/de\/wp-json\/wp\/v2\/media?parent=15297"}],"wp:term":[{"taxonomy":"product_brand","embeddable":true,"href":"https:\/\/geabarcelona.com\/de\/wp-json\/wp\/v2\/product_brand?post=15297"},{"taxonomy":"product_cat","embeddable":true,"href":"https:\/\/geabarcelona.com\/de\/wp-json\/wp\/v2\/product_cat?post=15297"},{"taxonomy":"product_tag","embeddable":true,"href":"https:\/\/geabarcelona.com\/de\/wp-json\/wp\/v2\/product_tag?post=15297"}],"curies":[{"name":"wp","href":"https:\/\/api.w.org\/{rel}","templated":true}]}}