{"id":15301,"date":"2023-12-22T14:16:48","date_gmt":"2023-12-22T13:16:48","guid":{"rendered":"https:\/\/geabarcelona.com\/producto\/prehnita\/"},"modified":"2025-12-11T13:03:27","modified_gmt":"2025-12-11T12:03:27","slug":"prehnita","status":"publish","type":"product","link":"https:\/\/geabarcelona.com\/de\/producto\/prehnita\/","title":{"rendered":"PREHNITA"},"content":{"rendered":"<p>La prehnita es un mineral de silicato que se presenta en tonos verdes claros a amarillentos, con una estructura cristalina botrioidal o masiva. Se forma en cavidades volc\u00e1nicas y grietas hidrotermales, y es extra\u00edda en Sud\u00e1frica, Australia y Estados Unidos. Espiritualmente, la prehnita es conocida por su capacidad para facilitar la meditaci\u00f3n, promover la sanaci\u00f3n emocional y fortalecer la conexi\u00f3n con el entorno natural. venta por kg.\u00bb<\/p>","protected":false},"excerpt":{"rendered":"<p>Natural, 3-4cm.<\/p>","protected":false},"featured_media":18081,"template":"","meta":[],"product_brand":[],"product_cat":[153],"product_tag":[380],"class_list":{"0":"post-15301","1":"product","2":"type-product","3":"status-publish","4":"has-post-thumbnail","6":"product_cat-catalogo","7":"product_tag-prehnita","9":"first","10":"instock","11":"taxable","12":"shipping-taxable","13":"purchasable","14":"product-type-simple"},"_links":{"self":[{"href":"https:\/\/geabarcelona.com\/de\/wp-json\/wp\/v2\/product\/15301","targetHints":{"allow":["GET"]}}],"collection":[{"href":"https:\/\/geabarcelona.com\/de\/wp-json\/wp\/v2\/product"}],"about":[{"href":"https:\/\/geabarcelona.com\/de\/wp-json\/wp\/v2\/types\/product"}],"version-history":[{"count":2,"href":"https:\/\/geabarcelona.com\/de\/wp-json\/wp\/v2\/product\/15301\/revisions"}],"predecessor-version":[{"id":19156,"href":"https:\/\/geabarcelona.com\/de\/wp-json\/wp\/v2\/product\/15301\/revisions\/19156"}],"wp:featuredmedia":[{"embeddable":true,"href":"https:\/\/geabarcelona.com\/de\/wp-json\/wp\/v2\/media\/18081"}],"wp:attachment":[{"href":"https:\/\/geabarcelona.com\/de\/wp-json\/wp\/v2\/media?parent=15301"}],"wp:term":[{"taxonomy":"product_brand","embeddable":true,"href":"https:\/\/geabarcelona.com\/de\/wp-json\/wp\/v2\/product_brand?post=15301"},{"taxonomy":"product_cat","embeddable":true,"href":"https:\/\/geabarcelona.com\/de\/wp-json\/wp\/v2\/product_cat?post=15301"},{"taxonomy":"product_tag","embeddable":true,"href":"https:\/\/geabarcelona.com\/de\/wp-json\/wp\/v2\/product_tag?post=15301"}],"curies":[{"name":"wp","href":"https:\/\/api.w.org\/{rel}","templated":true}]}}