{"id":15302,"date":"2023-12-22T14:16:48","date_gmt":"2023-12-22T13:16:48","guid":{"rendered":"https:\/\/geabarcelona.com\/producto\/apatito\/"},"modified":"2025-12-11T13:03:20","modified_gmt":"2025-12-11T12:03:20","slug":"apatito","status":"publish","type":"product","link":"https:\/\/geabarcelona.com\/de\/produkt\/apatito\/","title":{"rendered":"APATITO"},"content":{"rendered":"<p>El apatito es un mineral fosfato que se presenta en una variedad de colores, siendo el azul y verde los m\u00e1s comunes. Se forma en ambientes \u00edgneos, metam\u00f3rficos y sedimentarios, y se encuentra en pa\u00edses como Brasil, M\u00e9xico y Canad\u00e1. Espiritualmente, el apatito es valorado por estimular la motivaci\u00f3n, la creatividad y la comunicaci\u00f3n clara, ayudando a liberar bloqueos y fomentar el crecimiento personal. venta por kg.\u00bb<\/p>","protected":false},"excerpt":{"rendered":"<p>Natural, 3-4cm.<\/p>","protected":false},"featured_media":17894,"template":"","meta":[],"product_brand":[],"product_cat":[153],"product_tag":[381],"class_list":{"0":"post-15302","1":"product","2":"type-product","3":"status-publish","4":"has-post-thumbnail","6":"product_cat-catalogo","7":"product_tag-apatito","9":"first","10":"instock","11":"taxable","12":"shipping-taxable","13":"purchasable","14":"product-type-simple"},"_links":{"self":[{"href":"https:\/\/geabarcelona.com\/de\/wp-json\/wp\/v2\/product\/15302","targetHints":{"allow":["GET"]}}],"collection":[{"href":"https:\/\/geabarcelona.com\/de\/wp-json\/wp\/v2\/product"}],"about":[{"href":"https:\/\/geabarcelona.com\/de\/wp-json\/wp\/v2\/types\/product"}],"version-history":[{"count":2,"href":"https:\/\/geabarcelona.com\/de\/wp-json\/wp\/v2\/product\/15302\/revisions"}],"predecessor-version":[{"id":19157,"href":"https:\/\/geabarcelona.com\/de\/wp-json\/wp\/v2\/product\/15302\/revisions\/19157"}],"wp:featuredmedia":[{"embeddable":true,"href":"https:\/\/geabarcelona.com\/de\/wp-json\/wp\/v2\/media\/17894"}],"wp:attachment":[{"href":"https:\/\/geabarcelona.com\/de\/wp-json\/wp\/v2\/media?parent=15302"}],"wp:term":[{"taxonomy":"product_brand","embeddable":true,"href":"https:\/\/geabarcelona.com\/de\/wp-json\/wp\/v2\/product_brand?post=15302"},{"taxonomy":"product_cat","embeddable":true,"href":"https:\/\/geabarcelona.com\/de\/wp-json\/wp\/v2\/product_cat?post=15302"},{"taxonomy":"product_tag","embeddable":true,"href":"https:\/\/geabarcelona.com\/de\/wp-json\/wp\/v2\/product_tag?post=15302"}],"curies":[{"name":"wp","href":"https:\/\/api.w.org\/{rel}","templated":true}]}}