{"id":15312,"date":"2023-12-22T14:16:50","date_gmt":"2023-12-22T13:16:50","guid":{"rendered":"https:\/\/geabarcelona.com\/producto\/epidota\/"},"modified":"2025-12-11T12:59:49","modified_gmt":"2025-12-11T11:59:49","slug":"epidota","status":"publish","type":"product","link":"https:\/\/geabarcelona.com\/de\/produkt\/epidota\/","title":{"rendered":"EPIDOTA"},"content":{"rendered":"<p>La epidota es un mineral metam\u00f3rfico de color verde intenso a amarillento, con brillo v\u00edtreo. Se forma en rocas metam\u00f3rficas de baja a media temperatura y es com\u00fan en regiones como Austria, Noruega y Estados Unidos. Espiritualmente, la epidota es reconocida por su capacidad para atraer abundancia, aumentar la energ\u00eda positiva y fomentar la renovaci\u00f3n personal. venta por kg.\u00bb<\/p>","protected":false},"excerpt":{"rendered":"<p>Natural, 3-4cm.<\/p>","protected":false},"featured_media":18063,"template":"","meta":[],"product_brand":[],"product_cat":[153,147],"product_tag":[386],"class_list":{"0":"post-15312","1":"product","2":"type-product","3":"status-publish","4":"has-post-thumbnail","6":"product_cat-catalogo","7":"product_cat-terapias-hogar","8":"product_tag-epidota","10":"first","11":"instock","12":"taxable","13":"shipping-taxable","14":"purchasable","15":"product-type-simple"},"_links":{"self":[{"href":"https:\/\/geabarcelona.com\/de\/wp-json\/wp\/v2\/product\/15312","targetHints":{"allow":["GET"]}}],"collection":[{"href":"https:\/\/geabarcelona.com\/de\/wp-json\/wp\/v2\/product"}],"about":[{"href":"https:\/\/geabarcelona.com\/de\/wp-json\/wp\/v2\/types\/product"}],"version-history":[{"count":2,"href":"https:\/\/geabarcelona.com\/de\/wp-json\/wp\/v2\/product\/15312\/revisions"}],"predecessor-version":[{"id":19165,"href":"https:\/\/geabarcelona.com\/de\/wp-json\/wp\/v2\/product\/15312\/revisions\/19165"}],"wp:featuredmedia":[{"embeddable":true,"href":"https:\/\/geabarcelona.com\/de\/wp-json\/wp\/v2\/media\/18063"}],"wp:attachment":[{"href":"https:\/\/geabarcelona.com\/de\/wp-json\/wp\/v2\/media?parent=15312"}],"wp:term":[{"taxonomy":"product_brand","embeddable":true,"href":"https:\/\/geabarcelona.com\/de\/wp-json\/wp\/v2\/product_brand?post=15312"},{"taxonomy":"product_cat","embeddable":true,"href":"https:\/\/geabarcelona.com\/de\/wp-json\/wp\/v2\/product_cat?post=15312"},{"taxonomy":"product_tag","embeddable":true,"href":"https:\/\/geabarcelona.com\/de\/wp-json\/wp\/v2\/product_tag?post=15312"}],"curies":[{"name":"wp","href":"https:\/\/api.w.org\/{rel}","templated":true}]}}