{"id":15316,"date":"2023-12-22T14:16:50","date_gmt":"2023-12-22T13:16:50","guid":{"rendered":"https:\/\/geabarcelona.com\/producto\/malaquita\/"},"modified":"2025-11-20T13:15:08","modified_gmt":"2025-11-20T12:15:08","slug":"malaquita","status":"publish","type":"product","link":"https:\/\/geabarcelona.com\/de\/produkt\/malaquita\/","title":{"rendered":"MALAQUITA"},"content":{"rendered":"<p>La malquita es una piedra semipreciosa compuesta principalmente por carbonato de cobre, reconocida por sus vibrantes tonalidades verdes con patrones \u00fanicos. Se forma en dep\u00f3sitos secundarios de cobre en zonas hidrotermales y se extrae en pa\u00edses como la Rep\u00fablica Democr\u00e1tica del Congo, Rusia, Australia y Estados Unidos. En el \u00e1mbito espiritual, la malquita es valorada por su capacidad para proteger, transformar energ\u00edas negativas y promover la sanaci\u00f3n emocional y el crecimiento personal.<br \/>\nventa por kg.\u00bb<\/p>","protected":false},"excerpt":{"rendered":"<p>Natural, 3-4cm.<\/p>","protected":false},"featured_media":13503,"template":"","meta":[],"product_brand":[],"product_cat":[153,136,147],"product_tag":[336],"class_list":{"0":"post-15316","1":"product","2":"type-product","3":"status-publish","4":"has-post-thumbnail","6":"product_cat-catalogo","7":"product_cat-piedras-gemas","8":"product_cat-terapias-hogar","9":"product_tag-malaquita","11":"first","12":"instock","13":"taxable","14":"shipping-taxable","15":"purchasable","16":"product-type-simple"},"_links":{"self":[{"href":"https:\/\/geabarcelona.com\/de\/wp-json\/wp\/v2\/product\/15316","targetHints":{"allow":["GET"]}}],"collection":[{"href":"https:\/\/geabarcelona.com\/de\/wp-json\/wp\/v2\/product"}],"about":[{"href":"https:\/\/geabarcelona.com\/de\/wp-json\/wp\/v2\/types\/product"}],"version-history":[{"count":2,"href":"https:\/\/geabarcelona.com\/de\/wp-json\/wp\/v2\/product\/15316\/revisions"}],"predecessor-version":[{"id":18979,"href":"https:\/\/geabarcelona.com\/de\/wp-json\/wp\/v2\/product\/15316\/revisions\/18979"}],"wp:featuredmedia":[{"embeddable":true,"href":"https:\/\/geabarcelona.com\/de\/wp-json\/wp\/v2\/media\/13503"}],"wp:attachment":[{"href":"https:\/\/geabarcelona.com\/de\/wp-json\/wp\/v2\/media?parent=15316"}],"wp:term":[{"taxonomy":"product_brand","embeddable":true,"href":"https:\/\/geabarcelona.com\/de\/wp-json\/wp\/v2\/product_brand?post=15316"},{"taxonomy":"product_cat","embeddable":true,"href":"https:\/\/geabarcelona.com\/de\/wp-json\/wp\/v2\/product_cat?post=15316"},{"taxonomy":"product_tag","embeddable":true,"href":"https:\/\/geabarcelona.com\/de\/wp-json\/wp\/v2\/product_tag?post=15316"}],"curies":[{"name":"wp","href":"https:\/\/api.w.org\/{rel}","templated":true}]}}