{"id":15323,"date":"2023-12-22T14:16:51","date_gmt":"2023-12-22T13:16:51","guid":{"rendered":"https:\/\/geabarcelona.com\/producto\/hemimorfita\/"},"modified":"2025-12-10T18:11:57","modified_gmt":"2025-12-10T17:11:57","slug":"hemimorfita","status":"publish","type":"product","link":"https:\/\/geabarcelona.com\/de\/produkt\/hemimorfita\/","title":{"rendered":"HEMIMORFITA"},"content":{"rendered":"<p>Se forma sobre todo en rocas \u00edgneas y metam\u00f3rficas, en ambientes geol\u00f3gicos ricos es aluminio, hierro, magnesio y litio. Los principales pa\u00edses productores son Brasil, Afganist\u00e1n, Estados Unidos y Madagascar.<br \/>\nVerkauf pro kg.<\/p>","protected":false},"excerpt":{"rendered":"<p>Natural, 3-4cm.<\/p>","protected":false},"featured_media":0,"template":"","meta":[],"product_brand":[],"product_cat":[153],"product_tag":[176],"class_list":{"0":"post-15323","1":"product","2":"type-product","3":"status-publish","5":"product_cat-catalogo","6":"product_tag-agata","8":"first","9":"instock","10":"taxable","11":"shipping-taxable","12":"purchasable","13":"product-type-simple"},"_links":{"self":[{"href":"https:\/\/geabarcelona.com\/de\/wp-json\/wp\/v2\/product\/15323","targetHints":{"allow":["GET"]}}],"collection":[{"href":"https:\/\/geabarcelona.com\/de\/wp-json\/wp\/v2\/product"}],"about":[{"href":"https:\/\/geabarcelona.com\/de\/wp-json\/wp\/v2\/types\/product"}],"version-history":[{"count":1,"href":"https:\/\/geabarcelona.com\/de\/wp-json\/wp\/v2\/product\/15323\/revisions"}],"predecessor-version":[{"id":18222,"href":"https:\/\/geabarcelona.com\/de\/wp-json\/wp\/v2\/product\/15323\/revisions\/18222"}],"wp:attachment":[{"href":"https:\/\/geabarcelona.com\/de\/wp-json\/wp\/v2\/media?parent=15323"}],"wp:term":[{"taxonomy":"product_brand","embeddable":true,"href":"https:\/\/geabarcelona.com\/de\/wp-json\/wp\/v2\/product_brand?post=15323"},{"taxonomy":"product_cat","embeddable":true,"href":"https:\/\/geabarcelona.com\/de\/wp-json\/wp\/v2\/product_cat?post=15323"},{"taxonomy":"product_tag","embeddable":true,"href":"https:\/\/geabarcelona.com\/de\/wp-json\/wp\/v2\/product_tag?post=15323"}],"curies":[{"name":"wp","href":"https:\/\/api.w.org\/{rel}","templated":true}]}}