{"id":15325,"date":"2023-12-22T14:16:51","date_gmt":"2023-12-22T13:16:51","guid":{"rendered":"https:\/\/geabarcelona.com\/producto\/anhidrita\/"},"modified":"2025-06-19T08:43:50","modified_gmt":"2025-06-19T06:43:50","slug":"anhidrita","status":"publish","type":"product","link":"https:\/\/geabarcelona.com\/de\/producto\/anhidrita\/","title":{"rendered":"ANHIDRITA\/ ANGELITA"},"content":{"rendered":"<p>La turmalina ha sido utilizada en tecnolog\u00eda por su capacidad piezoel\u00e9ctrica. tambi\u00e9n se considera una piedra de limpieza, protecci\u00f3n y transformaci\u00f3n, aunque sus propiedades var\u00edan seg\u00fan el color. La m\u00e1s com\u00fan es la turmalina negra, conocida como la piedra de protecci\u00f3n por excelencia. Se usa en terapias, curas, sanaciones, para limpiar energ\u00edas o neutralizar ondas electromagn\u00e9ticas.<br \/>\nVerkauf pro kg.<\/p>","protected":false},"excerpt":{"rendered":"<p>Natural, 3-4cm.<\/p>","protected":false},"featured_media":15505,"template":"","meta":[],"product_brand":[],"product_cat":[153],"product_tag":[232],"class_list":{"0":"post-15325","1":"product","2":"type-product","3":"status-publish","4":"has-post-thumbnail","6":"product_cat-catalogo","7":"product_tag-turmalina","9":"first","10":"instock","11":"taxable","12":"shipping-taxable","13":"purchasable","14":"product-type-simple"},"_links":{"self":[{"href":"https:\/\/geabarcelona.com\/de\/wp-json\/wp\/v2\/product\/15325","targetHints":{"allow":["GET"]}}],"collection":[{"href":"https:\/\/geabarcelona.com\/de\/wp-json\/wp\/v2\/product"}],"about":[{"href":"https:\/\/geabarcelona.com\/de\/wp-json\/wp\/v2\/types\/product"}],"version-history":[{"count":1,"href":"https:\/\/geabarcelona.com\/de\/wp-json\/wp\/v2\/product\/15325\/revisions"}],"predecessor-version":[{"id":18220,"href":"https:\/\/geabarcelona.com\/de\/wp-json\/wp\/v2\/product\/15325\/revisions\/18220"}],"wp:featuredmedia":[{"embeddable":true,"href":"https:\/\/geabarcelona.com\/de\/wp-json\/wp\/v2\/media\/15505"}],"wp:attachment":[{"href":"https:\/\/geabarcelona.com\/de\/wp-json\/wp\/v2\/media?parent=15325"}],"wp:term":[{"taxonomy":"product_brand","embeddable":true,"href":"https:\/\/geabarcelona.com\/de\/wp-json\/wp\/v2\/product_brand?post=15325"},{"taxonomy":"product_cat","embeddable":true,"href":"https:\/\/geabarcelona.com\/de\/wp-json\/wp\/v2\/product_cat?post=15325"},{"taxonomy":"product_tag","embeddable":true,"href":"https:\/\/geabarcelona.com\/de\/wp-json\/wp\/v2\/product_tag?post=15325"}],"curies":[{"name":"wp","href":"https:\/\/api.w.org\/{rel}","templated":true}]}}