{"id":15336,"date":"2023-12-22T14:16:54","date_gmt":"2023-12-22T13:16:54","guid":{"rendered":"https:\/\/geabarcelona.com\/producto\/shunguita\/"},"modified":"2025-12-11T13:01:11","modified_gmt":"2025-12-11T12:01:11","slug":"shunguita","status":"publish","type":"product","link":"https:\/\/geabarcelona.com\/de\/produkt\/shunguita\/","title":{"rendered":"SHUNGUITA"},"content":{"rendered":"<p>La shunguita es un mineral carbonoso raro, compuesto principalmente por carbono amorfo, encontrado principalmente en la regi\u00f3n de Carelia, Rusia. Se caracteriza por su color negro intenso y propiedades conductoras. Espiritualmente, la shunguita es reconocida por su potente capacidad para purificar energ\u00edas negativas, proteger contra radiaciones electromagn\u00e9ticas y promover la sanaci\u00f3n f\u00edsica y emocional. venta por kg.\u00bb<\/p>","protected":false},"excerpt":{"rendered":"<p>Natural, 3-4cm.<\/p>","protected":false},"featured_media":17892,"template":"","meta":[],"product_brand":[],"product_cat":[153],"product_tag":[397],"class_list":{"0":"post-15336","1":"product","2":"type-product","3":"status-publish","4":"has-post-thumbnail","6":"product_cat-catalogo","7":"product_tag-shunguita","9":"first","10":"instock","11":"taxable","12":"shipping-taxable","13":"purchasable","14":"product-type-simple"},"_links":{"self":[{"href":"https:\/\/geabarcelona.com\/de\/wp-json\/wp\/v2\/product\/15336","targetHints":{"allow":["GET"]}}],"collection":[{"href":"https:\/\/geabarcelona.com\/de\/wp-json\/wp\/v2\/product"}],"about":[{"href":"https:\/\/geabarcelona.com\/de\/wp-json\/wp\/v2\/types\/product"}],"version-history":[{"count":2,"href":"https:\/\/geabarcelona.com\/de\/wp-json\/wp\/v2\/product\/15336\/revisions"}],"predecessor-version":[{"id":19184,"href":"https:\/\/geabarcelona.com\/de\/wp-json\/wp\/v2\/product\/15336\/revisions\/19184"}],"wp:featuredmedia":[{"embeddable":true,"href":"https:\/\/geabarcelona.com\/de\/wp-json\/wp\/v2\/media\/17892"}],"wp:attachment":[{"href":"https:\/\/geabarcelona.com\/de\/wp-json\/wp\/v2\/media?parent=15336"}],"wp:term":[{"taxonomy":"product_brand","embeddable":true,"href":"https:\/\/geabarcelona.com\/de\/wp-json\/wp\/v2\/product_brand?post=15336"},{"taxonomy":"product_cat","embeddable":true,"href":"https:\/\/geabarcelona.com\/de\/wp-json\/wp\/v2\/product_cat?post=15336"},{"taxonomy":"product_tag","embeddable":true,"href":"https:\/\/geabarcelona.com\/de\/wp-json\/wp\/v2\/product_tag?post=15336"}],"curies":[{"name":"wp","href":"https:\/\/api.w.org\/{rel}","templated":true}]}}