{"id":15337,"date":"2023-12-22T14:16:54","date_gmt":"2023-12-22T13:16:54","guid":{"rendered":"https:\/\/geabarcelona.com\/producto\/septaria\/"},"modified":"2025-11-20T13:50:18","modified_gmt":"2025-11-20T12:50:18","slug":"septaria","status":"publish","type":"product","link":"https:\/\/geabarcelona.com\/de\/produkt\/septaria\/","title":{"rendered":"SERPENTINA"},"content":{"rendered":"<p>La serpentina es un grupo de minerales metam\u00f3rficos compuestos principalmente por silicatos de magnesio y hierro, que se forman durante procesos de metamorfismo hidrotermal a partir de la alteraci\u00f3n de rocas ultram\u00e1ficas como las peridotitas. Su color var\u00eda entre tonos verdes, amarillos y marrones, y su textura puede ser lisa o fibrosa.<\/p>\n<p>Este mineral se encuentra en regiones con actividad geol\u00f3gica significativa, como Estados Unidos, Rusia, Canad\u00e1 y varios pa\u00edses de Am\u00e9rica Latina. <\/p>\n<p>En el plano espiritual, la serpentina es reconocida por su capacidad para conectar con la energ\u00eda de la tierra, facilitando el equilibrio, la protecci\u00f3n y la sanaci\u00f3n emocional.  venta por kg.\u00bb<\/p>","protected":false},"excerpt":{"rendered":"<p>Natural, 3-4cm.<\/p>","protected":false},"featured_media":17916,"template":"","meta":[],"product_brand":[],"product_cat":[153],"product_tag":[341],"class_list":{"0":"post-15337","1":"product","2":"type-product","3":"status-publish","4":"has-post-thumbnail","6":"product_cat-catalogo","7":"product_tag-serpentina","9":"first","10":"instock","11":"taxable","12":"shipping-taxable","13":"purchasable","14":"product-type-simple"},"_links":{"self":[{"href":"https:\/\/geabarcelona.com\/de\/wp-json\/wp\/v2\/product\/15337","targetHints":{"allow":["GET"]}}],"collection":[{"href":"https:\/\/geabarcelona.com\/de\/wp-json\/wp\/v2\/product"}],"about":[{"href":"https:\/\/geabarcelona.com\/de\/wp-json\/wp\/v2\/types\/product"}],"version-history":[{"count":2,"href":"https:\/\/geabarcelona.com\/de\/wp-json\/wp\/v2\/product\/15337\/revisions"}],"predecessor-version":[{"id":19185,"href":"https:\/\/geabarcelona.com\/de\/wp-json\/wp\/v2\/product\/15337\/revisions\/19185"}],"wp:featuredmedia":[{"embeddable":true,"href":"https:\/\/geabarcelona.com\/de\/wp-json\/wp\/v2\/media\/17916"}],"wp:attachment":[{"href":"https:\/\/geabarcelona.com\/de\/wp-json\/wp\/v2\/media?parent=15337"}],"wp:term":[{"taxonomy":"product_brand","embeddable":true,"href":"https:\/\/geabarcelona.com\/de\/wp-json\/wp\/v2\/product_brand?post=15337"},{"taxonomy":"product_cat","embeddable":true,"href":"https:\/\/geabarcelona.com\/de\/wp-json\/wp\/v2\/product_cat?post=15337"},{"taxonomy":"product_tag","embeddable":true,"href":"https:\/\/geabarcelona.com\/de\/wp-json\/wp\/v2\/product_tag?post=15337"}],"curies":[{"name":"wp","href":"https:\/\/api.w.org\/{rel}","templated":true}]}}