{"id":15640,"date":"2024-01-05T08:36:42","date_gmt":"2024-01-05T07:36:42","guid":{"rendered":"https:\/\/geabarcelona.com\/producto\/trilobite-en-matriz\/"},"modified":"2025-11-20T13:51:10","modified_gmt":"2025-11-20T12:51:10","slug":"trilobite-en-matriz","status":"publish","type":"product","link":"https:\/\/geabarcelona.com\/de\/producto\/trilobite-en-matriz\/","title":{"rendered":"Trilobite en matriz"},"content":{"rendered":"<p>F\u00f3sil de trilobite integrado en su matriz rocosa original, que conserva la autenticidad y contexto geol\u00f3gico de la pieza. Ideal para coleccionistas que valoran la conexi\u00f3n natural con el entorno f\u00f3sil y la historia profunda de la Tierra. Trilobite en matiz. 15-20cm. VENTA POR UNIDAD\u00bb<\/p>","protected":false},"excerpt":{"rendered":"<p>F\u00f3sil de trilobite integrado en su matriz rocosa original, que conserva la autenticidad y contexto geol\u00f3gico de la pieza. Ideal para coleccionistas que valoran la conexi\u00f3n natural con el entorno f\u00f3sil y la historia profunda de la Tierra. Trilobite en matiz. 15-20cm. VENTA POR UNIDAD\u00bb<\/p>","protected":false},"featured_media":15639,"template":"","meta":[],"product_brand":[],"product_cat":[125],"product_tag":[400],"class_list":{"0":"post-15640","1":"product","2":"type-product","3":"status-publish","4":"has-post-thumbnail","6":"product_cat-fosiles","7":"product_tag-trilobite","9":"first","10":"outofstock","11":"taxable","12":"shipping-taxable","13":"purchasable","14":"product-type-simple"},"_links":{"self":[{"href":"https:\/\/geabarcelona.com\/de\/wp-json\/wp\/v2\/product\/15640","targetHints":{"allow":["GET"]}}],"collection":[{"href":"https:\/\/geabarcelona.com\/de\/wp-json\/wp\/v2\/product"}],"about":[{"href":"https:\/\/geabarcelona.com\/de\/wp-json\/wp\/v2\/types\/product"}],"version-history":[{"count":2,"href":"https:\/\/geabarcelona.com\/de\/wp-json\/wp\/v2\/product\/15640\/revisions"}],"predecessor-version":[{"id":19189,"href":"https:\/\/geabarcelona.com\/de\/wp-json\/wp\/v2\/product\/15640\/revisions\/19189"}],"wp:featuredmedia":[{"embeddable":true,"href":"https:\/\/geabarcelona.com\/de\/wp-json\/wp\/v2\/media\/15639"}],"wp:attachment":[{"href":"https:\/\/geabarcelona.com\/de\/wp-json\/wp\/v2\/media?parent=15640"}],"wp:term":[{"taxonomy":"product_brand","embeddable":true,"href":"https:\/\/geabarcelona.com\/de\/wp-json\/wp\/v2\/product_brand?post=15640"},{"taxonomy":"product_cat","embeddable":true,"href":"https:\/\/geabarcelona.com\/de\/wp-json\/wp\/v2\/product_cat?post=15640"},{"taxonomy":"product_tag","embeddable":true,"href":"https:\/\/geabarcelona.com\/de\/wp-json\/wp\/v2\/product_tag?post=15640"}],"curies":[{"name":"wp","href":"https:\/\/api.w.org\/{rel}","templated":true}]}}