{"id":16017,"date":"2024-01-15T16:17:15","date_gmt":"2024-01-15T15:17:15","guid":{"rendered":"https:\/\/geabarcelona.com\/producto\/pirita-en-bruto-caja-de-3kg\/"},"modified":"2025-12-11T13:01:18","modified_gmt":"2025-12-11T12:01:18","slug":"pirita-en-bruto-caja-de-3kg","status":"publish","type":"product","link":"https:\/\/geabarcelona.com\/de\/producto\/pirita-en-bruto-caja-de-3kg\/","title":{"rendered":"Pirita en bruto (caja de 3kg)"},"content":{"rendered":"<p>Selecci\u00f3n de piezas naturales de pirita en estado bruto, con su caracter\u00edstico brillo met\u00e1lico dorado y formas cristalinas variadas. Presentadas en caja de 3 kg, ideales para coleccionistas, decoraci\u00f3n  o uso energ\u00e9tico enfocado en la protecci\u00f3n, la abundancia y la fortaleza del entorno. Venta por CAJA de 3 kg cada una.\u00bb<\/p>","protected":false},"excerpt":{"rendered":"<p>Selecci\u00f3n de piezas naturales de pirita en estado bruto, con su caracter\u00edstico brillo met\u00e1lico dorado y formas cristalinas variadas. Presentadas en caja de 3 kg, ideales para coleccionistas, decoraci\u00f3n o uso energ\u00e9tico enfocado en la protecci\u00f3n, la abundancia y la fortaleza del entorno. Venta por CAJA de 3 kg cada una.\u00bb<\/p>","protected":false},"featured_media":17881,"template":"","meta":[],"product_brand":[],"product_cat":[153,151],"product_tag":[163],"class_list":{"0":"post-16017","1":"product","2":"type-product","3":"status-publish","4":"has-post-thumbnail","6":"product_cat-catalogo","7":"product_cat-packs-cajas","8":"product_tag-pirita","10":"first","11":"instock","12":"sale","13":"taxable","14":"shipping-taxable","15":"purchasable","16":"product-type-simple"},"_links":{"self":[{"href":"https:\/\/geabarcelona.com\/de\/wp-json\/wp\/v2\/product\/16017","targetHints":{"allow":["GET"]}}],"collection":[{"href":"https:\/\/geabarcelona.com\/de\/wp-json\/wp\/v2\/product"}],"about":[{"href":"https:\/\/geabarcelona.com\/de\/wp-json\/wp\/v2\/types\/product"}],"version-history":[{"count":2,"href":"https:\/\/geabarcelona.com\/de\/wp-json\/wp\/v2\/product\/16017\/revisions"}],"predecessor-version":[{"id":19262,"href":"https:\/\/geabarcelona.com\/de\/wp-json\/wp\/v2\/product\/16017\/revisions\/19262"}],"wp:featuredmedia":[{"embeddable":true,"href":"https:\/\/geabarcelona.com\/de\/wp-json\/wp\/v2\/media\/17881"}],"wp:attachment":[{"href":"https:\/\/geabarcelona.com\/de\/wp-json\/wp\/v2\/media?parent=16017"}],"wp:term":[{"taxonomy":"product_brand","embeddable":true,"href":"https:\/\/geabarcelona.com\/de\/wp-json\/wp\/v2\/product_brand?post=16017"},{"taxonomy":"product_cat","embeddable":true,"href":"https:\/\/geabarcelona.com\/de\/wp-json\/wp\/v2\/product_cat?post=16017"},{"taxonomy":"product_tag","embeddable":true,"href":"https:\/\/geabarcelona.com\/de\/wp-json\/wp\/v2\/product_tag?post=16017"}],"curies":[{"name":"wp","href":"https:\/\/api.w.org\/{rel}","templated":true}]}}