{"id":16019,"date":"2024-01-15T16:18:23","date_gmt":"2024-01-15T15:18:23","guid":{"rendered":"https:\/\/geabarcelona.com\/producto\/apatito-azul-caja-de-3kg\/"},"modified":"2025-11-21T10:09:19","modified_gmt":"2025-11-21T09:09:19","slug":"apatito-azul-caja-de-3kg","status":"publish","type":"product","link":"https:\/\/geabarcelona.com\/de\/producto\/apatito-azul-caja-de-3kg\/","title":{"rendered":"Apatito azul (caja de 3kg)"},"content":{"rendered":"<p>Selecci\u00f3n de piezas naturales de apatito azul en estado bruto, con su caracter\u00edstico color azul intenso y textura rugosa. Presentadas en caja de 3 kg, ideales para coleccionistas, decoraci\u00f3n o uso energ\u00e9tico enfocado en la comunicaci\u00f3n, la claridad mental y la inspiraci\u00f3n creativa.<br \/>\n CAJA de apatito en bruto,  tres 3kg cada CAJA\u00bb<\/p>","protected":false},"excerpt":{"rendered":"<p>Selecci\u00f3n de piezas naturales de apatito azul en estado bruto, con su caracter\u00edstico color azul intenso y textura rugosa. Presentadas en caja de 3 kg, ideales para coleccionistas, decoraci\u00f3n o uso energ\u00e9tico enfocado en la comunicaci\u00f3n, la claridad mental y la inspiraci\u00f3n creativa. CAJA de apatito en bruto, tres 3kg cada CAJA\u00bb<\/p>","protected":false},"featured_media":0,"template":"","meta":[],"product_brand":[],"product_cat":[151],"product_tag":[381],"class_list":{"0":"post-16019","1":"product","2":"type-product","3":"status-publish","5":"product_cat-packs-cajas","6":"product_tag-apatito","8":"first","9":"instock","10":"taxable","11":"shipping-taxable","12":"purchasable","13":"product-type-simple"},"_links":{"self":[{"href":"https:\/\/geabarcelona.com\/de\/wp-json\/wp\/v2\/product\/16019","targetHints":{"allow":["GET"]}}],"collection":[{"href":"https:\/\/geabarcelona.com\/de\/wp-json\/wp\/v2\/product"}],"about":[{"href":"https:\/\/geabarcelona.com\/de\/wp-json\/wp\/v2\/types\/product"}],"version-history":[{"count":1,"href":"https:\/\/geabarcelona.com\/de\/wp-json\/wp\/v2\/product\/16019\/revisions"}],"predecessor-version":[{"id":19263,"href":"https:\/\/geabarcelona.com\/de\/wp-json\/wp\/v2\/product\/16019\/revisions\/19263"}],"wp:attachment":[{"href":"https:\/\/geabarcelona.com\/de\/wp-json\/wp\/v2\/media?parent=16019"}],"wp:term":[{"taxonomy":"product_brand","embeddable":true,"href":"https:\/\/geabarcelona.com\/de\/wp-json\/wp\/v2\/product_brand?post=16019"},{"taxonomy":"product_cat","embeddable":true,"href":"https:\/\/geabarcelona.com\/de\/wp-json\/wp\/v2\/product_cat?post=16019"},{"taxonomy":"product_tag","embeddable":true,"href":"https:\/\/geabarcelona.com\/de\/wp-json\/wp\/v2\/product_tag?post=16019"}],"curies":[{"name":"wp","href":"https:\/\/api.w.org\/{rel}","templated":true}]}}