{"id":16086,"date":"2024-01-25T13:12:43","date_gmt":"2024-01-25T12:12:43","guid":{"rendered":"https:\/\/geabarcelona.com\/?post_type=product&#038;p=16086"},"modified":"2025-06-19T08:43:49","modified_gmt":"2025-06-19T06:43:49","slug":"turmalina-rosa-facetada-pack-de-7-piezas-lote-4","status":"publish","type":"product","link":"https:\/\/geabarcelona.com\/de\/produkt\/turmalina-rosa-facetada-pack-de-7-piezas-lote-4\/","title":{"rendered":"Turmalina rosa facetada pack de 7 piezas (Lote 4)"},"content":{"rendered":"<p>Conjunto de 7 turmalinas rosa facetadas, seleccionadas por su brillo, color y calidad. Ideales para joyer\u00eda, colecci\u00f3n o trabajos energ\u00e9ticos.<br \/>\nTurmalina rosa facetada pack de 7 piezas (Lote 4)<\/p>\n<p>15 \u20ac\/ ct<br \/>\npack de 13,55ct<\/p>","protected":false},"excerpt":{"rendered":"<p>Conjunto de 7 turmalinas rosa facetadas, seleccionadas por su brillo, color y calidad. Ideales para joyer\u00eda, colecci\u00f3n o trabajos energ\u00e9ticos. Turmalina rosa facetada pack de 7 piezas (Lote 4) 15 \u20ac\/ ct pack de 13,55ct<\/p>","protected":false},"featured_media":16087,"template":"","meta":[],"product_brand":[],"product_cat":[136],"product_tag":[232],"class_list":{"0":"post-16086","1":"product","2":"type-product","3":"status-publish","4":"has-post-thumbnail","6":"product_cat-piedras-gemas","7":"product_tag-turmalina","9":"first","10":"instock","11":"taxable","12":"shipping-taxable","13":"purchasable","14":"product-type-simple"},"_links":{"self":[{"href":"https:\/\/geabarcelona.com\/de\/wp-json\/wp\/v2\/product\/16086","targetHints":{"allow":["GET"]}}],"collection":[{"href":"https:\/\/geabarcelona.com\/de\/wp-json\/wp\/v2\/product"}],"about":[{"href":"https:\/\/geabarcelona.com\/de\/wp-json\/wp\/v2\/types\/product"}],"version-history":[{"count":1,"href":"https:\/\/geabarcelona.com\/de\/wp-json\/wp\/v2\/product\/16086\/revisions"}],"predecessor-version":[{"id":18209,"href":"https:\/\/geabarcelona.com\/de\/wp-json\/wp\/v2\/product\/16086\/revisions\/18209"}],"wp:featuredmedia":[{"embeddable":true,"href":"https:\/\/geabarcelona.com\/de\/wp-json\/wp\/v2\/media\/16087"}],"wp:attachment":[{"href":"https:\/\/geabarcelona.com\/de\/wp-json\/wp\/v2\/media?parent=16086"}],"wp:term":[{"taxonomy":"product_brand","embeddable":true,"href":"https:\/\/geabarcelona.com\/de\/wp-json\/wp\/v2\/product_brand?post=16086"},{"taxonomy":"product_cat","embeddable":true,"href":"https:\/\/geabarcelona.com\/de\/wp-json\/wp\/v2\/product_cat?post=16086"},{"taxonomy":"product_tag","embeddable":true,"href":"https:\/\/geabarcelona.com\/de\/wp-json\/wp\/v2\/product_tag?post=16086"}],"curies":[{"name":"wp","href":"https:\/\/api.w.org\/{rel}","templated":true}]}}