{"id":16089,"date":"2024-01-25T13:18:24","date_gmt":"2024-01-25T12:18:24","guid":{"rendered":"https:\/\/geabarcelona.com\/?post_type=product&#038;p=16089"},"modified":"2025-06-19T08:43:49","modified_gmt":"2025-06-19T06:43:49","slug":"turmalina-verde-facetada-pack-de-4-piezas-lote-5","status":"publish","type":"product","link":"https:\/\/geabarcelona.com\/de\/produkt\/turmalina-verde-facetada-pack-de-4-piezas-lote-5\/","title":{"rendered":"Turmalina verde facetada pack de 4 piezas (Lote 5)"},"content":{"rendered":"<p>Conjunto de 4 turmalinas verdes facetadas, seleccionadas por su brillo, color y calidad. Ideales para joyer\u00eda, colecci\u00f3n o trabajos energ\u00e9ticos.<br \/>\nTurmalina verde facetada pack de 4 piezas (Lote 5)<\/p>\n<p>15\u20ac\/Ct<br \/>\nPack de 10,2 Ct<\/p>","protected":false},"excerpt":{"rendered":"<p>Conjunto de 4 turmalinas verdes facetadas, seleccionadas por su brillo, color y calidad. Ideales para joyer\u00eda, colecci\u00f3n o trabajos energ\u00e9ticos. Turmalina verde facetada pack de 4 piezas (Lote 5) 15\u20ac\/Ct Pack de 10,2 Ct<\/p>","protected":false},"featured_media":16090,"template":"","meta":[],"product_brand":[],"product_cat":[136],"product_tag":[232],"class_list":{"0":"post-16089","1":"product","2":"type-product","3":"status-publish","4":"has-post-thumbnail","6":"product_cat-piedras-gemas","7":"product_tag-turmalina","9":"first","10":"instock","11":"taxable","12":"shipping-taxable","13":"purchasable","14":"product-type-simple"},"_links":{"self":[{"href":"https:\/\/geabarcelona.com\/de\/wp-json\/wp\/v2\/product\/16089","targetHints":{"allow":["GET"]}}],"collection":[{"href":"https:\/\/geabarcelona.com\/de\/wp-json\/wp\/v2\/product"}],"about":[{"href":"https:\/\/geabarcelona.com\/de\/wp-json\/wp\/v2\/types\/product"}],"version-history":[{"count":1,"href":"https:\/\/geabarcelona.com\/de\/wp-json\/wp\/v2\/product\/16089\/revisions"}],"predecessor-version":[{"id":18210,"href":"https:\/\/geabarcelona.com\/de\/wp-json\/wp\/v2\/product\/16089\/revisions\/18210"}],"wp:featuredmedia":[{"embeddable":true,"href":"https:\/\/geabarcelona.com\/de\/wp-json\/wp\/v2\/media\/16090"}],"wp:attachment":[{"href":"https:\/\/geabarcelona.com\/de\/wp-json\/wp\/v2\/media?parent=16089"}],"wp:term":[{"taxonomy":"product_brand","embeddable":true,"href":"https:\/\/geabarcelona.com\/de\/wp-json\/wp\/v2\/product_brand?post=16089"},{"taxonomy":"product_cat","embeddable":true,"href":"https:\/\/geabarcelona.com\/de\/wp-json\/wp\/v2\/product_cat?post=16089"},{"taxonomy":"product_tag","embeddable":true,"href":"https:\/\/geabarcelona.com\/de\/wp-json\/wp\/v2\/product_tag?post=16089"}],"curies":[{"name":"wp","href":"https:\/\/api.w.org\/{rel}","templated":true}]}}