{"id":16177,"date":"2024-01-26T08:58:51","date_gmt":"2024-01-26T07:58:51","guid":{"rendered":"https:\/\/geabarcelona.com\/?post_type=product&#038;p=16177"},"modified":"2025-06-19T08:43:49","modified_gmt":"2025-06-19T06:43:49","slug":"turmalina-natural-facetada-1-pieza-lote-3","status":"publish","type":"product","link":"https:\/\/geabarcelona.com\/de\/produkt\/turmalina-natural-facetada-1-pieza-lote-3\/","title":{"rendered":"Turmalina natural facetada 1 pieza (Lote 3)"},"content":{"rendered":"<p>Turmalina natural facetada, seleccionada por su brillo, color y calidad. Ideales para joyer\u00eda, colecci\u00f3n o trabajos energ\u00e9ticos.<br \/>\nTurmalina natural facetada 1 pieza (Lote 3)<br \/>\n15\u20ac\/ct<\/p>","protected":false},"excerpt":{"rendered":"<p>Turmalina natural facetada, seleccionada por su brillo, color y calidad. Ideales para joyer\u00eda, colecci\u00f3n o trabajos energ\u00e9ticos. Turmalina natural facetada 1 pieza (Lote 3) 15\u20ac\/ct<\/p>","protected":false},"featured_media":16178,"template":"","meta":[],"product_brand":[],"product_cat":[136],"product_tag":[232],"class_list":{"0":"post-16177","1":"product","2":"type-product","3":"status-publish","4":"has-post-thumbnail","6":"product_cat-piedras-gemas","7":"product_tag-turmalina","9":"first","10":"instock","11":"taxable","12":"shipping-taxable","13":"purchasable","14":"product-type-simple"},"_links":{"self":[{"href":"https:\/\/geabarcelona.com\/de\/wp-json\/wp\/v2\/product\/16177","targetHints":{"allow":["GET"]}}],"collection":[{"href":"https:\/\/geabarcelona.com\/de\/wp-json\/wp\/v2\/product"}],"about":[{"href":"https:\/\/geabarcelona.com\/de\/wp-json\/wp\/v2\/types\/product"}],"version-history":[{"count":1,"href":"https:\/\/geabarcelona.com\/de\/wp-json\/wp\/v2\/product\/16177\/revisions"}],"predecessor-version":[{"id":18208,"href":"https:\/\/geabarcelona.com\/de\/wp-json\/wp\/v2\/product\/16177\/revisions\/18208"}],"wp:featuredmedia":[{"embeddable":true,"href":"https:\/\/geabarcelona.com\/de\/wp-json\/wp\/v2\/media\/16178"}],"wp:attachment":[{"href":"https:\/\/geabarcelona.com\/de\/wp-json\/wp\/v2\/media?parent=16177"}],"wp:term":[{"taxonomy":"product_brand","embeddable":true,"href":"https:\/\/geabarcelona.com\/de\/wp-json\/wp\/v2\/product_brand?post=16177"},{"taxonomy":"product_cat","embeddable":true,"href":"https:\/\/geabarcelona.com\/de\/wp-json\/wp\/v2\/product_cat?post=16177"},{"taxonomy":"product_tag","embeddable":true,"href":"https:\/\/geabarcelona.com\/de\/wp-json\/wp\/v2\/product_tag?post=16177"}],"curies":[{"name":"wp","href":"https:\/\/api.w.org\/{rel}","templated":true}]}}