{"id":16586,"date":"2024-03-05T12:35:34","date_gmt":"2024-03-05T11:35:34","guid":{"rendered":"https:\/\/geabarcelona.com\/producto\/esferas-de-cuarzo-blanco\/"},"modified":"2025-12-11T11:27:33","modified_gmt":"2025-12-11T10:27:33","slug":"esferas-de-cuarzo-blanco","status":"publish","type":"product","link":"https:\/\/geabarcelona.com\/de\/produkt\/esferas-de-cuarzo-blanco\/","title":{"rendered":"Esferas de cuarzo blanco"},"content":{"rendered":"<p>Esferas pulidas de cuarzo blanco, con un acabado transl\u00facido y brillo suave. Conocidas por su pureza visual y sus propiedades energ\u00e9ticas de limpieza y armonizaci\u00f3n. Ideales para decoraci\u00f3n, meditaci\u00f3n o colecci\u00f3n.<br \/>\nVerkauf pro St\u00fcck<\/p>","protected":false},"excerpt":{"rendered":"<p>Esferas pulidas de cuarzo blanco, con un acabado transl\u00facido y brillo suave. Conocidas por su pureza visual y sus propiedades energ\u00e9ticas de limpieza y armonizaci\u00f3n. Ideales para decoraci\u00f3n, meditaci\u00f3n o colecci\u00f3n. Venta por unidad<\/p>","protected":false},"featured_media":18011,"template":"","meta":[],"product_brand":[],"product_cat":[153,149,148,147],"product_tag":[211],"class_list":{"0":"post-16586","1":"product","2":"type-product","3":"status-publish","4":"has-post-thumbnail","6":"product_cat-catalogo","7":"product_cat-decoracion-lamparas","8":"product_cat-pulido-formas","9":"product_cat-terapias-hogar","10":"product_tag-decoracion","12":"first","13":"instock","14":"taxable","15":"shipping-taxable","16":"purchasable","17":"product-type-simple"},"_links":{"self":[{"href":"https:\/\/geabarcelona.com\/de\/wp-json\/wp\/v2\/product\/16586","targetHints":{"allow":["GET"]}}],"collection":[{"href":"https:\/\/geabarcelona.com\/de\/wp-json\/wp\/v2\/product"}],"about":[{"href":"https:\/\/geabarcelona.com\/de\/wp-json\/wp\/v2\/types\/product"}],"version-history":[{"count":2,"href":"https:\/\/geabarcelona.com\/de\/wp-json\/wp\/v2\/product\/16586\/revisions"}],"predecessor-version":[{"id":18314,"href":"https:\/\/geabarcelona.com\/de\/wp-json\/wp\/v2\/product\/16586\/revisions\/18314"}],"wp:featuredmedia":[{"embeddable":true,"href":"https:\/\/geabarcelona.com\/de\/wp-json\/wp\/v2\/media\/18011"}],"wp:attachment":[{"href":"https:\/\/geabarcelona.com\/de\/wp-json\/wp\/v2\/media?parent=16586"}],"wp:term":[{"taxonomy":"product_brand","embeddable":true,"href":"https:\/\/geabarcelona.com\/de\/wp-json\/wp\/v2\/product_brand?post=16586"},{"taxonomy":"product_cat","embeddable":true,"href":"https:\/\/geabarcelona.com\/de\/wp-json\/wp\/v2\/product_cat?post=16586"},{"taxonomy":"product_tag","embeddable":true,"href":"https:\/\/geabarcelona.com\/de\/wp-json\/wp\/v2\/product_tag?post=16586"}],"curies":[{"name":"wp","href":"https:\/\/api.w.org\/{rel}","templated":true}]}}