{"id":16598,"date":"2024-03-05T12:50:03","date_gmt":"2024-03-05T11:50:03","guid":{"rendered":"https:\/\/geabarcelona.com\/producto\/calavera-de-cuarzo-blanco\/"},"modified":"2025-12-11T11:29:28","modified_gmt":"2025-12-11T10:29:28","slug":"calavera-de-cuarzo-blanco","status":"publish","type":"product","link":"https:\/\/geabarcelona.com\/de\/produkt\/calavera-de-cuarzo-blanco\/","title":{"rendered":"Wei\u00dfer Quarz-Sch\u00e4del"},"content":{"rendered":"<p>Calavera tallada en cuarzo blanco, con un acabado transl\u00facido y brillo suave. Conocidas por su pureza visual y sus propiedades energ\u00e9ticas de limpieza y armonizaci\u00f3n. Ideales para decoraci\u00f3n, meditaci\u00f3n o colecci\u00f3n.<br \/>\nVerkauf pro St\u00fcck<\/p>","protected":false},"excerpt":{"rendered":"<p>Calavera tallada en cuarzo blanco, con un acabado transl\u00facido y brillo suave. Conocidas por su pureza visual y sus propiedades energ\u00e9ticas de limpieza y armonizaci\u00f3n. Ideales para decoraci\u00f3n, meditaci\u00f3n o colecci\u00f3n. Venta por unidad<\/p>","protected":false},"featured_media":18031,"template":"","meta":[],"product_brand":[],"product_cat":[149,148,147],"product_tag":[211],"class_list":{"0":"post-16598","1":"product","2":"type-product","3":"status-publish","4":"has-post-thumbnail","6":"product_cat-decoracion-lamparas","7":"product_cat-pulido-formas","8":"product_cat-terapias-hogar","9":"product_tag-decoracion","11":"first","12":"instock","13":"taxable","14":"shipping-taxable","15":"purchasable","16":"product-type-simple"},"_links":{"self":[{"href":"https:\/\/geabarcelona.com\/de\/wp-json\/wp\/v2\/product\/16598","targetHints":{"allow":["GET"]}}],"collection":[{"href":"https:\/\/geabarcelona.com\/de\/wp-json\/wp\/v2\/product"}],"about":[{"href":"https:\/\/geabarcelona.com\/de\/wp-json\/wp\/v2\/types\/product"}],"version-history":[{"count":2,"href":"https:\/\/geabarcelona.com\/de\/wp-json\/wp\/v2\/product\/16598\/revisions"}],"predecessor-version":[{"id":18298,"href":"https:\/\/geabarcelona.com\/de\/wp-json\/wp\/v2\/product\/16598\/revisions\/18298"}],"wp:featuredmedia":[{"embeddable":true,"href":"https:\/\/geabarcelona.com\/de\/wp-json\/wp\/v2\/media\/18031"}],"wp:attachment":[{"href":"https:\/\/geabarcelona.com\/de\/wp-json\/wp\/v2\/media?parent=16598"}],"wp:term":[{"taxonomy":"product_brand","embeddable":true,"href":"https:\/\/geabarcelona.com\/de\/wp-json\/wp\/v2\/product_brand?post=16598"},{"taxonomy":"product_cat","embeddable":true,"href":"https:\/\/geabarcelona.com\/de\/wp-json\/wp\/v2\/product_cat?post=16598"},{"taxonomy":"product_tag","embeddable":true,"href":"https:\/\/geabarcelona.com\/de\/wp-json\/wp\/v2\/product_tag?post=16598"}],"curies":[{"name":"wp","href":"https:\/\/api.w.org\/{rel}","templated":true}]}}