{"id":16627,"date":"2024-03-05T13:29:27","date_gmt":"2024-03-05T12:29:27","guid":{"rendered":"https:\/\/geabarcelona.com\/producto\/huevo-de-amatista\/"},"modified":"2025-06-19T08:44:01","modified_gmt":"2025-06-19T06:44:01","slug":"huevo-de-amatista","status":"publish","type":"product","link":"https:\/\/geabarcelona.com\/de\/produkt\/huevo-de-amatista\/","title":{"rendered":"Huevo de Amatista"},"content":{"rendered":"<p>Amatista pulida en forma de huevo. Cada pieza es \u00fanica y perfecta para decoraci\u00f3n, colecci\u00f3n o uso en terapias energ\u00e9ticas.<br \/>\nVenta por unidad.<\/p>","protected":false},"excerpt":{"rendered":"<p>Amatista pulida en forma de huevo. Cada pieza es \u00fanica y perfecta para decoraci\u00f3n, colecci\u00f3n o uso en terapias energ\u00e9ticas. Venta por unidad.<\/p>","protected":false},"featured_media":18018,"template":"","meta":[],"product_brand":[],"product_cat":[148,147],"product_tag":[245],"class_list":{"0":"post-16627","1":"product","2":"type-product","3":"status-publish","4":"has-post-thumbnail","6":"product_cat-pulido-formas","7":"product_cat-terapias-hogar","8":"product_tag-amatista","10":"first","11":"instock","12":"taxable","13":"shipping-taxable","14":"purchasable","15":"product-type-simple"},"_links":{"self":[{"href":"https:\/\/geabarcelona.com\/de\/wp-json\/wp\/v2\/product\/16627","targetHints":{"allow":["GET"]}}],"collection":[{"href":"https:\/\/geabarcelona.com\/de\/wp-json\/wp\/v2\/product"}],"about":[{"href":"https:\/\/geabarcelona.com\/de\/wp-json\/wp\/v2\/types\/product"}],"version-history":[{"count":2,"href":"https:\/\/geabarcelona.com\/de\/wp-json\/wp\/v2\/product\/16627\/revisions"}],"predecessor-version":[{"id":18377,"href":"https:\/\/geabarcelona.com\/de\/wp-json\/wp\/v2\/product\/16627\/revisions\/18377"}],"wp:featuredmedia":[{"embeddable":true,"href":"https:\/\/geabarcelona.com\/de\/wp-json\/wp\/v2\/media\/18018"}],"wp:attachment":[{"href":"https:\/\/geabarcelona.com\/de\/wp-json\/wp\/v2\/media?parent=16627"}],"wp:term":[{"taxonomy":"product_brand","embeddable":true,"href":"https:\/\/geabarcelona.com\/de\/wp-json\/wp\/v2\/product_brand?post=16627"},{"taxonomy":"product_cat","embeddable":true,"href":"https:\/\/geabarcelona.com\/de\/wp-json\/wp\/v2\/product_cat?post=16627"},{"taxonomy":"product_tag","embeddable":true,"href":"https:\/\/geabarcelona.com\/de\/wp-json\/wp\/v2\/product_tag?post=16627"}],"curies":[{"name":"wp","href":"https:\/\/api.w.org\/{rel}","templated":true}]}}