{"id":16749,"date":"2024-06-12T14:36:05","date_gmt":"2024-06-12T12:36:05","guid":{"rendered":"https:\/\/geabarcelona.com\/producto\/lampara-de-amatista\/"},"modified":"2025-12-11T11:30:08","modified_gmt":"2025-12-11T10:30:08","slug":"lampara-de-amatista","status":"publish","type":"product","link":"https:\/\/geabarcelona.com\/de\/produkt\/lampara-de-amatista\/","title":{"rendered":"L\u00e1mpara de Amatista con base"},"content":{"rendered":"<p>L\u00e1mpara elaborada con amatista en bruto, resaltando la belleza aut\u00e9ntica del mineral. Su luz violeta suave atraviesa las zonas transl\u00facidas de la piedra, creando un ambiente c\u00e1lido y relajante. Ideal para decorar espacios, aportar energ\u00eda positiva y promover la calma y el equilibrio en el entorno.<br \/>\nVenta por kg.<\/p>","protected":false},"excerpt":{"rendered":"<p>L\u00e1mpara elaborada con amatista en bruto, resaltando la belleza aut\u00e9ntica del mineral. Su luz violeta suave atraviesa las zonas transl\u00facidas de la piedra, creando un ambiente c\u00e1lido y relajante. Ideal para decorar espacios, aportar energ\u00eda positiva y promover la calma y el equilibrio en el entorno. Venta por kg.<\/p>","protected":false},"featured_media":18395,"template":"","meta":[],"product_brand":[],"product_cat":[139,149,147],"product_tag":[245],"class_list":{"0":"post-16749","1":"product","2":"type-product","3":"status-publish","4":"has-post-thumbnail","6":"product_cat-brasil","7":"product_cat-decoracion-lamparas","8":"product_cat-terapias-hogar","9":"product_tag-amatista","11":"first","12":"instock","13":"taxable","14":"shipping-taxable","15":"product-type-simple"},"_links":{"self":[{"href":"https:\/\/geabarcelona.com\/de\/wp-json\/wp\/v2\/product\/16749","targetHints":{"allow":["GET"]}}],"collection":[{"href":"https:\/\/geabarcelona.com\/de\/wp-json\/wp\/v2\/product"}],"about":[{"href":"https:\/\/geabarcelona.com\/de\/wp-json\/wp\/v2\/types\/product"}],"version-history":[{"count":3,"href":"https:\/\/geabarcelona.com\/de\/wp-json\/wp\/v2\/product\/16749\/revisions"}],"predecessor-version":[{"id":18249,"href":"https:\/\/geabarcelona.com\/de\/wp-json\/wp\/v2\/product\/16749\/revisions\/18249"}],"wp:featuredmedia":[{"embeddable":true,"href":"https:\/\/geabarcelona.com\/de\/wp-json\/wp\/v2\/media\/18395"}],"wp:attachment":[{"href":"https:\/\/geabarcelona.com\/de\/wp-json\/wp\/v2\/media?parent=16749"}],"wp:term":[{"taxonomy":"product_brand","embeddable":true,"href":"https:\/\/geabarcelona.com\/de\/wp-json\/wp\/v2\/product_brand?post=16749"},{"taxonomy":"product_cat","embeddable":true,"href":"https:\/\/geabarcelona.com\/de\/wp-json\/wp\/v2\/product_cat?post=16749"},{"taxonomy":"product_tag","embeddable":true,"href":"https:\/\/geabarcelona.com\/de\/wp-json\/wp\/v2\/product_tag?post=16749"}],"curies":[{"name":"wp","href":"https:\/\/api.w.org\/{rel}","templated":true}]}}