{"id":17300,"date":"2025-02-17T15:24:57","date_gmt":"2025-02-17T14:24:57","guid":{"rendered":"https:\/\/geabarcelona.com\/?post_type=product&#038;p=17300"},"modified":"2025-12-10T17:41:04","modified_gmt":"2025-12-10T16:41:04","slug":"geoda-cuarzo-1pc-unidad","status":"publish","type":"product","link":"https:\/\/geabarcelona.com\/de\/produkt\/geoda-cuarzo-1pc-unidad\/","title":{"rendered":"QUARZGEODE 1ST\u00dcCK (EINHEIT)"},"content":{"rendered":"<p>Geoda natural de cuarzo con cavidades internas repletas de cristales brillantes y transl\u00facidos. Pieza unica, ideales para decoraci\u00f3n, coleccionismo o para terapias energ\u00e9ticas y armonizar espacios.<br \/>\nREVISAR CENTIMETROS POR DIAMETRO<\/p>","protected":false},"excerpt":{"rendered":"<p>Geoda natural de cuarzo con cavidades internas repletas de cristales brillantes y transl\u00facidos. Pieza unica, ideales para decoraci\u00f3n, coleccionismo o para terapias energ\u00e9ticas y armonizar espacios. REVISAR CENTIMETROS POR DIAMETRO<\/p>","protected":false},"featured_media":17301,"template":"","meta":[],"product_brand":[],"product_cat":[136],"product_tag":[211],"class_list":{"0":"post-17300","1":"product","2":"type-product","3":"status-publish","4":"has-post-thumbnail","6":"product_cat-piedras-gemas","7":"product_tag-decoracion","9":"first","10":"instock","11":"taxable","12":"shipping-taxable","13":"purchasable","14":"product-type-simple"},"_links":{"self":[{"href":"https:\/\/geabarcelona.com\/de\/wp-json\/wp\/v2\/product\/17300","targetHints":{"allow":["GET"]}}],"collection":[{"href":"https:\/\/geabarcelona.com\/de\/wp-json\/wp\/v2\/product"}],"about":[{"href":"https:\/\/geabarcelona.com\/de\/wp-json\/wp\/v2\/types\/product"}],"version-history":[{"count":2,"href":"https:\/\/geabarcelona.com\/de\/wp-json\/wp\/v2\/product\/17300\/revisions"}],"predecessor-version":[{"id":18206,"href":"https:\/\/geabarcelona.com\/de\/wp-json\/wp\/v2\/product\/17300\/revisions\/18206"}],"wp:featuredmedia":[{"embeddable":true,"href":"https:\/\/geabarcelona.com\/de\/wp-json\/wp\/v2\/media\/17301"}],"wp:attachment":[{"href":"https:\/\/geabarcelona.com\/de\/wp-json\/wp\/v2\/media?parent=17300"}],"wp:term":[{"taxonomy":"product_brand","embeddable":true,"href":"https:\/\/geabarcelona.com\/de\/wp-json\/wp\/v2\/product_brand?post=17300"},{"taxonomy":"product_cat","embeddable":true,"href":"https:\/\/geabarcelona.com\/de\/wp-json\/wp\/v2\/product_cat?post=17300"},{"taxonomy":"product_tag","embeddable":true,"href":"https:\/\/geabarcelona.com\/de\/wp-json\/wp\/v2\/product_tag?post=17300"}],"curies":[{"name":"wp","href":"https:\/\/api.w.org\/{rel}","templated":true}]}}