{"id":17335,"date":"2025-02-17T15:45:05","date_gmt":"2025-02-17T14:45:05","guid":{"rendered":"https:\/\/geabarcelona.com\/?post_type=product&#038;p=17335"},"modified":"2025-11-21T11:27:45","modified_gmt":"2025-11-21T10:27:45","slug":"mineral-agata-pulido","status":"publish","type":"product","link":"https:\/\/geabarcelona.com\/de\/producto\/mineral-agata-pulido\/","title":{"rendered":"POLIERTES ACHAT-MINERAL"},"content":{"rendered":"<p>\u00c1gata natural pulida, que resalta su brillo y colores \u00fanicos, ideal para decoraci\u00f3n, coleccionismo o uso energ\u00e9tico. precio\/kg\u00bb<\/p>","protected":false},"excerpt":{"rendered":"<p>\u00c1gata natural pulida, que resalta su brillo y colores \u00fanicos, ideal para decoraci\u00f3n, coleccionismo o uso energ\u00e9tico. precio\/kg\u00bb<\/p>","protected":false},"featured_media":17336,"template":"","meta":[],"product_brand":[],"product_cat":[148],"product_tag":[176],"class_list":{"0":"post-17335","1":"product","2":"type-product","3":"status-publish","4":"has-post-thumbnail","6":"product_cat-pulido-formas","7":"product_tag-agata","9":"first","10":"instock","11":"taxable","12":"shipping-taxable","13":"purchasable","14":"product-type-simple"},"_links":{"self":[{"href":"https:\/\/geabarcelona.com\/de\/wp-json\/wp\/v2\/product\/17335","targetHints":{"allow":["GET"]}}],"collection":[{"href":"https:\/\/geabarcelona.com\/de\/wp-json\/wp\/v2\/product"}],"about":[{"href":"https:\/\/geabarcelona.com\/de\/wp-json\/wp\/v2\/types\/product"}],"version-history":[{"count":2,"href":"https:\/\/geabarcelona.com\/de\/wp-json\/wp\/v2\/product\/17335\/revisions"}],"predecessor-version":[{"id":19378,"href":"https:\/\/geabarcelona.com\/de\/wp-json\/wp\/v2\/product\/17335\/revisions\/19378"}],"wp:featuredmedia":[{"embeddable":true,"href":"https:\/\/geabarcelona.com\/de\/wp-json\/wp\/v2\/media\/17336"}],"wp:attachment":[{"href":"https:\/\/geabarcelona.com\/de\/wp-json\/wp\/v2\/media?parent=17335"}],"wp:term":[{"taxonomy":"product_brand","embeddable":true,"href":"https:\/\/geabarcelona.com\/de\/wp-json\/wp\/v2\/product_brand?post=17335"},{"taxonomy":"product_cat","embeddable":true,"href":"https:\/\/geabarcelona.com\/de\/wp-json\/wp\/v2\/product_cat?post=17335"},{"taxonomy":"product_tag","embeddable":true,"href":"https:\/\/geabarcelona.com\/de\/wp-json\/wp\/v2\/product_tag?post=17335"}],"curies":[{"name":"wp","href":"https:\/\/api.w.org\/{rel}","templated":true}]}}