{"id":17398,"date":"2025-02-17T16:16:49","date_gmt":"2025-02-17T15:16:49","guid":{"rendered":"https:\/\/geabarcelona.com\/?post_type=product&#038;p=17398"},"modified":"2025-12-10T17:34:21","modified_gmt":"2025-12-10T16:34:21","slug":"flat-bases-metal-mixto","status":"publish","type":"product","link":"https:\/\/geabarcelona.com\/de\/produkt\/flat-bases-metal-mixto\/","title":{"rendered":"FLACHSOCKEL GEMISCHTES METALL"},"content":{"rendered":"<p>Selecci\u00f3n de minerales naturales montados sobre bases met\u00e1licas planas, que realzan su belleza y permiten una exhibici\u00f3n elegante. Cada pieza es \u00fanica, ideales para decoraci\u00f3n, colecci\u00f3n o uso energ\u00e9tico enfocado en la armonizaci\u00f3n del espacio. PRECIO\/UNIDAD\u00bb<\/p>","protected":false},"excerpt":{"rendered":"<p>Selecci\u00f3n de minerales naturales montados sobre bases met\u00e1licas planas, que realzan su belleza y permiten una exhibici\u00f3n elegante. Cada pieza es \u00fanica, ideales para decoraci\u00f3n, colecci\u00f3n o uso energ\u00e9tico enfocado en la armonizaci\u00f3n del espacio. PRECIO\/UNIDAD\u00bb<\/p>","protected":false},"featured_media":17399,"template":"","meta":[],"product_brand":[],"product_cat":[149],"product_tag":[327],"class_list":{"0":"post-17398","1":"product","2":"type-product","3":"status-publish","4":"has-post-thumbnail","6":"product_cat-decoracion-lamparas","7":"product_tag-minerales","9":"first","10":"instock","11":"taxable","12":"shipping-taxable","13":"purchasable","14":"product-type-simple"},"_links":{"self":[{"href":"https:\/\/geabarcelona.com\/de\/wp-json\/wp\/v2\/product\/17398","targetHints":{"allow":["GET"]}}],"collection":[{"href":"https:\/\/geabarcelona.com\/de\/wp-json\/wp\/v2\/product"}],"about":[{"href":"https:\/\/geabarcelona.com\/de\/wp-json\/wp\/v2\/types\/product"}],"version-history":[{"count":2,"href":"https:\/\/geabarcelona.com\/de\/wp-json\/wp\/v2\/product\/17398\/revisions"}],"predecessor-version":[{"id":19383,"href":"https:\/\/geabarcelona.com\/de\/wp-json\/wp\/v2\/product\/17398\/revisions\/19383"}],"wp:featuredmedia":[{"embeddable":true,"href":"https:\/\/geabarcelona.com\/de\/wp-json\/wp\/v2\/media\/17399"}],"wp:attachment":[{"href":"https:\/\/geabarcelona.com\/de\/wp-json\/wp\/v2\/media?parent=17398"}],"wp:term":[{"taxonomy":"product_brand","embeddable":true,"href":"https:\/\/geabarcelona.com\/de\/wp-json\/wp\/v2\/product_brand?post=17398"},{"taxonomy":"product_cat","embeddable":true,"href":"https:\/\/geabarcelona.com\/de\/wp-json\/wp\/v2\/product_cat?post=17398"},{"taxonomy":"product_tag","embeddable":true,"href":"https:\/\/geabarcelona.com\/de\/wp-json\/wp\/v2\/product_tag?post=17398"}],"curies":[{"name":"wp","href":"https:\/\/api.w.org\/{rel}","templated":true}]}}