{"id":17417,"date":"2025-02-17T16:24:19","date_gmt":"2025-02-17T15:24:19","guid":{"rendered":"https:\/\/geabarcelona.com\/?post_type=product&#038;p=17417"},"modified":"2025-12-10T17:36:28","modified_gmt":"2025-12-10T16:36:28","slug":"fluorita-chapas","status":"publish","type":"product","link":"https:\/\/geabarcelona.com\/de\/produkt\/fluorita-chapas\/","title":{"rendered":"FLUORITPLATTEN"},"content":{"rendered":"<p>Chapas pulidas de fluorita con bellas combinaciones de colores como verde, violeta y azul.. Valoradas por su belleza natural y su energ\u00eda asociada a la concentraci\u00f3n y el equilibrio mental. Perfectas para colecci\u00f3n, meditaci\u00f3n o decoraci\u00f3n. \u00ab<\/p>","protected":false},"excerpt":{"rendered":"<p>Chapas pulidas de fluorita con bellas combinaciones de colores como verde, violeta y azul.. Valoradas por su belleza natural y su energ\u00eda asociada a la concentraci\u00f3n y el equilibrio mental. Perfectas para colecci\u00f3n, meditaci\u00f3n o decoraci\u00f3n. \u00ab<\/p>","protected":false},"featured_media":17418,"template":"","meta":[],"product_brand":[],"product_cat":[148],"product_tag":[306],"class_list":{"0":"post-17417","1":"product","2":"type-product","3":"status-publish","4":"has-post-thumbnail","6":"product_cat-pulido-formas","7":"product_tag-fluorita","9":"first","10":"instock","11":"taxable","12":"shipping-taxable","13":"purchasable","14":"product-type-simple"},"_links":{"self":[{"href":"https:\/\/geabarcelona.com\/de\/wp-json\/wp\/v2\/product\/17417","targetHints":{"allow":["GET"]}}],"collection":[{"href":"https:\/\/geabarcelona.com\/de\/wp-json\/wp\/v2\/product"}],"about":[{"href":"https:\/\/geabarcelona.com\/de\/wp-json\/wp\/v2\/types\/product"}],"version-history":[{"count":2,"href":"https:\/\/geabarcelona.com\/de\/wp-json\/wp\/v2\/product\/17417\/revisions"}],"predecessor-version":[{"id":19394,"href":"https:\/\/geabarcelona.com\/de\/wp-json\/wp\/v2\/product\/17417\/revisions\/19394"}],"wp:featuredmedia":[{"embeddable":true,"href":"https:\/\/geabarcelona.com\/de\/wp-json\/wp\/v2\/media\/17418"}],"wp:attachment":[{"href":"https:\/\/geabarcelona.com\/de\/wp-json\/wp\/v2\/media?parent=17417"}],"wp:term":[{"taxonomy":"product_brand","embeddable":true,"href":"https:\/\/geabarcelona.com\/de\/wp-json\/wp\/v2\/product_brand?post=17417"},{"taxonomy":"product_cat","embeddable":true,"href":"https:\/\/geabarcelona.com\/de\/wp-json\/wp\/v2\/product_cat?post=17417"},{"taxonomy":"product_tag","embeddable":true,"href":"https:\/\/geabarcelona.com\/de\/wp-json\/wp\/v2\/product_tag?post=17417"}],"curies":[{"name":"wp","href":"https:\/\/api.w.org\/{rel}","templated":true}]}}