{"id":17441,"date":"2025-02-17T16:34:26","date_gmt":"2025-02-17T15:34:26","guid":{"rendered":"https:\/\/geabarcelona.com\/?post_type=product&#038;p=17441"},"modified":"2025-12-11T11:32:26","modified_gmt":"2025-12-11T10:32:26","slug":"sodalita-con-base-metal","status":"publish","type":"product","link":"https:\/\/geabarcelona.com\/de\/produkt\/sodalita-con-base-metal\/","title":{"rendered":"SODALITH MIT METALLSOCKEL"},"content":{"rendered":"<p>Pieza natural desosalita en estado bruto, montada sobre una base de metal resistente que realza su textura cruda y aut\u00e9ntica. Ideal para decoraci\u00f3n, protecci\u00f3n energ\u00e9tica y espacios con estilo r\u00fastico y moderno.<\/p>\n<p>MIXBM1BT<\/p>\n<p>PRECIO\/UNIDAD<\/p>","protected":false},"excerpt":{"rendered":"<p>Pieza natural desosalita en estado bruto, montada sobre una base de metal resistente que realza su textura cruda y aut\u00e9ntica. Ideal para decoraci\u00f3n, protecci\u00f3n energ\u00e9tica y espacios con estilo r\u00fastico y moderno. MIXBM1BT PRECIO\/UNIDAD<\/p>","protected":false},"featured_media":17831,"template":"","meta":[],"product_brand":[],"product_cat":[139,153,149],"product_tag":[211],"class_list":{"0":"post-17441","1":"product","2":"type-product","3":"status-publish","4":"has-post-thumbnail","6":"product_cat-brasil","7":"product_cat-catalogo","8":"product_cat-decoracion-lamparas","9":"product_tag-decoracion","11":"first","12":"instock","13":"taxable","14":"shipping-taxable","15":"purchasable","16":"product-type-simple"},"_links":{"self":[{"href":"https:\/\/geabarcelona.com\/de\/wp-json\/wp\/v2\/product\/17441","targetHints":{"allow":["GET"]}}],"collection":[{"href":"https:\/\/geabarcelona.com\/de\/wp-json\/wp\/v2\/product"}],"about":[{"href":"https:\/\/geabarcelona.com\/de\/wp-json\/wp\/v2\/types\/product"}],"version-history":[{"count":2,"href":"https:\/\/geabarcelona.com\/de\/wp-json\/wp\/v2\/product\/17441\/revisions"}],"predecessor-version":[{"id":18168,"href":"https:\/\/geabarcelona.com\/de\/wp-json\/wp\/v2\/product\/17441\/revisions\/18168"}],"wp:featuredmedia":[{"embeddable":true,"href":"https:\/\/geabarcelona.com\/de\/wp-json\/wp\/v2\/media\/17831"}],"wp:attachment":[{"href":"https:\/\/geabarcelona.com\/de\/wp-json\/wp\/v2\/media?parent=17441"}],"wp:term":[{"taxonomy":"product_brand","embeddable":true,"href":"https:\/\/geabarcelona.com\/de\/wp-json\/wp\/v2\/product_brand?post=17441"},{"taxonomy":"product_cat","embeddable":true,"href":"https:\/\/geabarcelona.com\/de\/wp-json\/wp\/v2\/product_cat?post=17441"},{"taxonomy":"product_tag","embeddable":true,"href":"https:\/\/geabarcelona.com\/de\/wp-json\/wp\/v2\/product_tag?post=17441"}],"curies":[{"name":"wp","href":"https:\/\/api.w.org\/{rel}","templated":true}]}}