{"id":17447,"date":"2025-02-17T16:36:30","date_gmt":"2025-02-17T15:36:30","guid":{"rendered":"https:\/\/geabarcelona.com\/?post_type=product&#038;p=17447"},"modified":"2025-06-19T08:43:46","modified_gmt":"2025-06-19T06:43:46","slug":"turmalina-rosa-bruto-con-base-metal","status":"publish","type":"product","link":"https:\/\/geabarcelona.com\/de\/produkt\/turmalina-rosa-bruto-con-base-metal\/","title":{"rendered":"ROHER ROSA TURMALIN MIT METALLSOCKEL"},"content":{"rendered":"<p>Turmalina rosa con inclusiones naturales de mica y cuarzo, montada sobre una base de metal que aporta estabilidad y elegancia. Su aspecto mineral y texturizado la hace ideal para decoraci\u00f3n, colecci\u00f3n o como elemento energ\u00e9tico para espacios de meditaci\u00f3n o trabajo.<\/p>\n<p>MIXBM1BT<\/p>\n<p>PRECIO\/UNIDAD<\/p>\n<p>La turmalina es un mineral del grupo de los silicatos, conocido por su variedad crom\u00e1tica. Puede ser verde, rosa, roja, azul o negra, seg\u00fan los elementos qu\u00edmicos que contenga su composici\u00f3n. Aunque su f\u00f3rmula puede variar ligeramente, todas tienen una misma estructura cristalina trigonal, que forma cristales alargados y prism\u00e1ticos.<\/p>\n<p>Se forma sobre todo en rocas \u00edgneas y metam\u00f3rficas, en ambientes geol\u00f3gicos ricos es aluminio, hierro, magnesio y litio. Los principales pa\u00edses productores son Brasil, Afganist\u00e1n, Estados Unidos y Madagascar.<\/p>\n<p>La turmalina ha sido utilizada en tecnolog\u00eda por su capacidad piezoel\u00e9ctrica. tambi\u00e9n se considera una piedra de limpieza, protecci\u00f3n y transformaci\u00f3n, aunque sus propiedades var\u00edan seg\u00fan el color. La m\u00e1s com\u00fan es la turmalina negra, conocida como la piedra de protecci\u00f3n por excelencia. Se usa en terapias, curas, sanaciones, para limpiar energ\u00edas o neutralizar ondas electromagn\u00e9ticas.<\/p>","protected":false},"excerpt":{"rendered":"<p>Turmalina rosa con inclusiones naturales de mica y cuarzo, montada sobre una base de metal que aporta estabilidad y elegancia. Su aspecto mineral y texturizado la hace ideal para decoraci\u00f3n, colecci\u00f3n o como elemento energ\u00e9tico para espacios de meditaci\u00f3n o trabajo. MIXBM1BT PRECIO\/UNIDAD La turmalina es un mineral del grupo de los silicatos, conocido por [&hellip;]<\/p>","protected":false},"featured_media":17448,"template":"","meta":[],"product_brand":[],"product_cat":[139],"product_tag":[165],"class_list":{"0":"post-17447","1":"product","2":"type-product","3":"status-publish","4":"has-post-thumbnail","6":"product_cat-brasil","7":"product_tag-mineral","9":"first","10":"instock","11":"taxable","12":"shipping-taxable","13":"purchasable","14":"product-type-simple"},"_links":{"self":[{"href":"https:\/\/geabarcelona.com\/de\/wp-json\/wp\/v2\/product\/17447","targetHints":{"allow":["GET"]}}],"collection":[{"href":"https:\/\/geabarcelona.com\/de\/wp-json\/wp\/v2\/product"}],"about":[{"href":"https:\/\/geabarcelona.com\/de\/wp-json\/wp\/v2\/types\/product"}],"version-history":[{"count":3,"href":"https:\/\/geabarcelona.com\/de\/wp-json\/wp\/v2\/product\/17447\/revisions"}],"predecessor-version":[{"id":18170,"href":"https:\/\/geabarcelona.com\/de\/wp-json\/wp\/v2\/product\/17447\/revisions\/18170"}],"wp:featuredmedia":[{"embeddable":true,"href":"https:\/\/geabarcelona.com\/de\/wp-json\/wp\/v2\/media\/17448"}],"wp:attachment":[{"href":"https:\/\/geabarcelona.com\/de\/wp-json\/wp\/v2\/media?parent=17447"}],"wp:term":[{"taxonomy":"product_brand","embeddable":true,"href":"https:\/\/geabarcelona.com\/de\/wp-json\/wp\/v2\/product_brand?post=17447"},{"taxonomy":"product_cat","embeddable":true,"href":"https:\/\/geabarcelona.com\/de\/wp-json\/wp\/v2\/product_cat?post=17447"},{"taxonomy":"product_tag","embeddable":true,"href":"https:\/\/geabarcelona.com\/de\/wp-json\/wp\/v2\/product_tag?post=17447"}],"curies":[{"name":"wp","href":"https:\/\/api.w.org\/{rel}","templated":true}]}}