{"id":18564,"date":"2025-07-17T12:34:15","date_gmt":"2025-07-17T10:34:15","guid":{"rendered":"https:\/\/geabarcelona.com\/?post_type=product&#038;p=18564"},"modified":"2025-12-11T13:16:53","modified_gmt":"2025-12-11T12:16:53","slug":"prismas-cuarzo-rosa","status":"publish","type":"product","link":"https:\/\/geabarcelona.com\/de\/produkt\/prismas-cuarzo-rosa\/","title":{"rendered":"ROSENQUARZ-PRISMEN"},"content":{"rendered":"<p>Prismas pulidos de cuarzo rosa, con un acabado rosado y brillo suave. Conocidas por su pureza visual y sus propiedades energ\u00e9ticas de limpieza y armonizaci\u00f3n. Ideales para decoraci\u00f3n, meditaci\u00f3n o colecci\u00f3n.<\/p>","protected":false},"excerpt":{"rendered":"<p>Prismas pulidos de cuarzo rosa, distintas medidas y pesos. Venta por kg<\/p>","protected":false},"featured_media":18566,"template":"","meta":[],"product_brand":[],"product_cat":[148,147],"product_tag":[313,179,165,169],"class_list":{"0":"post-18564","1":"product","2":"type-product","3":"status-publish","4":"has-post-thumbnail","6":"product_cat-pulido-formas","7":"product_cat-terapias-hogar","8":"product_tag-cristal","9":"product_tag-cuarzo-rosa","10":"product_tag-mineral","11":"product_tag-venta-mayorista-de-minerales","13":"first","14":"instock","15":"taxable","16":"shipping-taxable","17":"purchasable","18":"product-type-simple"},"_links":{"self":[{"href":"https:\/\/geabarcelona.com\/de\/wp-json\/wp\/v2\/product\/18564","targetHints":{"allow":["GET"]}}],"collection":[{"href":"https:\/\/geabarcelona.com\/de\/wp-json\/wp\/v2\/product"}],"about":[{"href":"https:\/\/geabarcelona.com\/de\/wp-json\/wp\/v2\/types\/product"}],"version-history":[{"count":1,"href":"https:\/\/geabarcelona.com\/de\/wp-json\/wp\/v2\/product\/18564\/revisions"}],"predecessor-version":[{"id":18567,"href":"https:\/\/geabarcelona.com\/de\/wp-json\/wp\/v2\/product\/18564\/revisions\/18567"}],"wp:featuredmedia":[{"embeddable":true,"href":"https:\/\/geabarcelona.com\/de\/wp-json\/wp\/v2\/media\/18566"}],"wp:attachment":[{"href":"https:\/\/geabarcelona.com\/de\/wp-json\/wp\/v2\/media?parent=18564"}],"wp:term":[{"taxonomy":"product_brand","embeddable":true,"href":"https:\/\/geabarcelona.com\/de\/wp-json\/wp\/v2\/product_brand?post=18564"},{"taxonomy":"product_cat","embeddable":true,"href":"https:\/\/geabarcelona.com\/de\/wp-json\/wp\/v2\/product_cat?post=18564"},{"taxonomy":"product_tag","embeddable":true,"href":"https:\/\/geabarcelona.com\/de\/wp-json\/wp\/v2\/product_tag?post=18564"}],"curies":[{"name":"wp","href":"https:\/\/api.w.org\/{rel}","templated":true}]}}