{"id":18622,"date":"2025-07-17T15:09:41","date_gmt":"2025-07-17T13:09:41","guid":{"rendered":"https:\/\/geabarcelona.com\/?post_type=product&#038;p=18622"},"modified":"2025-12-11T11:35:02","modified_gmt":"2025-12-11T10:35:02","slug":"esfera-calcita-miel","status":"publish","type":"product","link":"https:\/\/geabarcelona.com\/de\/producto\/esfera-calcita-miel\/","title":{"rendered":"HONIG-CALCIT-KUGEL"},"content":{"rendered":"<p>Esfera pulida de amazonita con tonos color miel y vetas naturales. Cada pieza es \u00fanica y combina est\u00e9tica con propiedades energ\u00e9ticas asociadas a la calma y equilibrio. Ideal para decoraci\u00f3n, meditaci\u00f3n o colecci\u00f3n.<\/p>","protected":false},"excerpt":{"rendered":"<p>Esfera pulida de calcita miel. Distintos tama\u00f1os. Venta por Kg.<\/p>","protected":false},"featured_media":18625,"template":"","meta":[],"product_brand":[],"product_cat":[149,148],"product_tag":[325,165,322,171,169],"class_list":{"0":"post-18622","1":"product","2":"type-product","3":"status-publish","4":"has-post-thumbnail","6":"product_cat-decoracion-lamparas","7":"product_cat-pulido-formas","8":"product_tag-calcita","9":"product_tag-mineral","10":"product_tag-mineral-pulido","11":"product_tag-minerales-decorativos","12":"product_tag-venta-mayorista-de-minerales","14":"first","15":"instock","16":"taxable","17":"shipping-taxable","18":"purchasable","19":"product-type-simple"},"_links":{"self":[{"href":"https:\/\/geabarcelona.com\/de\/wp-json\/wp\/v2\/product\/18622","targetHints":{"allow":["GET"]}}],"collection":[{"href":"https:\/\/geabarcelona.com\/de\/wp-json\/wp\/v2\/product"}],"about":[{"href":"https:\/\/geabarcelona.com\/de\/wp-json\/wp\/v2\/types\/product"}],"version-history":[{"count":1,"href":"https:\/\/geabarcelona.com\/de\/wp-json\/wp\/v2\/product\/18622\/revisions"}],"predecessor-version":[{"id":18626,"href":"https:\/\/geabarcelona.com\/de\/wp-json\/wp\/v2\/product\/18622\/revisions\/18626"}],"wp:featuredmedia":[{"embeddable":true,"href":"https:\/\/geabarcelona.com\/de\/wp-json\/wp\/v2\/media\/18625"}],"wp:attachment":[{"href":"https:\/\/geabarcelona.com\/de\/wp-json\/wp\/v2\/media?parent=18622"}],"wp:term":[{"taxonomy":"product_brand","embeddable":true,"href":"https:\/\/geabarcelona.com\/de\/wp-json\/wp\/v2\/product_brand?post=18622"},{"taxonomy":"product_cat","embeddable":true,"href":"https:\/\/geabarcelona.com\/de\/wp-json\/wp\/v2\/product_cat?post=18622"},{"taxonomy":"product_tag","embeddable":true,"href":"https:\/\/geabarcelona.com\/de\/wp-json\/wp\/v2\/product_tag?post=18622"}],"curies":[{"name":"wp","href":"https:\/\/api.w.org\/{rel}","templated":true}]}}