{"id":18630,"date":"2025-07-17T15:17:32","date_gmt":"2025-07-17T13:17:32","guid":{"rendered":"https:\/\/geabarcelona.com\/?post_type=product&#038;p=18630"},"modified":"2025-12-11T11:35:24","modified_gmt":"2025-12-11T10:35:24","slug":"setas-minerales-varios","status":"publish","type":"product","link":"https:\/\/geabarcelona.com\/de\/producto\/setas-minerales-varios\/","title":{"rendered":"MINERALPILZMISCHUNG"},"content":{"rendered":"<p>Selecci\u00f3n de distintos minerales tallados en forma de setas. Ideales para decoraci\u00f3n, colecci\u00f3n o uso energ\u00e9tico.<\/p>","protected":false},"excerpt":{"rendered":"<p>MIXFIG18DO<\/p>\n<p>Distintos tama\u00f1os. Venta precio\/Kg.<\/p>","protected":false},"featured_media":18631,"template":"","meta":[],"product_brand":[],"product_cat":[149,148,147],"product_tag":[319,165,322,327,171,169],"class_list":{"0":"post-18630","1":"product","2":"type-product","3":"status-publish","4":"has-post-thumbnail","6":"product_cat-decoracion-lamparas","7":"product_cat-pulido-formas","8":"product_cat-terapias-hogar","9":"product_tag-figuritas","10":"product_tag-mineral","11":"product_tag-mineral-pulido","12":"product_tag-minerales","13":"product_tag-minerales-decorativos","14":"product_tag-venta-mayorista-de-minerales","16":"first","17":"instock","18":"taxable","19":"shipping-taxable","20":"purchasable","21":"product-type-simple"},"_links":{"self":[{"href":"https:\/\/geabarcelona.com\/de\/wp-json\/wp\/v2\/product\/18630","targetHints":{"allow":["GET"]}}],"collection":[{"href":"https:\/\/geabarcelona.com\/de\/wp-json\/wp\/v2\/product"}],"about":[{"href":"https:\/\/geabarcelona.com\/de\/wp-json\/wp\/v2\/types\/product"}],"version-history":[{"count":5,"href":"https:\/\/geabarcelona.com\/de\/wp-json\/wp\/v2\/product\/18630\/revisions"}],"predecessor-version":[{"id":18638,"href":"https:\/\/geabarcelona.com\/de\/wp-json\/wp\/v2\/product\/18630\/revisions\/18638"}],"wp:featuredmedia":[{"embeddable":true,"href":"https:\/\/geabarcelona.com\/de\/wp-json\/wp\/v2\/media\/18631"}],"wp:attachment":[{"href":"https:\/\/geabarcelona.com\/de\/wp-json\/wp\/v2\/media?parent=18630"}],"wp:term":[{"taxonomy":"product_brand","embeddable":true,"href":"https:\/\/geabarcelona.com\/de\/wp-json\/wp\/v2\/product_brand?post=18630"},{"taxonomy":"product_cat","embeddable":true,"href":"https:\/\/geabarcelona.com\/de\/wp-json\/wp\/v2\/product_cat?post=18630"},{"taxonomy":"product_tag","embeddable":true,"href":"https:\/\/geabarcelona.com\/de\/wp-json\/wp\/v2\/product_tag?post=18630"}],"curies":[{"name":"wp","href":"https:\/\/api.w.org\/{rel}","templated":true}]}}