{"id":18680,"date":"2025-07-18T13:20:31","date_gmt":"2025-07-18T11:20:31","guid":{"rendered":"https:\/\/geabarcelona.com\/?post_type=product&#038;p=18680"},"modified":"2025-12-11T13:09:51","modified_gmt":"2025-12-11T12:09:51","slug":"elefante-minerales-mix","status":"publish","type":"product","link":"https:\/\/geabarcelona.com\/de\/produkt\/elefante-minerales-mix\/","title":{"rendered":"ELEFANTEN-MINERALIEN-MISCHUNG"},"content":{"rendered":"<p>Selecci\u00f3n de distintos minerales tallados en forma de elefante. Ideales para decoraci\u00f3n, colecci\u00f3n o uso energ\u00e9tico.<\/p>","protected":false},"excerpt":{"rendered":"<p>MIXFIG24DO<\/p>\n<p>Distintos tama\u00f1os. Venta precio\/Kg.<\/p>","protected":false},"featured_media":18682,"template":"","meta":[],"product_brand":[],"product_cat":[149,148,147],"product_tag":[211,319,165,322,327,171,169],"class_list":{"0":"post-18680","1":"product","2":"type-product","3":"status-publish","4":"has-post-thumbnail","6":"product_cat-decoracion-lamparas","7":"product_cat-pulido-formas","8":"product_cat-terapias-hogar","9":"product_tag-decoracion","10":"product_tag-figuritas","11":"product_tag-mineral","12":"product_tag-mineral-pulido","13":"product_tag-minerales","14":"product_tag-minerales-decorativos","15":"product_tag-venta-mayorista-de-minerales","17":"first","18":"instock","19":"taxable","20":"shipping-taxable","21":"purchasable","22":"product-type-simple"},"_links":{"self":[{"href":"https:\/\/geabarcelona.com\/de\/wp-json\/wp\/v2\/product\/18680","targetHints":{"allow":["GET"]}}],"collection":[{"href":"https:\/\/geabarcelona.com\/de\/wp-json\/wp\/v2\/product"}],"about":[{"href":"https:\/\/geabarcelona.com\/de\/wp-json\/wp\/v2\/types\/product"}],"version-history":[{"count":1,"href":"https:\/\/geabarcelona.com\/de\/wp-json\/wp\/v2\/product\/18680\/revisions"}],"predecessor-version":[{"id":18683,"href":"https:\/\/geabarcelona.com\/de\/wp-json\/wp\/v2\/product\/18680\/revisions\/18683"}],"wp:featuredmedia":[{"embeddable":true,"href":"https:\/\/geabarcelona.com\/de\/wp-json\/wp\/v2\/media\/18682"}],"wp:attachment":[{"href":"https:\/\/geabarcelona.com\/de\/wp-json\/wp\/v2\/media?parent=18680"}],"wp:term":[{"taxonomy":"product_brand","embeddable":true,"href":"https:\/\/geabarcelona.com\/de\/wp-json\/wp\/v2\/product_brand?post=18680"},{"taxonomy":"product_cat","embeddable":true,"href":"https:\/\/geabarcelona.com\/de\/wp-json\/wp\/v2\/product_cat?post=18680"},{"taxonomy":"product_tag","embeddable":true,"href":"https:\/\/geabarcelona.com\/de\/wp-json\/wp\/v2\/product_tag?post=18680"}],"curies":[{"name":"wp","href":"https:\/\/api.w.org\/{rel}","templated":true}]}}