{"id":14651,"date":"2023-12-20T12:38:32","date_gmt":"2023-12-20T11:38:32","guid":{"rendered":"https:\/\/geabarcelona.com\/?page_id=14651"},"modified":"2025-10-19T09:24:36","modified_gmt":"2025-10-19T07:24:36","slug":"drusas","status":"publish","type":"page","link":"https:\/\/geabarcelona.com\/en\/drusas\/","title":{"rendered":"Druses"},"content":{"rendered":"<div data-elementor-type=\"wp-page\" data-elementor-id=\"14651\" class=\"elementor elementor-14651\" data-elementor-post-type=\"page\">\n\t\t\t\t\t\t<section class=\"elementor-section elementor-top-section elementor-element elementor-element-7a3dc17f elementor-section-boxed elementor-section-height-default elementor-section-height-default\" data-id=\"7a3dc17f\" data-element_type=\"section\" data-e-type=\"section\">\n\t\t\t\t\t\t<div class=\"elementor-container elementor-column-gap-default\">\n\t\t\t\t\t<div class=\"elementor-column elementor-col-100 elementor-top-column elementor-element elementor-element-74d61c4d\" data-id=\"74d61c4d\" data-element_type=\"column\" data-e-type=\"column\">\n\t\t\t<div class=\"elementor-widget-wrap elementor-element-populated\">\n\t\t\t\t\t\t<div class=\"elementor-element elementor-element-55155bf3 elementor-widget elementor-widget-spacer\" data-id=\"55155bf3\" data-element_type=\"widget\" data-e-type=\"widget\" data-widget_type=\"spacer.default\">\n\t\t\t\t<div class=\"elementor-widget-container\">\n\t\t\t\t\t\t\t<div class=\"elementor-spacer\">\n\t\t\t<div class=\"elementor-spacer-inner\"><\/div>\n\t\t<\/div>\n\t\t\t\t\t\t<\/div>\n\t\t\t\t<\/div>\n\t\t\t\t<div class=\"elementor-element elementor-element-1ff8ff96 elementor-widget elementor-widget-heading\" data-id=\"1ff8ff96\" data-element_type=\"widget\" data-e-type=\"widget\" data-widget_type=\"heading.default\">\n\t\t\t\t<div class=\"elementor-widget-container\">\n\t\t\t\t\t<h1 class=\"elementor-heading-title elementor-size-default\">Druses<\/h1>\t\t\t\t<\/div>\n\t\t\t\t<\/div>\n\t\t\t\t<div class=\"elementor-element elementor-element-5f0185b elementor-widget elementor-widget-text-editor\" data-id=\"5f0185b\" data-element_type=\"widget\" data-e-type=\"widget\" data-widget_type=\"text-editor.default\">\n\t\t\t\t<div class=\"elementor-widget-container\">\n\t\t\t\t\t\t\t\t\t<p>Explora nuestro <strong>cat\u00e1logo exclusivo de drusas al por mayor<\/strong>, con especial protagonismo de la <strong>amatista y el cuarzo cristal<\/strong>. Cada drusa destaca por su brillo, color y formaci\u00f3n natural, convirti\u00e9ndose en una pieza ideal para <strong>decoraci\u00f3n, terapias energ\u00e9ticas o venta especializada<\/strong>At GEA Barcelona we are <strong>mayoristas online de minerales<\/strong>, ofreciendo <strong>drusas aut\u00e9nticas de Brasil y Uruguay<\/strong> seleccionadas una a una por su calidad y energ\u00eda vibrante. Perfectas para tiendas de minerales, centros hol\u00edsticos y profesionales del bienestar. Compra drusas naturales al por mayor con env\u00edo r\u00e1pido y seguro.<\/p>\t\t\t\t\t\t\t\t<\/div>\n\t\t\t\t<\/div>\n\t\t\t\t\t<\/div>\n\t\t<\/div>\n\t\t\t\t\t<\/div>\n\t\t<\/section>\n\t\t\t\t<section class=\"elementor-section elementor-top-section elementor-element elementor-element-3e6a8bb0 elementor-section-boxed elementor-section-height-default elementor-section-height-default\" data-id=\"3e6a8bb0\" data-element_type=\"section\" data-e-type=\"section\">\n\t\t\t\t\t\t<div class=\"elementor-container elementor-column-gap-default\">\n\t\t\t\t\t<div class=\"elementor-column elementor-col-100 elementor-top-column elementor-element elementor-element-685e4e36\" data-id=\"685e4e36\" data-element_type=\"column\" data-e-type=\"column\">\n\t\t\t<div class=\"elementor-widget-wrap elementor-element-populated\">\n\t\t\t\t\t\t<div class=\"elementor-element elementor-element-77db8f24 elementor-grid-5 elementor-grid-tablet-3 elementor-grid-mobile-2 elementor-products-grid elementor-wc-products elementor-show-pagination-border-yes elementor-widget elementor-widget-woocommerce-products\" data-id=\"77db8f24\" data-element_type=\"widget\" data-e-type=\"widget\" data-widget_type=\"woocommerce-products.default\">\n\t\t\t\t<div class=\"elementor-widget-container\">\n\t\t\t\t\t<div class=\"woocommerce columns-5\"><div class=\"woocommerce-notices-wrapper\"><\/div><ul class=\"products elementor-grid columns-5\">\n<li class=\"product type-product post-17476 status-publish first instock product_cat-drusas product_tag-cristal-de-pirita product_tag-cristales-naturales product_tag-mineral product_tag-minerales-decorativos product_tag-minerales-en-bruto product_tag-minerales-metalicos product_tag-pirita product_tag-venta-mayorista-de-minerales has-post-thumbnail taxable shipping-taxable purchasable product-type-simple\">\n\t<a href=\"https:\/\/geabarcelona.com\/en\/producto\/pirita-drusa-extra\/\" class=\"woocommerce-LoopProduct-link woocommerce-loop-product__link\"><img fetchpriority=\"high\" decoding=\"async\" width=\"300\" height=\"300\" src=\"https:\/\/geabarcelona.com\/wp-content\/uploads\/2025\/02\/55.-DURSA-PIRITA-300x300.png\" class=\"attachment-woocommerce_thumbnail size-woocommerce_thumbnail\" alt=\"Pirita natural de calidad para coleccionistas y venta mayorista\" srcset=\"\" sizes=\"(max-width: 300px) 100vw, 300px\" data-srcset=\"\" \/><h2 class=\"woocommerce-loop-product__title\">EXTRA DRUSE PYRITE<\/h2>\n<\/a><a href=\"https:\/\/geabarcelona.com\/en\/producto\/pirita-drusa-extra\/\" class=\"button alt add_to_cart_button\" data-no-translation=\"\" data-trp-gettext=\"\">View product<\/a>\t<span id=\"woocommerce_loop_add_to_cart_link_describedby_17476\" class=\"screen-reader-text\">\n\t\t\t<\/span>\n<\/li>\n<li class=\"product type-product post-17366 status-publish instock product_cat-drusas product_tag-drusas has-post-thumbnail taxable shipping-taxable purchasable product-type-simple\">\n\t<a href=\"https:\/\/geabarcelona.com\/en\/producto\/cuarzo-blanco-drusa-qa-3-5cm\/\" class=\"woocommerce-LoopProduct-link woocommerce-loop-product__link\"><img decoding=\"async\" width=\"300\" height=\"300\" src=\"https:\/\/geabarcelona.com\/wp-content\/uploads\/2025\/02\/20.-CUARZO-BLANCO-DRUSA-scaled-300x300.jpg\" class=\"attachment-woocommerce_thumbnail size-woocommerce_thumbnail\" alt=\"WHITE QUARTZ DRUSE QA 3-5CM\" srcset=\"https:\/\/geabarcelona.com\/wp-content\/uploads\/2025\/02\/20.-CUARZO-BLANCO-DRUSA-scaled-300x300.jpg 300w, https:\/\/geabarcelona.com\/wp-content\/uploads\/2025\/02\/20.-CUARZO-BLANCO-DRUSA-scaled-150x150.jpg 150w, https:\/\/geabarcelona.com\/wp-content\/uploads\/2025\/02\/20.-CUARZO-BLANCO-DRUSA-scaled-100x100.jpg 100w\" sizes=\"(max-width: 300px) 100vw, 300px\" \/><h2 class=\"woocommerce-loop-product__title\">WHITE QUARTZ DRUSE QA 3-5CM<\/h2>\n<\/a><a href=\"https:\/\/geabarcelona.com\/en\/producto\/cuarzo-blanco-drusa-qa-3-5cm\/\" class=\"button alt add_to_cart_button\" data-no-translation=\"\" data-trp-gettext=\"\">View product<\/a>\t<span id=\"woocommerce_loop_add_to_cart_link_describedby_17366\" class=\"screen-reader-text\">\n\t\t\t<\/span>\n<\/li>\n<li class=\"product type-product post-17363 status-publish instock product_cat-drusas product_tag-drusas has-post-thumbnail taxable shipping-taxable purchasable product-type-simple\">\n\t<a href=\"https:\/\/geabarcelona.com\/en\/producto\/cuarzo-blanco-drusa-qb-3-5cm\/\" class=\"woocommerce-LoopProduct-link woocommerce-loop-product__link\"><img decoding=\"async\" width=\"300\" height=\"300\" src=\"https:\/\/geabarcelona.com\/wp-content\/uploads\/2025\/02\/20.-CUARZO-BLANCO-DRUSA-scaled-300x300.jpg\" class=\"attachment-woocommerce_thumbnail size-woocommerce_thumbnail\" alt=\"WHITE QUARTZ DRUSE QB 3-5CM\" srcset=\"https:\/\/geabarcelona.com\/wp-content\/uploads\/2025\/02\/20.-CUARZO-BLANCO-DRUSA-scaled-300x300.jpg 300w, https:\/\/geabarcelona.com\/wp-content\/uploads\/2025\/02\/20.-CUARZO-BLANCO-DRUSA-scaled-150x150.jpg 150w, https:\/\/geabarcelona.com\/wp-content\/uploads\/2025\/02\/20.-CUARZO-BLANCO-DRUSA-scaled-100x100.jpg 100w\" sizes=\"(max-width: 300px) 100vw, 300px\" \/><h2 class=\"woocommerce-loop-product__title\">WHITE QUARTZ DRUSE QB 3-5CM<\/h2>\n<\/a><a href=\"https:\/\/geabarcelona.com\/en\/producto\/cuarzo-blanco-drusa-qb-3-5cm\/\" class=\"button alt add_to_cart_button\" data-no-translation=\"\" data-trp-gettext=\"\">View product<\/a>\t<span id=\"woocommerce_loop_add_to_cart_link_describedby_17363\" class=\"screen-reader-text\">\n\t\t\t<\/span>\n<\/li>\n<li class=\"product type-product post-17359 status-publish instock product_cat-drusas product_tag-drusas has-post-thumbnail taxable shipping-taxable purchasable product-type-simple\">\n\t<a href=\"https:\/\/geabarcelona.com\/en\/producto\/cuarzo-blanco-drusa-qc-3-5cm\/\" class=\"woocommerce-LoopProduct-link woocommerce-loop-product__link\"><img loading=\"lazy\" decoding=\"async\" width=\"300\" height=\"300\" src=\"https:\/\/geabarcelona.com\/wp-content\/uploads\/2025\/02\/20.-CUARZO-BLANCO-DRUSA-scaled-300x300.jpg\" class=\"attachment-woocommerce_thumbnail size-woocommerce_thumbnail\" alt=\"WHITE QUARTZ DRUSE QC 3-5CM\" srcset=\"https:\/\/geabarcelona.com\/wp-content\/uploads\/2025\/02\/20.-CUARZO-BLANCO-DRUSA-scaled-300x300.jpg 300w, https:\/\/geabarcelona.com\/wp-content\/uploads\/2025\/02\/20.-CUARZO-BLANCO-DRUSA-scaled-150x150.jpg 150w, https:\/\/geabarcelona.com\/wp-content\/uploads\/2025\/02\/20.-CUARZO-BLANCO-DRUSA-scaled-100x100.jpg 100w\" sizes=\"(max-width: 300px) 100vw, 300px\" \/><h2 class=\"woocommerce-loop-product__title\">WHITE QUARTZ DRUSE QC 3-5CM<\/h2>\n<\/a><a href=\"https:\/\/geabarcelona.com\/en\/producto\/cuarzo-blanco-drusa-qc-3-5cm\/\" class=\"button alt add_to_cart_button\" data-no-translation=\"\" data-trp-gettext=\"\">View product<\/a>\t<span id=\"woocommerce_loop_add_to_cart_link_describedby_17359\" class=\"screen-reader-text\">\n\t\t\t<\/span>\n<\/li>\n<li class=\"product type-product post-16758 status-publish last instock product_cat-brasil product_cat-drusas product_tag-amatista has-post-thumbnail taxable shipping-taxable purchasable product-type-simple\">\n\t<a href=\"https:\/\/geabarcelona.com\/en\/producto\/drusas-de-amatista\/\" class=\"woocommerce-LoopProduct-link woocommerce-loop-product__link\"><img loading=\"lazy\" decoding=\"async\" width=\"300\" height=\"300\" src=\"https:\/\/geabarcelona.com\/wp-content\/uploads\/2024\/06\/20250207_094342-1-scaled-300x300.jpg\" class=\"attachment-woocommerce_thumbnail size-woocommerce_thumbnail\" alt=\"ROUGH AMETHYST WITH METAL BASE\" srcset=\"https:\/\/geabarcelona.com\/wp-content\/uploads\/2024\/06\/20250207_094342-1-scaled-300x300.jpg 300w, https:\/\/geabarcelona.com\/wp-content\/uploads\/2024\/06\/20250207_094342-1-scaled-150x150.jpg 150w, https:\/\/geabarcelona.com\/wp-content\/uploads\/2024\/06\/20250207_094342-1-scaled-100x100.jpg 100w\" sizes=\"(max-width: 300px) 100vw, 300px\" \/><h2 class=\"woocommerce-loop-product__title\">ROUGH AMETHYST WITH METAL BASE<\/h2>\n<\/a><a href=\"https:\/\/geabarcelona.com\/en\/producto\/drusas-de-amatista\/\" class=\"button alt add_to_cart_button\" data-no-translation=\"\" data-trp-gettext=\"\">View product<\/a>\t<span id=\"woocommerce_loop_add_to_cart_link_describedby_16758\" class=\"screen-reader-text\">\n\t\t\t<\/span>\n<\/li>\n<li class=\"product type-product post-16737 status-publish first instock product_cat-decoracion-lamparas product_cat-drusas product_cat-terapias-hogar product_tag-titaneo has-post-thumbnail taxable shipping-taxable purchasable product-type-simple\">\n\t<a href=\"https:\/\/geabarcelona.com\/en\/producto\/mini-drusa-aura-titaneo\/\" class=\"woocommerce-LoopProduct-link woocommerce-loop-product__link\"><img loading=\"lazy\" decoding=\"async\" width=\"300\" height=\"300\" src=\"https:\/\/geabarcelona.com\/wp-content\/uploads\/2023\/12\/aura-titaneo-mini-300x300.png\" class=\"attachment-woocommerce_thumbnail size-woocommerce_thumbnail\" alt=\"Mini drusa aura titaneo\" srcset=\"https:\/\/geabarcelona.com\/wp-content\/uploads\/2023\/12\/aura-titaneo-mini-300x300.png 300w, https:\/\/geabarcelona.com\/wp-content\/uploads\/2023\/12\/aura-titaneo-mini-1024x1024.png 1024w, https:\/\/geabarcelona.com\/wp-content\/uploads\/2023\/12\/aura-titaneo-mini-150x150.png 150w, https:\/\/geabarcelona.com\/wp-content\/uploads\/2023\/12\/aura-titaneo-mini-768x768.png 768w, https:\/\/geabarcelona.com\/wp-content\/uploads\/2023\/12\/aura-titaneo-mini-1536x1536.png 1536w, https:\/\/geabarcelona.com\/wp-content\/uploads\/2023\/12\/aura-titaneo-mini-12x12.png 12w, https:\/\/geabarcelona.com\/wp-content\/uploads\/2023\/12\/aura-titaneo-mini-600x600.png 600w, https:\/\/geabarcelona.com\/wp-content\/uploads\/2023\/12\/aura-titaneo-mini-100x100.png 100w, https:\/\/geabarcelona.com\/wp-content\/uploads\/2023\/12\/aura-titaneo-mini.png 1944w\" sizes=\"(max-width: 300px) 100vw, 300px\" \/><h2 class=\"woocommerce-loop-product__title\">Mini drusa aura titaneo<\/h2>\n<\/a><a href=\"https:\/\/geabarcelona.com\/en\/producto\/mini-drusa-aura-titaneo\/\" class=\"button alt add_to_cart_button\" data-no-translation=\"\" data-trp-gettext=\"\">View product<\/a>\t<span id=\"woocommerce_loop_add_to_cart_link_describedby_16737\" class=\"screen-reader-text\">\n\t\t\t<\/span>\n<\/li>\n<li class=\"product type-product post-15269 status-publish instock product_cat-catalogo product_cat-decoracion-lamparas product_cat-drusas product_cat-grandes-formatos product_cat-piedras-gemas product_cat-terapias-hogar product_tag-amatista has-post-thumbnail taxable shipping-taxable purchasable product-type-simple\">\n\t<a href=\"https:\/\/geabarcelona.com\/en\/producto\/amatista\/\" class=\"woocommerce-LoopProduct-link woocommerce-loop-product__link\"><img loading=\"lazy\" decoding=\"async\" width=\"300\" height=\"300\" src=\"https:\/\/geabarcelona.com\/wp-content\/uploads\/2023\/11\/shutterstock_2141410009-300x300.jpg\" class=\"attachment-woocommerce_thumbnail size-woocommerce_thumbnail\" alt=\"Amatista de Gea Barcelona, mayorista de minerales en Barcelona. Tienda online.\" srcset=\"https:\/\/geabarcelona.com\/wp-content\/uploads\/2023\/11\/shutterstock_2141410009-300x300.jpg 300w, https:\/\/geabarcelona.com\/wp-content\/uploads\/2023\/11\/shutterstock_2141410009-150x150.jpg 150w, https:\/\/geabarcelona.com\/wp-content\/uploads\/2023\/11\/shutterstock_2141410009-100x100.jpg 100w\" sizes=\"(max-width: 300px) 100vw, 300px\" \/><h2 class=\"woocommerce-loop-product__title\">AMATISTA<\/h2>\n<\/a><a href=\"https:\/\/geabarcelona.com\/en\/producto\/amatista\/\" class=\"button alt add_to_cart_button\" data-no-translation=\"\" data-trp-gettext=\"\">View product<\/a>\t<span id=\"woocommerce_loop_add_to_cart_link_describedby_15269\" class=\"screen-reader-text\">\n\t\t\t<\/span>\n<\/li>\n<li class=\"product type-product post-14251 status-publish instock product_cat-catalogo product_cat-drusas product_tag-citrino has-post-thumbnail taxable shipping-taxable purchasable product-type-simple\">\n\t<a href=\"https:\/\/geabarcelona.com\/en\/producto\/citrino-drusas\/\" class=\"woocommerce-LoopProduct-link woocommerce-loop-product__link\"><img loading=\"lazy\" decoding=\"async\" width=\"275\" height=\"183\" src=\"https:\/\/geabarcelona.com\/wp-content\/uploads\/2023\/12\/citrino-drusa.jpg\" class=\"attachment-woocommerce_thumbnail size-woocommerce_thumbnail\" alt=\"CITRINO DRUSAS\" srcset=\"https:\/\/geabarcelona.com\/wp-content\/uploads\/2023\/12\/citrino-drusa.jpg 275w, https:\/\/geabarcelona.com\/wp-content\/uploads\/2023\/12\/citrino-drusa-18x12.jpg 18w\" sizes=\"(max-width: 275px) 100vw, 275px\" \/><h2 class=\"woocommerce-loop-product__title\">CITRINO DRUSAS<\/h2>\n<\/a><a href=\"https:\/\/geabarcelona.com\/en\/producto\/citrino-drusas\/\" class=\"button alt add_to_cart_button\" data-no-translation=\"\" data-trp-gettext=\"\">View product<\/a>\t<span id=\"woocommerce_loop_add_to_cart_link_describedby_14251\" class=\"screen-reader-text\">\n\t\t\t<\/span>\n<\/li>\n<\/ul>\n<\/div>\t\t\t\t<\/div>\n\t\t\t\t<\/div>\n\t\t\t\t\t<\/div>\n\t\t<\/div>\n\t\t\t\t\t<\/div>\n\t\t<\/section>\n\t\t\t\t<\/div>","protected":false},"excerpt":{"rendered":"<p>Drusas Explora nuestro cat\u00e1logo exclusivo de drusas al por mayor, con especial protagonismo de la amatista y el cuarzo cristal. Cada drusa destaca por su brillo, color y formaci\u00f3n natural, convirti\u00e9ndose en una pieza ideal para decoraci\u00f3n, terapias energ\u00e9ticas o venta especializada. En GEA Barcelona somos mayoristas online de minerales, ofreciendo drusas aut\u00e9nticas de Brasil [&hellip;]<\/p>\n","protected":false},"author":1,"featured_media":0,"parent":0,"menu_order":0,"comment_status":"closed","ping_status":"closed","template":"","meta":{"footnotes":""},"class_list":["post-14651","page","type-page","status-publish","hentry"],"_links":{"self":[{"href":"https:\/\/geabarcelona.com\/en\/wp-json\/wp\/v2\/pages\/14651","targetHints":{"allow":["GET"]}}],"collection":[{"href":"https:\/\/geabarcelona.com\/en\/wp-json\/wp\/v2\/pages"}],"about":[{"href":"https:\/\/geabarcelona.com\/en\/wp-json\/wp\/v2\/types\/page"}],"author":[{"embeddable":true,"href":"https:\/\/geabarcelona.com\/en\/wp-json\/wp\/v2\/users\/1"}],"replies":[{"embeddable":true,"href":"https:\/\/geabarcelona.com\/en\/wp-json\/wp\/v2\/comments?post=14651"}],"version-history":[{"count":16,"href":"https:\/\/geabarcelona.com\/en\/wp-json\/wp\/v2\/pages\/14651\/revisions"}],"predecessor-version":[{"id":18819,"href":"https:\/\/geabarcelona.com\/en\/wp-json\/wp\/v2\/pages\/14651\/revisions\/18819"}],"wp:attachment":[{"href":"https:\/\/geabarcelona.com\/en\/wp-json\/wp\/v2\/media?parent=14651"}],"curies":[{"name":"wp","href":"https:\/\/api.w.org\/{rel}","templated":true}]}}