{"id":2447,"date":"2022-04-19T00:22:54","date_gmt":"2022-04-19T00:22:54","guid":{"rendered":"http:\/\/localhost\/woocommerce\/?page_id=3"},"modified":"2025-10-27T08:18:59","modified_gmt":"2025-10-27T07:18:59","slug":"privacy-policy","status":"publish","type":"page","link":"https:\/\/geabarcelona.com\/en\/privacy-policy\/","title":{"rendered":"Privacy Policy"},"content":{"rendered":"<div data-elementor-type=\"wp-page\" data-elementor-id=\"2447\" class=\"elementor elementor-2447\" data-elementor-post-type=\"page\">\n\t\t\t\t\t\t<section class=\"elementor-section elementor-top-section elementor-element elementor-element-5151ab87 elementor-section-height-min-height elementor-section-boxed elementor-section-height-default elementor-section-items-middle\" data-id=\"5151ab87\" data-element_type=\"section\" data-e-type=\"section\" id=\"toc\">\n\t\t\t\t\t\t<div class=\"elementor-container elementor-column-gap-no\">\n\t\t\t\t\t<div class=\"elementor-column elementor-col-100 elementor-top-column elementor-element elementor-element-287bbf95\" data-id=\"287bbf95\" data-element_type=\"column\" data-e-type=\"column\">\n\t\t\t<div class=\"elementor-widget-wrap elementor-element-populated\">\n\t\t\t\t\t\t<div class=\"elementor-element elementor-element-9a7453e elementor-widget elementor-widget-heading\" data-id=\"9a7453e\" data-element_type=\"widget\" data-e-type=\"widget\" data-widget_type=\"heading.default\">\n\t\t\t\t<div class=\"elementor-widget-container\">\n\t\t\t\t\t<h1 class=\"elementor-heading-title elementor-size-default\">Privacy Policy<\/h1>\t\t\t\t<\/div>\n\t\t\t\t<\/div>\n\t\t\t\t<div class=\"elementor-element elementor-element-4f091041 elementor-widget-divider--view-line elementor-widget elementor-widget-divider\" data-id=\"4f091041\" data-element_type=\"widget\" data-e-type=\"widget\" data-widget_type=\"divider.default\">\n\t\t\t\t<div class=\"elementor-widget-container\">\n\t\t\t\t\t\t\t<div class=\"elementor-divider\">\n\t\t\t<span class=\"elementor-divider-separator\">\n\t\t\t\t\t\t<\/span>\n\t\t<\/div>\n\t\t\t\t\t\t<\/div>\n\t\t\t\t<\/div>\n\t\t\t\t<div class=\"elementor-element elementor-element-281d497 elementor-widget elementor-widget-heading\" data-id=\"281d497\" data-element_type=\"widget\" data-e-type=\"widget\" data-widget_type=\"heading.default\">\n\t\t\t\t<div class=\"elementor-widget-container\">\n\t\t\t\t\t<h5 class=\"elementor-heading-title elementor-size-default\">Responsible for the treatment<\/h5>\t\t\t\t<\/div>\n\t\t\t\t<\/div>\n\t\t\t\t<div class=\"elementor-element elementor-element-40cb4067 elementor-widget elementor-widget-text-editor\" data-id=\"40cb4067\" data-element_type=\"widget\" data-e-type=\"widget\" data-widget_type=\"text-editor.default\">\n\t\t\t\t<div class=\"elementor-widget-container\">\n\t\t\t\t\t\t\t\t\t<p><strong>Owner: <\/strong>ALWAYS DOIDEAS, S.L. (onwards <strong>Gea<\/strong>)<\/p><p><strong>Registered office:<\/strong> Carrer Cobalto, 74, 08907 L\u2019Hospitalet, BARCELONA<\/p><p><strong>VAT:<\/strong> B67338830<\/p><p><strong>Email address:<\/strong> <a href=\"mailto:josep.barrena@geabarcelona.com\">josep.barrena@geabarcelona.com<\/a><\/p><p><strong>GEA<\/strong>, as responsible for the website, in accordance with Regulation (EU) 2016\/679 of April 27, 2016 (RGPD) regarding the protection of natural persons regarding the processing of personal data, and by Law 34\/2002 , of July 11, of information society services and electronic commerce (LSSICE), informs you that it has implemented the necessary security measures, of a technical and organizational nature, to guarantee and protect the confidentiality, integrity and availability of the data entered.<\/p>\t\t\t\t\t\t\t\t<\/div>\n\t\t\t\t<\/div>\n\t\t\t\t<div class=\"elementor-element elementor-element-3b23d07c elementor-widget elementor-widget-heading\" data-id=\"3b23d07c\" data-element_type=\"widget\" data-e-type=\"widget\" data-widget_type=\"heading.default\">\n\t\t\t\t<div class=\"elementor-widget-container\">\n\t\t\t\t\t<h5 class=\"elementor-heading-title elementor-size-default\">Purpose of treatment<\/h5>\t\t\t\t<\/div>\n\t\t\t\t<\/div>\n\t\t\t\t<div class=\"elementor-element elementor-element-1c718b18 elementor-widget elementor-widget-text-editor\" data-id=\"1c718b18\" data-element_type=\"widget\" data-e-type=\"widget\" data-widget_type=\"text-editor.default\">\n\t\t\t\t<div class=\"elementor-widget-container\">\n\t\t\t\t\t\t\t\t\t<p>Your personal data will only be used for the following purposes:<\/p><ul><li>Carry out the necessary commercial and administrative procedures with website users.<\/li><li>Send commercial advertising communications by email, fax, SMS, MMS, social communications or any other electronic or physical means, in the event that the user has expressly consented to the sending of commercial communications electronically by subscribing to the electronic newsletter.<\/li><li>Respond to queries and\/or provide information requested by the user.<\/li><li>Carry out the provision of services and\/or products contracted or subscribed by the user.<\/li><li>Utilizar sus datos para contactar con \u00e9l, tanto por v\u00eda electr\u00f3nica como no electr\u00f3nica, para obtener su opini\u00f3n sobre el servicio prestado.<\/li><li>Use your data to hold draws and contests. The user expressly accepts that his or her data will be used to hold raffles and contests.<\/li><li>Notify you of changes, important developments to the privacy policy, legal notice or cookie policy.<\/li><li>Profile and usage analyzes will be carried out based on the user's purchase and browsing history.<\/li><li>The data of clients and\/or suppliers will be processed, within the contractual relationship that links them with the person responsible, in compliance with the administrative, tax, accounting and labor obligations that are necessary under current legislation.<\/li><\/ul><p>You can revoke your consent at any time by sending a letter with the subject \u201cUnsubscribe\u201d to <a href=\"mailto:josep.barrena@geabarcelona.com\">josep.barrena@geabarcelona.com<\/a><\/p><p>According to the LSSICE, <strong>GEA<\/strong> does not carry out SPAM practices; Therefore, it does not send commercial emails by email that have not been previously requested or authorized by the user. Consequently, in all communications you will receive from <strong>GEA<\/strong> The user has the possibility of canceling their express consent to receive our communications.<\/p><p>We will not process your personal data for any purpose other than those described except for legal obligation or judicial requirement.<\/p><p>Your data will be kept for as long as the commercial relationship with us lasts or you exercise your right of cancellation or opposition, or limitation of processing. However, we will retain certain personal identification and traffic data for a maximum period of 2 years in case it is required by Judges and Courts or to initiate internal actions derived from improper use of the website.<\/p><p>You will not be subject to decisions based on authorized automated treatments that produce effects on your data.<\/p>\t\t\t\t\t\t\t\t<\/div>\n\t\t\t\t<\/div>\n\t\t\t\t<div class=\"elementor-element elementor-element-13f81c2c elementor-widget elementor-widget-heading\" data-id=\"13f81c2c\" data-element_type=\"widget\" data-e-type=\"widget\" data-widget_type=\"heading.default\">\n\t\t\t\t<div class=\"elementor-widget-container\">\n\t\t\t\t\t<h5 class=\"elementor-heading-title elementor-size-default\">Legitimation of the treatment<\/h5>\t\t\t\t<\/div>\n\t\t\t\t<\/div>\n\t\t\t\t<div class=\"elementor-element elementor-element-57182bed elementor-widget elementor-widget-text-editor\" data-id=\"57182bed\" data-element_type=\"widget\" data-e-type=\"widget\" data-widget_type=\"text-editor.default\">\n\t\t\t\t<div class=\"elementor-widget-container\">\n\t\t\t\t\t\t\t\t\t<p>The legal basis for the processing of data is your consent to carry out the purposes described above, which will be requested by checking the corresponding box at the time of collecting your data.<\/p>\n<p>Failure to provide the requested personal data or failure to accept this data protection policy means the impossibility of subscribing, registering or receiving information about the provider's products and services.<\/p>\n<p>In cases where there is a prior contractual relationship between the parties, the legitimation for the development of the administrative, fiscal, accounting and labor obligations that are necessary under current legislation will be the prior existence of the commercial relationship established between the parties. .<\/p>\t\t\t\t\t\t\t\t<\/div>\n\t\t\t\t<\/div>\n\t\t\t\t<div class=\"elementor-element elementor-element-162c109b elementor-widget elementor-widget-heading\" data-id=\"162c109b\" data-element_type=\"widget\" data-e-type=\"widget\" data-widget_type=\"heading.default\">\n\t\t\t\t<div class=\"elementor-widget-container\">\n\t\t\t\t\t<h5 class=\"elementor-heading-title elementor-size-default\">Communications <\/h5>\t\t\t\t<\/div>\n\t\t\t\t<\/div>\n\t\t\t\t<div class=\"elementor-element elementor-element-68bf0c92 elementor-widget elementor-widget-text-editor\" data-id=\"68bf0c92\" data-element_type=\"widget\" data-e-type=\"widget\" data-widget_type=\"text-editor.default\">\n\t\t\t\t<div class=\"elementor-widget-container\">\n\t\t\t\t\t\t\t\t\t<p>Any communication sent will be incorporated into the information systems of <strong>GEA<\/strong>. By accepting these conditions, terms and policies, the user expressly consents to\u00a0<strong>GEA<\/strong> perform the following activities and\/or actions, unless the user indicates otherwise:<\/p>\n<ul>\n<li>Sending commercial and\/or promotional communications by any means enabled to inform users of activities, services, promotions, advertising, news, offers and other information about the services and products related to the activity. The user expressly accepts that profile and usage analyzes are carried out based on the user's purchase and\/or browsing history.<\/li>\n<li>In the event that the user has expressly consented to the sending of commercial communications electronically by subscribing to the electronic newsletter, the sending of these communications by electronic means to inform its users of the activities, services, promotions, advertising, news, offers and other information about the services and products of <strong>GEA<\/strong>, will be the same or similar to those that were initially contracted or of interest to the user.<\/li>\n<li>The conservation of data during the periods provided for in the applicable provisions.<\/li>\n<\/ul>\t\t\t\t\t\t\t\t<\/div>\n\t\t\t\t<\/div>\n\t\t\t\t<div class=\"elementor-element elementor-element-5c41c789 elementor-widget elementor-widget-heading\" data-id=\"5c41c789\" data-element_type=\"widget\" data-e-type=\"widget\" data-widget_type=\"heading.default\">\n\t\t\t\t<div class=\"elementor-widget-container\">\n\t\t\t\t\t<h5 class=\"elementor-heading-title elementor-size-default\">Official media<\/h5>\t\t\t\t<\/div>\n\t\t\t\t<\/div>\n\t\t\t\t<div class=\"elementor-element elementor-element-51fdeb9e elementor-widget elementor-widget-text-editor\" data-id=\"51fdeb9e\" data-element_type=\"widget\" data-e-type=\"widget\" data-widget_type=\"text-editor.default\">\n\t\t\t\t<div class=\"elementor-widget-container\">\n\t\t\t\t\t\t\t\t\t<p>The user is informed that the means enabled by <strong>GEA<\/strong> To communicate with clients and others affected, it is the corporate telephone, company mobile phones and corporate email.<\/p>\n<p>If you send personal information through a means of communication other than those indicated in this section, <strong>GEA<\/strong> will be exempt from liability in relation to the security measures provided by the medium in question.<\/p>\t\t\t\t\t\t\t\t<\/div>\n\t\t\t\t<\/div>\n\t\t\t\t<div class=\"elementor-element elementor-element-432d5fd5 elementor-widget elementor-widget-heading\" data-id=\"432d5fd5\" data-element_type=\"widget\" data-e-type=\"widget\" data-widget_type=\"heading.default\">\n\t\t\t\t<div class=\"elementor-widget-container\">\n\t\t\t\t\t<h5 class=\"elementor-heading-title elementor-size-default\">Recipients of assignments or transfers<\/h5>\t\t\t\t<\/div>\n\t\t\t\t<\/div>\n\t\t\t\t<div class=\"elementor-element elementor-element-d2e96c7 elementor-widget elementor-widget-text-editor\" data-id=\"d2e96c7\" data-element_type=\"widget\" data-e-type=\"widget\" data-widget_type=\"text-editor.default\">\n\t\t\t\t<div class=\"elementor-widget-container\">\n\t\t\t\t\t\t\t\t\t<p><strong>GEA<\/strong> does not carry out any transfer or communication of data either inside or outside the EU. The provider will only provide information to the security forces and bodies under a court order or due to the obligation of a legal norm, without prejudice to being able to block or cancel your account if there may be indications of the commission of a crime by the user. The information provided will only be what the provider has at that time.<\/p>\n<p>The information that you provide to us both through this website and through the application will be hosted on the servers of <strong>GEA<\/strong>.<\/p>\t\t\t\t\t\t\t\t<\/div>\n\t\t\t\t<\/div>\n\t\t\t\t<div class=\"elementor-element elementor-element-608275b9 elementor-widget elementor-widget-heading\" data-id=\"608275b9\" data-element_type=\"widget\" data-e-type=\"widget\" data-widget_type=\"heading.default\">\n\t\t\t\t<div class=\"elementor-widget-container\">\n\t\t\t\t\t<h5 class=\"elementor-heading-title elementor-size-default\">Rights of interested parties<\/h5>\t\t\t\t<\/div>\n\t\t\t\t<\/div>\n\t\t\t\t<div class=\"elementor-element elementor-element-26eecab5 elementor-widget elementor-widget-text-editor\" data-id=\"26eecab5\" data-element_type=\"widget\" data-e-type=\"widget\" data-widget_type=\"text-editor.default\">\n\t\t\t\t<div class=\"elementor-widget-container\">\n\t\t\t\t\t\t\t\t\t<p>As an interested user, you can request the application of the following rights before <strong>GEA<\/strong> presentando un escrito a la direcci\u00f3n postal de la cabecera o enviando un correo electr\u00f3nico a josep.barrena@geabarcelona.com, indicando como asunto \u201cRGPD, Derechos ARCO\u201d, y adjuntando la fotocopia de su DNI o cualquier medio an\u00e1logo en derecho, tal como indica la ley.<\/p><p><strong>Rights:<\/strong><\/p><ul><li><strong>Right of access:<\/strong> allows the interested party to know and obtain information about their personal data undergoing processing.<\/li><li><strong>Right to rectification or deletion:<\/strong> allows you to correct errors and modify data that turns out to be inaccurate or incomplete.<\/li><li><strong>Cancellation right:<\/strong> allows data that turns out to be inappropriate or excessive to be deleted.<\/li><li><strong>Right to object:<\/strong> right of the interested party not to have their personal data processed or to have their personal data erased.<\/li><li><strong>Limitaci\u00f3n del tratamiento:<\/strong> It involves marking the personal data kept, in order to limit its future processing.<\/li><li><strong>Data portability:<\/strong> provision of the data subject to processing to the interested party so that they can transmit them to another person responsible, without impediments.<\/li><li><strong>Right not to be subject to automated individual decisions<\/strong> (including profiling): right not to be subject to a decision based on automated processing that produces effects or significantly affects.<\/li><\/ul><p>The user has the right to withdraw the consent given at any time. The withdrawal of consent will not affect the legality of the processing carried out before the withdrawal of consent.<\/p><p>You also have the right to file a claim with the supervisory authority if you consider that your rights may have been violated in relation to the protection of your data (agpd.es).<\/p>\t\t\t\t\t\t\t\t<\/div>\n\t\t\t\t<\/div>\n\t\t\t\t<div class=\"elementor-element elementor-element-7f3ac246 elementor-widget elementor-widget-heading\" data-id=\"7f3ac246\" data-element_type=\"widget\" data-e-type=\"widget\" data-widget_type=\"heading.default\">\n\t\t\t\t<div class=\"elementor-widget-container\">\n\t\t\t\t\t<h5 class=\"elementor-heading-title elementor-size-default\">Information we collect<\/h5>\t\t\t\t<\/div>\n\t\t\t\t<\/div>\n\t\t\t\t<div class=\"elementor-element elementor-element-1778f02f elementor-widget elementor-widget-text-editor\" data-id=\"1778f02f\" data-element_type=\"widget\" data-e-type=\"widget\" data-widget_type=\"text-editor.default\">\n\t\t\t\t<div class=\"elementor-widget-container\">\n\t\t\t\t\t\t\t\t\t<p>We obtain information through forms with the minimum and essential information. In these forms you will provide the following data: email, name, surname, address, zip code, city, country and mobile phone.<\/p>\t\t\t\t\t\t\t\t<\/div>\n\t\t\t\t<\/div>\n\t\t\t\t<div class=\"elementor-element elementor-element-6a5a3d2b elementor-widget elementor-widget-heading\" data-id=\"6a5a3d2b\" data-element_type=\"widget\" data-e-type=\"widget\" data-widget_type=\"heading.default\">\n\t\t\t\t<div class=\"elementor-widget-container\">\n\t\t\t\t\t<h5 class=\"elementor-heading-title elementor-size-default\">Social networks<\/h5>\t\t\t\t<\/div>\n\t\t\t\t<\/div>\n\t\t\t\t<div class=\"elementor-element elementor-element-253620f5 elementor-widget elementor-widget-text-editor\" data-id=\"253620f5\" data-element_type=\"widget\" data-e-type=\"widget\" data-widget_type=\"text-editor.default\">\n\t\t\t\t<div class=\"elementor-widget-container\">\n\t\t\t\t\t\t\t\t\t<p>We inform you that <strong>GEA<\/strong> It has a presence on social networks. The processing of data carried out on people who become followers on social networks (and\/or carry out any link or connection action through social networks) of the official pages of <strong>GEA<\/strong> will be governed by this section, as well as by those conditions of use, privacy policies and access regulations that belong to the social network in each case and that have been previously accepted by the user.\u00a0<\/p>\n<p><strong>GEA<\/strong> will process your data in order to correctly manage your presence on social networks, informing you of the provider's activities, products or services, as well as for any other purpose that social network regulations allow.<\/p>\n<p>The publication of content is prohibited:<\/p>\n<ul>\n<li>That are allegedly illicit by national, community or international regulations or that carry out activities that are allegedly illicit or contravene the principles of good faith.<\/li>\n<li>That violate the fundamental rights of people, lack courtesy on the Internet, annoy or may generate negative opinions to our users or third parties and, in general, any of the content that <strong>GEA<\/strong> consider inappropriate.<\/li>\n<li>And in general that contravene the principles of legality, honesty, responsibility, protection of human dignity, protection of minors, protection of public order, protection of private life, consumer protection and intellectual and industrial property rights.<\/li>\n<\/ul>\n<p>In addition, <strong>GEA<\/strong> reserves the right to remove, without prior notice from the website or the corporate social network, any content that is considered inappropriate.\u00a0<\/p>\n<p>Communications sent through social networks will be incorporated into a file owned by <strong>GEA<\/strong>, which will send you information of interest.<\/p>\n<p>Puede acceder a m\u00e1s informaci\u00f3n en esta pol\u00edtica de privacidad.<\/p>\n<p>In any case, if you send personal information through social networks, <strong>GEA<\/strong> will be exempt from any responsibility in relation to the security measures applicable to the platform in question, and, if the user wants to know them, they must consult the corresponding particular conditions of the network in question.\u00a0\u00a0<\/p>\t\t\t\t\t\t\t\t<\/div>\n\t\t\t\t<\/div>\n\t\t\t\t<div class=\"elementor-element elementor-element-5800629 elementor-widget elementor-widget-heading\" data-id=\"5800629\" data-element_type=\"widget\" data-e-type=\"widget\" data-widget_type=\"heading.default\">\n\t\t\t\t<div class=\"elementor-widget-container\">\n\t\t\t\t\t<h5 class=\"elementor-heading-title elementor-size-default\">Security measures<\/h5>\t\t\t\t<\/div>\n\t\t\t\t<\/div>\n\t\t\t\t<div class=\"elementor-element elementor-element-7562e29 elementor-widget elementor-widget-text-editor\" data-id=\"7562e29\" data-element_type=\"widget\" data-e-type=\"widget\" data-widget_type=\"text-editor.default\">\n\t\t\t\t<div class=\"elementor-widget-container\">\n\t\t\t\t\t\t\t\t\t<p>The data you provide us will be treated confidentially. The provider has adopted all the technical and organizational measures and all levels of protection necessary to guarantee security in the processing of data and prevent its alteration, loss, theft, unauthorized treatment or access, in accordance with the state of technology. and the nature of the data stored. Likewise, it is also guaranteed that the treatment and registration in files, programs, systems or local equipment and in centers comply with the integrity requirements and conditions established in current regulations.<\/p>\t\t\t\t\t\t\t\t<\/div>\n\t\t\t\t<\/div>\n\t\t\t\t<div class=\"elementor-element elementor-element-c0917df elementor-widget elementor-widget-heading\" data-id=\"c0917df\" data-element_type=\"widget\" data-e-type=\"widget\" data-widget_type=\"heading.default\">\n\t\t\t\t<div class=\"elementor-widget-container\">\n\t\t\t\t\t<h5 class=\"elementor-heading-title elementor-size-default\">Changes to the current privacy policy<\/h5>\t\t\t\t<\/div>\n\t\t\t\t<\/div>\n\t\t\t\t<div class=\"elementor-element elementor-element-75ff84b elementor-widget elementor-widget-text-editor\" data-id=\"75ff84b\" data-element_type=\"widget\" data-e-type=\"widget\" data-widget_type=\"text-editor.default\">\n\t\t\t\t<div class=\"elementor-widget-container\">\n\t\t\t\t\t\t\t\t\t<p><strong>GEA<\/strong> reserves the right to modify this policy to adapt it to legislative or jurisprudential developments.<\/p>\t\t\t\t\t\t\t\t<\/div>\n\t\t\t\t<\/div>\n\t\t\t\t<div class=\"elementor-element elementor-element-7822aae elementor-widget elementor-widget-heading\" data-id=\"7822aae\" data-element_type=\"widget\" data-e-type=\"widget\" data-widget_type=\"heading.default\">\n\t\t\t\t<div class=\"elementor-widget-container\">\n\t\t\t\t\t<h5 class=\"elementor-heading-title elementor-size-default\">Legislation<\/h5>\t\t\t\t<\/div>\n\t\t\t\t<\/div>\n\t\t\t\t<div class=\"elementor-element elementor-element-1efe444 elementor-widget elementor-widget-text-editor\" data-id=\"1efe444\" data-element_type=\"widget\" data-e-type=\"widget\" data-widget_type=\"text-editor.default\">\n\t\t\t\t<div class=\"elementor-widget-container\">\n\t\t\t\t\t\t\t\t\t<p>For all intents and purposes, the relationships <strong>GEA<\/strong> with the users of the telematic services of this website are subject to Spanish legislation and jurisdiction to which the parties expressly submit, and the Courts and Tribunals of Barcelona will be competent to resolve all conflicts arising from or related to its use.\u00a0<\/p>\t\t\t\t\t\t\t\t<\/div>\n\t\t\t\t<\/div>\n\t\t\t\t\t<\/div>\n\t\t<\/div>\n\t\t\t\t\t<\/div>\n\t\t<\/section>\n\t\t\t\t<\/div>","protected":false},"excerpt":{"rendered":"<p>Pol\u00edtica de privacidad Responsable del tratamiento Titular: ALWAYS DOIDEAS, S.L. (en adelante Gea) Domicilio social: Carrer Cobalto, 74, 08907 L&#8217;Hospitalet, BARCELONA NIF: B67338830 Direcci\u00f3n de correo electr\u00f3nico: josep.barrena@geabarcelona.com GEA, como responsable del sitio web, de conformidad con el Reglamento (UE) 2016\/679 de 27 de abril de 2016 (RGPD) relativo a la protecci\u00f3n de las personas [&hellip;]<\/p>\n","protected":false},"author":1,"featured_media":0,"parent":0,"menu_order":0,"comment_status":"closed","ping_status":"open","template":"elementor_header_footer","meta":{"footnotes":""},"class_list":["post-2447","page","type-page","status-publish","hentry"],"_links":{"self":[{"href":"https:\/\/geabarcelona.com\/en\/wp-json\/wp\/v2\/pages\/2447","targetHints":{"allow":["GET"]}}],"collection":[{"href":"https:\/\/geabarcelona.com\/en\/wp-json\/wp\/v2\/pages"}],"about":[{"href":"https:\/\/geabarcelona.com\/en\/wp-json\/wp\/v2\/types\/page"}],"author":[{"embeddable":true,"href":"https:\/\/geabarcelona.com\/en\/wp-json\/wp\/v2\/users\/1"}],"replies":[{"embeddable":true,"href":"https:\/\/geabarcelona.com\/en\/wp-json\/wp\/v2\/comments?post=2447"}],"version-history":[{"count":10,"href":"https:\/\/geabarcelona.com\/en\/wp-json\/wp\/v2\/pages\/2447\/revisions"}],"predecessor-version":[{"id":18919,"href":"https:\/\/geabarcelona.com\/en\/wp-json\/wp\/v2\/pages\/2447\/revisions\/18919"}],"wp:attachment":[{"href":"https:\/\/geabarcelona.com\/en\/wp-json\/wp\/v2\/media?parent=2447"}],"curies":[{"name":"wp","href":"https:\/\/api.w.org\/{rel}","templated":true}]}}