{"id":14245,"date":"2023-12-19T16:44:16","date_gmt":"2023-12-19T15:44:16","guid":{"rendered":"https:\/\/geabarcelona.com\/producto\/turmalina-negra-grande-en-bruto-con-base-metal\/"},"modified":"2025-12-11T11:39:15","modified_gmt":"2025-12-11T10:39:15","slug":"turmalina-negra-grande-en-bruto-con-base-metal","status":"publish","type":"product","link":"https:\/\/geabarcelona.com\/en\/product\/turmalina-negra-grande-en-bruto-con-base-metal\/","title":{"rendered":"ROUGH BLACK TOURMALINE WITH METAL BASE"},"content":{"rendered":"<p>Pieza natural de turmalina negra en estado bruto, montada sobre una base de metal resistente que realza su textura cruda y aut\u00e9ntica. Ideal para decoraci\u00f3n, protecci\u00f3n energ\u00e9tica y espacios con estilo r\u00fastico y moderno.<br \/>\nsale per kg.<\/p>","protected":false},"excerpt":{"rendered":"<p>Turmalina negra grande en bruto con base metal \/<\/p>","protected":false},"featured_media":18471,"template":"","meta":[],"product_brand":[],"product_cat":[153,149,147],"product_tag":[232],"class_list":{"0":"post-14245","1":"product","2":"type-product","3":"status-publish","4":"has-post-thumbnail","6":"product_cat-catalogo","7":"product_cat-decoracion-lamparas","8":"product_cat-terapias-hogar","9":"product_tag-turmalina","11":"first","12":"instock","13":"taxable","14":"shipping-taxable","15":"purchasable","16":"product-type-simple"},"_links":{"self":[{"href":"https:\/\/geabarcelona.com\/en\/wp-json\/wp\/v2\/product\/14245","targetHints":{"allow":["GET"]}}],"collection":[{"href":"https:\/\/geabarcelona.com\/en\/wp-json\/wp\/v2\/product"}],"about":[{"href":"https:\/\/geabarcelona.com\/en\/wp-json\/wp\/v2\/types\/product"}],"version-history":[{"count":2,"href":"https:\/\/geabarcelona.com\/en\/wp-json\/wp\/v2\/product\/14245\/revisions"}],"predecessor-version":[{"id":18472,"href":"https:\/\/geabarcelona.com\/en\/wp-json\/wp\/v2\/product\/14245\/revisions\/18472"}],"wp:featuredmedia":[{"embeddable":true,"href":"https:\/\/geabarcelona.com\/en\/wp-json\/wp\/v2\/media\/18471"}],"wp:attachment":[{"href":"https:\/\/geabarcelona.com\/en\/wp-json\/wp\/v2\/media?parent=14245"}],"wp:term":[{"taxonomy":"product_brand","embeddable":true,"href":"https:\/\/geabarcelona.com\/en\/wp-json\/wp\/v2\/product_brand?post=14245"},{"taxonomy":"product_cat","embeddable":true,"href":"https:\/\/geabarcelona.com\/en\/wp-json\/wp\/v2\/product_cat?post=14245"},{"taxonomy":"product_tag","embeddable":true,"href":"https:\/\/geabarcelona.com\/en\/wp-json\/wp\/v2\/product_tag?post=14245"}],"curies":[{"name":"wp","href":"https:\/\/api.w.org\/{rel}","templated":true}]}}