{"id":14263,"date":"2023-12-19T16:44:19","date_gmt":"2023-12-19T15:44:19","guid":{"rendered":"https:\/\/geabarcelona.com\/producto\/cuarzo-cristal-con-base-de-madera\/"},"modified":"2025-11-20T08:30:48","modified_gmt":"2025-11-20T07:30:48","slug":"cuarzo-cristal-con-base-de-madera","status":"publish","type":"product","link":"https:\/\/geabarcelona.com\/en\/product\/cuarzo-cristal-con-base-de-madera\/","title":{"rendered":"CUARZO CRISTAL CON BASE DE MADERA"},"content":{"rendered":"<p>Cuarzo crital montado sobre una base de madera  que realza su textura cruda y aut\u00e9ntica. Ideal para decoraci\u00f3n, protecci\u00f3n energ\u00e9tica y espacios con estilo r\u00fastico y moderno. venta por kg.\u00bb<\/p>","protected":false},"excerpt":{"rendered":"<p>Cristal de cuarzo con base de madera \/ 10-15cm<\/p>","protected":false},"featured_media":0,"template":"","meta":[],"product_brand":[],"product_cat":[153],"product_tag":[330],"class_list":{"0":"post-14263","1":"product","2":"type-product","3":"status-publish","5":"product_cat-catalogo","6":"product_tag-cuarzo","8":"first","9":"outofstock","10":"taxable","11":"shipping-taxable","12":"purchasable","13":"product-type-simple"},"_links":{"self":[{"href":"https:\/\/geabarcelona.com\/en\/wp-json\/wp\/v2\/product\/14263","targetHints":{"allow":["GET"]}}],"collection":[{"href":"https:\/\/geabarcelona.com\/en\/wp-json\/wp\/v2\/product"}],"about":[{"href":"https:\/\/geabarcelona.com\/en\/wp-json\/wp\/v2\/types\/product"}],"version-history":[{"count":2,"href":"https:\/\/geabarcelona.com\/en\/wp-json\/wp\/v2\/product\/14263\/revisions"}],"predecessor-version":[{"id":19016,"href":"https:\/\/geabarcelona.com\/en\/wp-json\/wp\/v2\/product\/14263\/revisions\/19016"}],"wp:attachment":[{"href":"https:\/\/geabarcelona.com\/en\/wp-json\/wp\/v2\/media?parent=14263"}],"wp:term":[{"taxonomy":"product_brand","embeddable":true,"href":"https:\/\/geabarcelona.com\/en\/wp-json\/wp\/v2\/product_brand?post=14263"},{"taxonomy":"product_cat","embeddable":true,"href":"https:\/\/geabarcelona.com\/en\/wp-json\/wp\/v2\/product_cat?post=14263"},{"taxonomy":"product_tag","embeddable":true,"href":"https:\/\/geabarcelona.com\/en\/wp-json\/wp\/v2\/product_tag?post=14263"}],"curies":[{"name":"wp","href":"https:\/\/api.w.org\/{rel}","templated":true}]}}