{"id":14291,"date":"2023-12-19T16:44:25","date_gmt":"2023-12-19T15:44:25","guid":{"rendered":"https:\/\/geabarcelona.com\/producto\/citrino-puntas-con-base-cortada\/"},"modified":"2025-12-10T18:18:07","modified_gmt":"2025-12-10T17:18:07","slug":"citrino-puntas-con-base-cortada","status":"publish","type":"product","link":"https:\/\/geabarcelona.com\/en\/product\/citrino-puntas-con-base-cortada\/","title":{"rendered":"CITRINO PUNTAS CON BASE CORTADA"},"content":{"rendered":"<p>Puntas naturales de citrino en bruto que conservan su forma y textura original. Sus tonos amarillos dorados brillan con luz propia, aportando energ\u00eda c\u00e1lida y vibrante. Ideales para decoraci\u00f3n, colecci\u00f3n o pr\u00e1cticas energ\u00e9ticas enfocadas en la vitalidad y la prosperidad.<br \/>\nsale per kg.<\/p>","protected":false},"excerpt":{"rendered":"<p>Puntas de citrino con base cortada \/<\/p>","protected":false},"featured_media":18454,"template":"","meta":[],"product_brand":[],"product_cat":[136],"product_tag":[224],"class_list":{"0":"post-14291","1":"product","2":"type-product","3":"status-publish","4":"has-post-thumbnail","6":"product_cat-piedras-gemas","7":"product_tag-citrino","9":"first","10":"instock","11":"taxable","12":"shipping-taxable","13":"purchasable","14":"product-type-simple"},"_links":{"self":[{"href":"https:\/\/geabarcelona.com\/en\/wp-json\/wp\/v2\/product\/14291","targetHints":{"allow":["GET"]}}],"collection":[{"href":"https:\/\/geabarcelona.com\/en\/wp-json\/wp\/v2\/product"}],"about":[{"href":"https:\/\/geabarcelona.com\/en\/wp-json\/wp\/v2\/types\/product"}],"version-history":[{"count":2,"href":"https:\/\/geabarcelona.com\/en\/wp-json\/wp\/v2\/product\/14291\/revisions"}],"predecessor-version":[{"id":18277,"href":"https:\/\/geabarcelona.com\/en\/wp-json\/wp\/v2\/product\/14291\/revisions\/18277"}],"wp:featuredmedia":[{"embeddable":true,"href":"https:\/\/geabarcelona.com\/en\/wp-json\/wp\/v2\/media\/18454"}],"wp:attachment":[{"href":"https:\/\/geabarcelona.com\/en\/wp-json\/wp\/v2\/media?parent=14291"}],"wp:term":[{"taxonomy":"product_brand","embeddable":true,"href":"https:\/\/geabarcelona.com\/en\/wp-json\/wp\/v2\/product_brand?post=14291"},{"taxonomy":"product_cat","embeddable":true,"href":"https:\/\/geabarcelona.com\/en\/wp-json\/wp\/v2\/product_cat?post=14291"},{"taxonomy":"product_tag","embeddable":true,"href":"https:\/\/geabarcelona.com\/en\/wp-json\/wp\/v2\/product_tag?post=14291"}],"curies":[{"name":"wp","href":"https:\/\/api.w.org\/{rel}","templated":true}]}}