{"id":14311,"date":"2023-12-19T16:44:28","date_gmt":"2023-12-19T15:44:28","guid":{"rendered":"https:\/\/geabarcelona.com\/producto\/lapislazuli-jabones\/"},"modified":"2025-11-20T08:35:36","modified_gmt":"2025-11-20T07:35:36","slug":"lapislazuli-jabones","status":"publish","type":"product","link":"https:\/\/geabarcelona.com\/en\/product\/lapislazuli-jabones\/","title":{"rendered":"LAPIS LAZULI SOAPS"},"content":{"rendered":"<p>Lapislazuli pulido forma jab\u00f3n, con colores y vetas naturales azuladas. Perfectas para decoraci\u00f3n, colecci\u00f3n o uso energ\u00e9tico. venta por kg.\u00bb<\/p>","protected":false},"excerpt":{"rendered":"<p>Jabones lapisl\u00e1zuli \/ 5-10cm<\/p>","protected":false},"featured_media":18481,"template":"","meta":[],"product_brand":[],"product_cat":[148],"product_tag":[335],"class_list":{"0":"post-14311","1":"product","2":"type-product","3":"status-publish","4":"has-post-thumbnail","6":"product_cat-pulido-formas","7":"product_tag-lapislazuli","9":"first","10":"instock","11":"taxable","12":"shipping-taxable","13":"purchasable","14":"product-type-simple"},"_links":{"self":[{"href":"https:\/\/geabarcelona.com\/en\/wp-json\/wp\/v2\/product\/14311","targetHints":{"allow":["GET"]}}],"collection":[{"href":"https:\/\/geabarcelona.com\/en\/wp-json\/wp\/v2\/product"}],"about":[{"href":"https:\/\/geabarcelona.com\/en\/wp-json\/wp\/v2\/types\/product"}],"version-history":[{"count":2,"href":"https:\/\/geabarcelona.com\/en\/wp-json\/wp\/v2\/product\/14311\/revisions"}],"predecessor-version":[{"id":19032,"href":"https:\/\/geabarcelona.com\/en\/wp-json\/wp\/v2\/product\/14311\/revisions\/19032"}],"wp:featuredmedia":[{"embeddable":true,"href":"https:\/\/geabarcelona.com\/en\/wp-json\/wp\/v2\/media\/18481"}],"wp:attachment":[{"href":"https:\/\/geabarcelona.com\/en\/wp-json\/wp\/v2\/media?parent=14311"}],"wp:term":[{"taxonomy":"product_brand","embeddable":true,"href":"https:\/\/geabarcelona.com\/en\/wp-json\/wp\/v2\/product_brand?post=14311"},{"taxonomy":"product_cat","embeddable":true,"href":"https:\/\/geabarcelona.com\/en\/wp-json\/wp\/v2\/product_cat?post=14311"},{"taxonomy":"product_tag","embeddable":true,"href":"https:\/\/geabarcelona.com\/en\/wp-json\/wp\/v2\/product_tag?post=14311"}],"curies":[{"name":"wp","href":"https:\/\/api.w.org\/{rel}","templated":true}]}}